{"id":68161,"date":"2024-05-06T10:39:14","date_gmt":"2024-05-06T13:39:14","guid":{"rendered":"https:\/\/kinsta.com\/pt\/?page_id=68161&#038;preview_id=68161"},"modified":"2026-01-30T09:46:16","modified_gmt":"2026-01-30T12:46:16","slug":"falar-com-vendas","status":"publish","type":"page","link":"https:\/\/kinsta.com\/pt\/falar-com-vendas\/","title":{"rendered":"Fale com o departamento de vendas"},"content":{"rendered":"\n<div class=\"wp-block-kinsta-columns is-vertical-top\">\n<div class=\"wp-block-kinsta-column wp-block-kinsta-columns__column\">\n<h1 class=\"wp-block-heading\" id=\"h-fale-com-o-departamento-de-vendas\">Fale com o departamento de vendas<\/h1>\n\n\n\n<p>Fale com um de nossos especialistas qualificados em hospedagem, com mais de 100 anos de experi\u00eancia combinada na ind\u00fastria. Informe-nos sobre suas necessidades de hospedagem e receba uma recomenda\u00e7\u00e3o personalizada para suas necessidades.<\/p>\n\n\n\n<p><strong>Saiba mais sobre:<\/strong><\/p>\n\n\n\n<ul class=\"wp-block-list\">\n<li>Processo de migra\u00e7\u00e3o da Kinsta<\/li>\n\n\n\n<li>Gerenciamento de sites WordPress e outros servi\u00e7os de hospedagem<\/li>\n\n\n\n<li>Colabora\u00e7\u00e3o em equipe no MyKinsta<\/li>\n\n\n\n<li>Monitoramento e an\u00e1lise<\/li>\n\n\n\n<li>Suporte especializado 24\/7\/365 da Kinsta<\/li>\n\n\n\n<li>Recursos (APM, backups, CDN, armazenamento em cache, ambiente de teste e muitos outros)<\/li>\n\n\n\n<li>Nosso processo de upgrade e downgrade sem interrup\u00e7\u00f5es<\/li>\n<\/ul>\n\n\n\n<aside class=\"wp-block-kinsta-sales-team\">\n    <ul class=\"sales-team-list\">\n        <li><img loading=\"lazy\" decoding=\"async\" src=\"https:\/\/kinsta.com\/pt\/wp-content\/themes\/kinsta\/images\/sales-team\/avatar1.png\" alt=\"Bence Farkas\" width=\"50\" height=\"50\" \/><\/li>\n        <li><img loading=\"lazy\" decoding=\"async\" src=\"https:\/\/kinsta.com\/pt\/wp-content\/themes\/kinsta\/images\/sales-team\/avatar2.png\" alt=\"Ella Mabrito\" width=\"50\" height=\"50\" \/><\/li>\n        <li><img loading=\"lazy\" decoding=\"async\" src=\"https:\/\/kinsta.com\/pt\/wp-content\/themes\/kinsta\/images\/sales-team\/avatar3.png\" alt=\"Christophe Asselin de Beauville\" width=\"50\" height=\"50\" \/><\/li>\n        <li><img loading=\"lazy\" decoding=\"async\" src=\"https:\/\/kinsta.com\/pt\/wp-content\/themes\/kinsta\/images\/sales-team\/avatar4.png\" alt=\"Megan Hall\" width=\"50\" height=\"50\" \/><\/li>\n    <\/ul>\n            <p>Nossos especialistas em vendas est\u00e3o prontos para responder a todas as suas perguntas.<\/p>\n    <\/aside>\n\n\n<\/div>\n\n\n\n<div class=\"wp-block-kinsta-column wp-block-kinsta-columns__column show-sm-up\">\n<figure class=\"wp-block-image size-full\"><img decoding=\"async\" width=\"2040\" height=\"2040\" loading=\"eager\" fetchpriority=\"high\" src=\"https:\/\/kinsta.com\/pt\/wp-content\/uploads\/sites\/3\/2026\/01\/PT_asset_talk-to-sales.png\" alt=\"Apresenta\u00e7\u00e3o de vendas com a equipe da Kinsta\" class=\"wp-image-74300\" srcset=\"https:\/\/kinsta.com\/pt\/wp-content\/uploads\/sites\/3\/2026\/01\/PT_asset_talk-to-sales.png 2040w, https:\/\/kinsta.com\/pt\/wp-content\/uploads\/sites\/3\/2026\/01\/PT_asset_talk-to-sales-300x300.png 300w, https:\/\/kinsta.com\/pt\/wp-content\/uploads\/sites\/3\/2026\/01\/PT_asset_talk-to-sales-1024x1024.png 1024w, https:\/\/kinsta.com\/pt\/wp-content\/uploads\/sites\/3\/2026\/01\/PT_asset_talk-to-sales-150x150.png 150w, https:\/\/kinsta.com\/pt\/wp-content\/uploads\/sites\/3\/2026\/01\/PT_asset_talk-to-sales-768x768.png 768w, https:\/\/kinsta.com\/pt\/wp-content\/uploads\/sites\/3\/2026\/01\/PT_asset_talk-to-sales-1536x1536.png 1536w\" sizes=\"(max-width: 2040px) 100vw, 2040px\" \/><\/figure>\n<\/div>\n<\/div>\n\n\n\n<div style=\"height:50px\" aria-hidden=\"true\" class=\"wp-block-spacer\"><\/div>\n\n\n\n<div class=\"wp-block-kinsta-columns is-vertical-top\">\n<div class=\"wp-block-kinsta-column wp-block-kinsta-columns__column\">\n<div class=\"wp-block-kinsta-tabs is-style-pricing\"><div class=\"wp-block-kinsta-tabs__nav\"><ul><li><a id=\"book-a-call-tab\" href=\"#book-a-call\" class=\"wp-block-kinsta-tabs__tab\"><img decoding=\"async\" alt loading=\"lazy\" class=\"wp-block-kinsta-tabs__tab__icon\" src=\"\/wp-content\/themes\/kinsta\/images\/duos\/small\/star.svg\" aria-hidden=\"true\" width=\"40\" height=\"40\"><span class=\"wp-block-kinsta-tabs__tab__title tab__title_long\">Agendar uma chamada<\/span><\/a><\/li><li><a id=\"message-us-tab\" href=\"#message-us\" class=\"wp-block-kinsta-tabs__tab\"><img decoding=\"async\" alt loading=\"lazy\" class=\"wp-block-kinsta-tabs__tab__icon\" src=\"\/wp-content\/themes\/kinsta\/images\/duos\/small\/star.svg\" aria-hidden=\"true\" width=\"40\" height=\"40\"><span class=\"wp-block-kinsta-tabs__tab__title tab__title_long\">Envie-nos uma mensagem<\/span><\/a><\/li><\/ul><\/div><div class=\"wp-block-kinsta-tabs__container\">\n<div class=\"wp-block-kinsta-tabs-tab wp-block-kinsta-tabs__content\" id=\"book-a-call\">\n<h3 class=\"wp-block-heading\" id=\"h-\"><\/h3>\n\n\n\n<div data-interface=\"Appointment\"><\/div>\n<\/div>\n\n\n\n<div class=\"wp-block-kinsta-tabs-tab wp-block-kinsta-tabs__content\" id=\"message-us\">\n<h3 class=\"wp-block-heading\" id=\"h-\"><\/h3>\n\n\n\n<div data-interface=\"Message\"><\/div>\n<\/div>\n<\/div><\/div>\n<\/div>\n\n\n\n<div class=\"wp-block-kinsta-column wp-block-kinsta-columns__column\">\n<h2 class=\"wp-block-heading\" id=\"h-faq\">FAQ:<\/h2>\n\n\n\n<div class=\"wp-block-kinsta-accordion\">\n<details class=\"wp-block-kinsta-accordion-item wp-block-kinsta-accordion__item\"><summary class=\"wp-block-kinsta-accordion__title\">Vou sofrer press\u00e3o para contratar?<\/summary>\n<p>De forma alguma. Nossa equipe est\u00e1 aqui para orient\u00e1-lo a encontrar a melhor solu\u00e7\u00e3o, e n\u00e3o para pression\u00e1-lo a contratar. N\u00e3o h\u00e1 nenhum compromisso envolvido.<\/p>\n<\/details>\n\n\n\n<details class=\"wp-block-kinsta-accordion-item wp-block-kinsta-accordion__item\"><summary class=\"wp-block-kinsta-accordion__title\">Preciso ser t\u00e9cnico para participar da chamada?<\/summary>\n<p>Voc\u00ea n\u00e3o precisa. Ficamos felizes em discutir tanto o lado empresarial quanto os detalhes t\u00e9cnicos. Informe suas prefer\u00eancias e nos prepararemos de acordo.<\/p>\n<\/details>\n\n\n\n<details class=\"wp-block-kinsta-accordion-item wp-block-kinsta-accordion__item\"><summary class=\"wp-block-kinsta-accordion__title\">Devo preparar meu site para a migra\u00e7\u00e3o agora mesmo?<\/summary>\n<p>De forma alguma. Estamos felizes em ajudar com migra\u00e7\u00f5es de alta prioridade, claro, mas tamb\u00e9m estamos \u00e0 disposi\u00e7\u00e3o para brainstorming em projetos futuros.<\/p>\n<\/details>\n\n\n\n<details class=\"wp-block-kinsta-accordion-item wp-block-kinsta-accordion__item\"><summary class=\"wp-block-kinsta-accordion__title\">Voc\u00ea tamb\u00e9m pode ajudar com projetos que n\u00e3o sejam do WordPress?<\/summary>\n<p>Voc\u00ea est\u00e1 usando outros frameworks al\u00e9m do WordPress ou n\u00e3o est\u00e1 usando o WordPress de forma alguma? Estamos felizes em ajudar tamb\u00e9m! Informe-nos em sua mensagem, e garantiremos que voc\u00ea seja conectado aos especialistas certos.<\/p>\n<\/details>\n\n\n\n<details class=\"wp-block-kinsta-accordion-item wp-block-kinsta-accordion__item\"><summary class=\"wp-block-kinsta-accordion__title\">Esse ser\u00e1 um discurso de vendas padronizado?<\/summary>\n<p>Voc\u00ea pode definir o cronograma conforme sua prefer\u00eancia. Quer ouvir nossa apresenta\u00e7\u00e3o? Estamos felizes em fornec\u00ea-la. Quer apenas fazer um brainstorm sobre um projeto? Sinta-se \u00e0 vontade para discutir algumas ideias. Tem muitas perguntas que precisa responder? Estamos aqui para voc\u00ea.<\/p>\n<\/details>\n\n\n\n<details class=\"wp-block-kinsta-accordion-item wp-block-kinsta-accordion__item\"><summary class=\"wp-block-kinsta-accordion__title\">Posso receber uma cota\u00e7\u00e3o logo ap\u00f3s a liga\u00e7\u00e3o?<\/summary>\n<p>Estamos felizes em compartilhar nossas recomenda\u00e7\u00f5es e um or\u00e7amento personalizado com voc\u00ea. Por favor, prepare e compartilhe as m\u00e9tricas do seu site durante a liga\u00e7\u00e3o para que possamos fazer a oferta mais precisa, adaptada para voc\u00ea.<\/p>\n<\/details>\n<\/div>\n<\/div>\n<\/div>\n\n\n\n<div style=\"height:50px\" aria-hidden=\"true\" class=\"wp-block-spacer\"><\/div>\n\n\n\n<p class=\"has-text-align-center\">Contamos com a confian\u00e7a de mais de 230.000 empresas e marcas em todo o mundo<\/p>\n\n\n<div class=\"wp-block-kinsta-template-part--client-logos wp-block-kinsta-template-part--client-logos--scrolling alignwide alignwide wp-block-kinsta-template-part\" ><div class=\"logos is-scrolling\" style=\"\n    --logos-count: 10;\n    --logos-individual-max-width: 200px;\n    --logos-height: 50px;\n    --logos-width-total: 1169.848349038;\n;\">\n    <div class=\"logos__inner\">\n                    <img decoding=\"async\"  src=\"https:\/\/kinsta.com\/pt\/wp-content\/themes\/kinsta\/images\/components\/client-logos\/ia-expert-academy.webp?v=2026-02-23\" width=\"313\" height=\"75\" alt=\"IA Expert Academy Logo da empresa\" loading=\"lazy\" class=\"logos__logo\" \/>\n                    <img decoding=\"async\"  src=\"https:\/\/kinsta.com\/pt\/wp-content\/themes\/kinsta\/images\/components\/client-logos\/nasa.svg?v=2026-02-23\" width=\"62\" height=\"51\" alt=\"NASA Logo da empresa\" loading=\"lazy\" class=\"logos__logo logos__logo--has-shades\" \/>\n                    <img decoding=\"async\"  src=\"https:\/\/kinsta.com\/pt\/wp-content\/themes\/kinsta\/images\/components\/client-logos\/kopke.webp?v=2026-02-23\" width=\"350\" height=\"344\" alt=\"Kopke Logo da empresa\" loading=\"lazy\" class=\"logos__logo\" \/>\n                    <img decoding=\"async\"  src=\"https:\/\/kinsta.com\/pt\/wp-content\/themes\/kinsta\/images\/components\/client-logos\/vverner.svg?v=2026-02-23\" width=\"200\" height=\"200\" alt=\"V-verner Logo da empresa\" loading=\"lazy\" class=\"logos__logo\" \/>\n                    <img decoding=\"async\"  src=\"https:\/\/kinsta.com\/pt\/wp-content\/themes\/kinsta\/images\/components\/client-logos\/ftd.webp?v=2026-02-23\" width=\"554\" height=\"346\" alt=\"FTD Logo da empresa\" loading=\"lazy\" class=\"logos__logo\" \/>\n                    <img decoding=\"async\"  src=\"https:\/\/kinsta.com\/pt\/wp-content\/themes\/kinsta\/images\/components\/client-logos\/kaksi-media.webp?v=2026-02-23\" width=\"267\" height=\"192\" alt=\"Kaksi Media Logo da empresa\" loading=\"lazy\" class=\"logos__logo\" \/>\n                    <img decoding=\"async\"  src=\"https:\/\/kinsta.com\/pt\/wp-content\/themes\/kinsta\/images\/components\/client-logos\/zapay.webp?v=2026-02-23\" width=\"425\" height=\"150\" alt=\"Zapay Logo da empresa\" loading=\"lazy\" class=\"logos__logo\" \/>\n                    <img decoding=\"async\"  src=\"https:\/\/kinsta.com\/pt\/wp-content\/themes\/kinsta\/images\/components\/client-logos\/tripadvisor.svg?v=2026-02-23\" width=\"275\" height=\"50\" alt=\"TripAdvisor Logo da empresa\" loading=\"lazy\" class=\"logos__logo\" \/>\n                    <img decoding=\"async\"  src=\"https:\/\/kinsta.com\/pt\/wp-content\/themes\/kinsta\/images\/components\/client-logos\/novu.png?v=2026-02-23\" width=\"282\" height=\"87\" alt=\"Novu Logo da empresa\" loading=\"lazy\" class=\"logos__logo\" \/>\n                    <img decoding=\"async\"  src=\"https:\/\/kinsta.com\/pt\/wp-content\/themes\/kinsta\/images\/components\/client-logos\/centro-de-defensa.webp?v=2026-02-23\" width=\"350\" height=\"113\" alt=\"Centro de Defensa Logo da empresa\" loading=\"lazy\" class=\"logos__logo\" \/>\n            <\/div>\n<\/div>\n<\/div>\n\n\n<p><\/p>\n","protected":false},"excerpt":{"rendered":"<p>Contamos com a confian\u00e7a de mais de empresas e marcas em todo o mundo<\/p>\n","protected":false},"author":187,"featured_media":0,"parent":0,"menu_order":0,"comment_status":"closed","ping_status":"closed","template":"templates\/template-full-width.php","meta":{"_kinsta_gated_content":false,"_kinsta_gated_content_redirect":"","footnotes":""},"class_list":["post-68161","page","type-page","status-publish","hentry"],"yoast_head":"<!-- This site is optimized with the Yoast SEO Premium plugin v24.6 (Yoast SEO v24.6) - https:\/\/yoast.com\/wordpress\/plugins\/seo\/ -->\n<title>Fale com o departamento de vendas - Kinsta\u00ae<\/title>\n<meta name=\"description\" content=\"Conselhos especializados em hospedagem de WordPress personalizados para voc\u00ea. Beneficie-se de mais de 100 anos de experi\u00eancia, suporte 24\/7 e migra\u00e7\u00e3o sem complica\u00e7\u00f5es.\" \/>\n<meta name=\"robots\" content=\"index, follow, max-snippet:-1, max-image-preview:large, max-video-preview:-1\" \/>\n<link rel=\"canonical\" href=\"https:\/\/kinsta.com\/pt\/falar-com-vendas\/\" \/>\n<meta property=\"og:locale\" content=\"pt_PT\" \/>\n<meta property=\"og:type\" content=\"article\" \/>\n<meta property=\"og:title\" content=\"Fale com o departamento de vendas\" \/>\n<meta property=\"og:description\" content=\"Conselhos especializados em hospedagem de WordPress personalizados para voc\u00ea. Beneficie-se de mais de 100 anos de experi\u00eancia, suporte 24\/7 e migra\u00e7\u00e3o sem complica\u00e7\u00f5es.\" \/>\n<meta property=\"og:url\" content=\"https:\/\/kinsta.com\/pt\/falar-com-vendas\/\" \/>\n<meta property=\"og:site_name\" content=\"Kinsta\u00ae\" \/>\n<meta property=\"article:publisher\" content=\"https:\/\/www.facebook.com\/kinstapt\/\" \/>\n<meta property=\"article:modified_time\" content=\"2026-01-30T12:46:16+00:00\" \/>\n<meta property=\"og:image\" content=\"https:\/\/kinsta.com\/pt\/wp-content\/uploads\/sites\/3\/2026\/01\/PT_asset_talk-to-sales.png\" \/>\n<meta name=\"twitter:card\" content=\"summary_large_image\" \/>\n<meta name=\"twitter:description\" content=\"Conselhos especializados em hospedagem de WordPress personalizados para voc\u00ea. Beneficie-se de mais de 100 anos de experi\u00eancia, suporte 24\/7 e migra\u00e7\u00e3o sem complica\u00e7\u00f5es.\" \/>\n<meta name=\"twitter:image\" content=\"https:\/\/kinsta.com\/pt\/wp-content\/uploads\/sites\/3\/2023\/12\/kinsta-homepage-pt.png\" \/>\n<meta name=\"twitter:site\" content=\"@kinsta_pt\" \/>\n<meta name=\"twitter:label1\" content=\"Tempo estimado de leitura\" \/>\n\t<meta name=\"twitter:data1\" content=\"2 minutos\" \/>\n<script type=\"application\/ld+json\" class=\"yoast-schema-graph\">{\"@context\":\"https:\/\/schema.org\",\"@graph\":[{\"@type\":\"WebPage\",\"@id\":\"https:\/\/kinsta.com\/pt\/falar-com-vendas\/\",\"url\":\"https:\/\/kinsta.com\/pt\/falar-com-vendas\/\",\"name\":\"Fale com o departamento de vendas - Kinsta\u00ae\",\"isPartOf\":{\"@id\":\"https:\/\/kinsta.com\/pt\/#website\"},\"primaryImageOfPage\":{\"@id\":\"https:\/\/kinsta.com\/pt\/falar-com-vendas\/#primaryimage\"},\"image\":{\"@id\":\"https:\/\/kinsta.com\/pt\/falar-com-vendas\/#primaryimage\"},\"thumbnailUrl\":\"https:\/\/kinsta.com\/pt\/wp-content\/uploads\/sites\/3\/2026\/01\/PT_asset_talk-to-sales.png\",\"datePublished\":\"2024-05-06T13:39:14+00:00\",\"dateModified\":\"2026-01-30T12:46:16+00:00\",\"description\":\"Conselhos especializados em hospedagem de WordPress personalizados para voc\u00ea. Beneficie-se de mais de 100 anos de experi\u00eancia, suporte 24\/7 e migra\u00e7\u00e3o sem complica\u00e7\u00f5es.\",\"breadcrumb\":{\"@id\":\"https:\/\/kinsta.com\/pt\/falar-com-vendas\/#breadcrumb\"},\"inLanguage\":\"pt-PT\",\"potentialAction\":[{\"@type\":\"ReadAction\",\"target\":[\"https:\/\/kinsta.com\/pt\/falar-com-vendas\/\"]}]},{\"@type\":\"ImageObject\",\"inLanguage\":\"pt-PT\",\"@id\":\"https:\/\/kinsta.com\/pt\/falar-com-vendas\/#primaryimage\",\"url\":\"https:\/\/kinsta.com\/pt\/wp-content\/uploads\/sites\/3\/2026\/01\/PT_asset_talk-to-sales.png\",\"contentUrl\":\"https:\/\/kinsta.com\/pt\/wp-content\/uploads\/sites\/3\/2026\/01\/PT_asset_talk-to-sales.png\",\"width\":2040,\"height\":2040},{\"@type\":\"BreadcrumbList\",\"@id\":\"https:\/\/kinsta.com\/pt\/falar-com-vendas\/#breadcrumb\",\"itemListElement\":[{\"@type\":\"ListItem\",\"position\":1,\"name\":\"Home\",\"item\":\"https:\/\/kinsta.com\/pt\/\"},{\"@type\":\"ListItem\",\"position\":2,\"name\":\"Fale com o departamento de vendas\"}]},{\"@type\":\"WebSite\",\"@id\":\"https:\/\/kinsta.com\/pt\/#website\",\"url\":\"https:\/\/kinsta.com\/pt\/\",\"name\":\"Kinsta\u00ae\",\"description\":\"Solu\u00e7\u00f5es de hospedagem Premium, r\u00e1pida e segura\",\"publisher\":{\"@id\":\"https:\/\/kinsta.com\/pt\/#organization\"},\"potentialAction\":[{\"@type\":\"SearchAction\",\"target\":{\"@type\":\"EntryPoint\",\"urlTemplate\":\"https:\/\/kinsta.com\/pt\/?s={search_term_string}\"},\"query-input\":{\"@type\":\"PropertyValueSpecification\",\"valueRequired\":true,\"valueName\":\"search_term_string\"}}],\"inLanguage\":\"pt-PT\"},{\"@type\":\"Organization\",\"@id\":\"https:\/\/kinsta.com\/pt\/#organization\",\"name\":\"Kinsta\",\"url\":\"https:\/\/kinsta.com\/pt\/\",\"logo\":{\"@type\":\"ImageObject\",\"inLanguage\":\"pt-PT\",\"@id\":\"https:\/\/kinsta.com\/pt\/#\/schema\/logo\/image\/\",\"url\":\"https:\/\/kinsta.com\/pt\/wp-content\/uploads\/sites\/3\/2023\/12\/kinsta-logo.jpeg\",\"contentUrl\":\"https:\/\/kinsta.com\/pt\/wp-content\/uploads\/sites\/3\/2023\/12\/kinsta-logo.jpeg\",\"width\":500,\"height\":500,\"caption\":\"Kinsta\"},\"image\":{\"@id\":\"https:\/\/kinsta.com\/pt\/#\/schema\/logo\/image\/\"},\"sameAs\":[\"https:\/\/www.facebook.com\/kinstapt\/\",\"https:\/\/x.com\/kinsta_pt\",\"https:\/\/www.instagram.com\/kinstahosting\/\",\"https:\/\/www.linkedin.com\/company\/kinsta\/\",\"https:\/\/www.pinterest.com\/kinstahosting\/\",\"https:\/\/www.youtube.com\/c\/Kinsta\"]}]}<\/script>\n<!-- \/ Yoast SEO Premium plugin. -->","yoast_head_json":{"title":"Fale com o departamento de vendas - Kinsta\u00ae","description":"Conselhos especializados em hospedagem de WordPress personalizados para voc\u00ea. Beneficie-se de mais de 100 anos de experi\u00eancia, suporte 24\/7 e migra\u00e7\u00e3o sem complica\u00e7\u00f5es.","robots":{"index":"index","follow":"follow","max-snippet":"max-snippet:-1","max-image-preview":"max-image-preview:large","max-video-preview":"max-video-preview:-1"},"canonical":"https:\/\/kinsta.com\/pt\/falar-com-vendas\/","og_locale":"pt_PT","og_type":"article","og_title":"Fale com o departamento de vendas","og_description":"Conselhos especializados em hospedagem de WordPress personalizados para voc\u00ea. Beneficie-se de mais de 100 anos de experi\u00eancia, suporte 24\/7 e migra\u00e7\u00e3o sem complica\u00e7\u00f5es.","og_url":"https:\/\/kinsta.com\/pt\/falar-com-vendas\/","og_site_name":"Kinsta\u00ae","article_publisher":"https:\/\/www.facebook.com\/kinstapt\/","article_modified_time":"2026-01-30T12:46:16+00:00","og_image":[{"url":"https:\/\/kinsta.com\/pt\/wp-content\/uploads\/sites\/3\/2026\/01\/PT_asset_talk-to-sales.png","type":"","width":"","height":""}],"twitter_card":"summary_large_image","twitter_description":"Conselhos especializados em hospedagem de WordPress personalizados para voc\u00ea. Beneficie-se de mais de 100 anos de experi\u00eancia, suporte 24\/7 e migra\u00e7\u00e3o sem complica\u00e7\u00f5es.","twitter_image":"https:\/\/kinsta.com\/pt\/wp-content\/uploads\/sites\/3\/2023\/12\/kinsta-homepage-pt.png","twitter_site":"@kinsta_pt","twitter_misc":{"Tempo estimado de leitura":"2 minutos"},"schema":{"@context":"https:\/\/schema.org","@graph":[{"@type":"WebPage","@id":"https:\/\/kinsta.com\/pt\/falar-com-vendas\/","url":"https:\/\/kinsta.com\/pt\/falar-com-vendas\/","name":"Fale com o departamento de vendas - Kinsta\u00ae","isPartOf":{"@id":"https:\/\/kinsta.com\/pt\/#website"},"primaryImageOfPage":{"@id":"https:\/\/kinsta.com\/pt\/falar-com-vendas\/#primaryimage"},"image":{"@id":"https:\/\/kinsta.com\/pt\/falar-com-vendas\/#primaryimage"},"thumbnailUrl":"https:\/\/kinsta.com\/pt\/wp-content\/uploads\/sites\/3\/2026\/01\/PT_asset_talk-to-sales.png","datePublished":"2024-05-06T13:39:14+00:00","dateModified":"2026-01-30T12:46:16+00:00","description":"Conselhos especializados em hospedagem de WordPress personalizados para voc\u00ea. Beneficie-se de mais de 100 anos de experi\u00eancia, suporte 24\/7 e migra\u00e7\u00e3o sem complica\u00e7\u00f5es.","breadcrumb":{"@id":"https:\/\/kinsta.com\/pt\/falar-com-vendas\/#breadcrumb"},"inLanguage":"pt-PT","potentialAction":[{"@type":"ReadAction","target":["https:\/\/kinsta.com\/pt\/falar-com-vendas\/"]}]},{"@type":"ImageObject","inLanguage":"pt-PT","@id":"https:\/\/kinsta.com\/pt\/falar-com-vendas\/#primaryimage","url":"https:\/\/kinsta.com\/pt\/wp-content\/uploads\/sites\/3\/2026\/01\/PT_asset_talk-to-sales.png","contentUrl":"https:\/\/kinsta.com\/pt\/wp-content\/uploads\/sites\/3\/2026\/01\/PT_asset_talk-to-sales.png","width":2040,"height":2040},{"@type":"BreadcrumbList","@id":"https:\/\/kinsta.com\/pt\/falar-com-vendas\/#breadcrumb","itemListElement":[{"@type":"ListItem","position":1,"name":"Home","item":"https:\/\/kinsta.com\/pt\/"},{"@type":"ListItem","position":2,"name":"Fale com o departamento de vendas"}]},{"@type":"WebSite","@id":"https:\/\/kinsta.com\/pt\/#website","url":"https:\/\/kinsta.com\/pt\/","name":"Kinsta\u00ae","description":"Solu\u00e7\u00f5es de hospedagem Premium, r\u00e1pida e segura","publisher":{"@id":"https:\/\/kinsta.com\/pt\/#organization"},"potentialAction":[{"@type":"SearchAction","target":{"@type":"EntryPoint","urlTemplate":"https:\/\/kinsta.com\/pt\/?s={search_term_string}"},"query-input":{"@type":"PropertyValueSpecification","valueRequired":true,"valueName":"search_term_string"}}],"inLanguage":"pt-PT"},{"@type":"Organization","@id":"https:\/\/kinsta.com\/pt\/#organization","name":"Kinsta","url":"https:\/\/kinsta.com\/pt\/","logo":{"@type":"ImageObject","inLanguage":"pt-PT","@id":"https:\/\/kinsta.com\/pt\/#\/schema\/logo\/image\/","url":"https:\/\/kinsta.com\/pt\/wp-content\/uploads\/sites\/3\/2023\/12\/kinsta-logo.jpeg","contentUrl":"https:\/\/kinsta.com\/pt\/wp-content\/uploads\/sites\/3\/2023\/12\/kinsta-logo.jpeg","width":500,"height":500,"caption":"Kinsta"},"image":{"@id":"https:\/\/kinsta.com\/pt\/#\/schema\/logo\/image\/"},"sameAs":["https:\/\/www.facebook.com\/kinstapt\/","https:\/\/x.com\/kinsta_pt","https:\/\/www.instagram.com\/kinstahosting\/","https:\/\/www.linkedin.com\/company\/kinsta\/","https:\/\/www.pinterest.com\/kinstahosting\/","https:\/\/www.youtube.com\/c\/Kinsta"]}]}},"acf":[],"_links":{"self":[{"href":"https:\/\/kinsta.com\/pt\/wp-json\/wp\/v2\/pages\/68161","targetHints":{"allow":["GET"]}}],"collection":[{"href":"https:\/\/kinsta.com\/pt\/wp-json\/wp\/v2\/pages"}],"about":[{"href":"https:\/\/kinsta.com\/pt\/wp-json\/wp\/v2\/types\/page"}],"author":[{"embeddable":true,"href":"https:\/\/kinsta.com\/pt\/wp-json\/wp\/v2\/users\/187"}],"replies":[{"embeddable":true,"href":"https:\/\/kinsta.com\/pt\/wp-json\/wp\/v2\/comments?post=68161"}],"version-history":[{"count":3,"href":"https:\/\/kinsta.com\/pt\/wp-json\/wp\/v2\/pages\/68161\/revisions"}],"predecessor-version":[{"id":74301,"href":"https:\/\/kinsta.com\/pt\/wp-json\/wp\/v2\/pages\/68161\/revisions\/74301"}],"alternate":[{"embeddable":true,"hreflang":"en","title":"English","href":"https:\/\/kinsta.com\/pt\/wp-json\/kinsta\/v1\/posts\/68161\/translations\/en"},{"embeddable":true,"hreflang":"it","title":"Italian","href":"https:\/\/kinsta.com\/pt\/wp-json\/kinsta\/v1\/posts\/68161\/translations\/it"},{"embeddable":true,"hreflang":"pt","title":"Portuguese","href":"https:\/\/kinsta.com\/pt\/wp-json\/kinsta\/v1\/posts\/68161\/translations\/pt"},{"embeddable":true,"hreflang":"fr","title":"French","href":"https:\/\/kinsta.com\/pt\/wp-json\/kinsta\/v1\/posts\/68161\/translations\/fr"},{"embeddable":true,"hreflang":"de","title":"German","href":"https:\/\/kinsta.com\/pt\/wp-json\/kinsta\/v1\/posts\/68161\/translations\/de"},{"embeddable":true,"hreflang":"ja","title":"Japanese","href":"https:\/\/kinsta.com\/pt\/wp-json\/kinsta\/v1\/posts\/68161\/translations\/jp"},{"embeddable":true,"hreflang":"nl","title":"Dutch","href":"https:\/\/kinsta.com\/pt\/wp-json\/kinsta\/v1\/posts\/68161\/translations\/nl"},{"embeddable":true,"hreflang":"es","title":"Spanish","href":"https:\/\/kinsta.com\/pt\/wp-json\/kinsta\/v1\/posts\/68161\/translations\/es"},{"embeddable":true,"hreflang":"sv","title":"Swedish","href":"https:\/\/kinsta.com\/pt\/wp-json\/kinsta\/v1\/posts\/68161\/translations\/se"},{"embeddable":true,"hreflang":"da","title":"Danish","href":"https:\/\/kinsta.com\/pt\/wp-json\/kinsta\/v1\/posts\/68161\/translations\/dk"},{"href":"https:\/\/kinsta.com\/pt\/wp-json\/kinsta\/v1\/posts\/68161\/tree"}],"wp:attachment":[{"href":"https:\/\/kinsta.com\/pt\/wp-json\/wp\/v2\/media?parent=68161"}],"curies":[{"name":"wp","href":"https:\/\/api.w.org\/{rel}","templated":true}]}}