{"id":14515,"date":"2017-11-03T09:16:56","date_gmt":"2017-11-03T16:16:56","guid":{"rendered":"https:\/\/kinsta.com\/?page_id=14515"},"modified":"2022-09-01T16:17:05","modified_gmt":"2022-09-01T16:17:05","slug":"resurser","status":"publish","type":"page","link":"https:\/\/kinsta.com\/se\/resurser\/","title":{"rendered":"Resurscenter"},"content":{"rendered":"","protected":false},"excerpt":{"rendered":"","protected":false},"author":18,"featured_media":45436,"parent":0,"menu_order":0,"comment_status":"closed","ping_status":"closed","template":"templates\/builtin\/resources.php","meta":{"_kinsta_gated_content":false,"_kinsta_gated_content_redirect":"","footnotes":""},"class_list":["post-14515","page","type-page","status-publish","has-post-thumbnail","hentry"],"yoast_head":"<!-- This site is optimized with the Yoast SEO Premium plugin v24.6 (Yoast SEO v24.6) - https:\/\/yoast.com\/wordpress\/plugins\/seo\/ -->\n<title>Resurser - Kinsta<\/title>\n<meta name=\"description\" content=\"F\u00e5 snabb tillg\u00e5ng till alla WordPress resurser p\u00e5 Kinsta inklusive kunskapsbas-artiklar, ing\u00e5ende l\u00e4r-dig-hur guider och senaste fr\u00e5n v\u00e5r blogg.\" \/>\n<meta name=\"robots\" content=\"index, follow, max-snippet:-1, max-image-preview:large, max-video-preview:-1\" \/>\n<link rel=\"canonical\" href=\"https:\/\/kinsta.com\/se\/resurser\/\" \/>\n<meta property=\"og:locale\" content=\"sv_SE\" \/>\n<meta property=\"og:type\" content=\"article\" \/>\n<meta property=\"og:title\" content=\"Resurscenter\" \/>\n<meta property=\"og:description\" content=\"F\u00e5 snabb tillg\u00e5ng till alla WordPress resurser p\u00e5 Kinsta inklusive kunskapsbas-artiklar, ing\u00e5ende l\u00e4r-dig-hur guider och senaste fr\u00e5n v\u00e5r blogg.\" \/>\n<meta property=\"og:url\" content=\"https:\/\/kinsta.com\/se\/resurser\/\" \/>\n<meta property=\"og:site_name\" content=\"Kinsta\u00ae\" \/>\n<meta property=\"article:publisher\" content=\"https:\/\/www.facebook.com\/kinstasweden\/\" \/>\n<meta property=\"article:modified_time\" content=\"2022-09-01T16:17:05+00:00\" \/>\n<meta property=\"og:image\" content=\"https:\/\/kinsta.com\/se\/wp-content\/uploads\/sites\/9\/2022\/09\/kinsta-resurscenter.png\" \/>\n\t<meta property=\"og:image:width\" content=\"1200\" \/>\n\t<meta property=\"og:image:height\" content=\"628\" \/>\n\t<meta property=\"og:image:type\" content=\"image\/png\" \/>\n<meta name=\"twitter:card\" content=\"summary_large_image\" \/>\n<meta name=\"twitter:description\" content=\"F\u00e5 snabb tillg\u00e5ng till alla WordPress resurser p\u00e5 Kinsta inklusive kunskapsbas-artiklar, ing\u00e5ende l\u00e4r-dig-hur guider och senaste fr\u00e5n v\u00e5r blogg.\" \/>\n<meta name=\"twitter:image\" content=\"https:\/\/kinsta.com\/se\/wp-content\/uploads\/sites\/9\/2022\/09\/kinsta-resurscenter.png\" \/>\n<meta name=\"twitter:site\" content=\"@kinsta_se\" \/>\n<script type=\"application\/ld+json\" class=\"yoast-schema-graph\">{\"@context\":\"https:\/\/schema.org\",\"@graph\":[{\"@type\":\"WebPage\",\"@id\":\"https:\/\/kinsta.com\/se\/resurser\/\",\"url\":\"https:\/\/kinsta.com\/se\/resurser\/\",\"name\":\"Resurser - Kinsta\",\"isPartOf\":{\"@id\":\"https:\/\/kinsta.com\/se\/#website\"},\"primaryImageOfPage\":{\"@id\":\"https:\/\/kinsta.com\/se\/resurser\/#primaryimage\"},\"image\":{\"@id\":\"https:\/\/kinsta.com\/se\/resurser\/#primaryimage\"},\"thumbnailUrl\":\"https:\/\/kinsta.com\/se\/wp-content\/uploads\/sites\/9\/2022\/09\/kinsta-resurscenter.png\",\"datePublished\":\"2017-11-03T16:16:56+00:00\",\"dateModified\":\"2022-09-01T16:17:05+00:00\",\"description\":\"F\u00e5 snabb tillg\u00e5ng till alla WordPress resurser p\u00e5 Kinsta inklusive kunskapsbas-artiklar, ing\u00e5ende l\u00e4r-dig-hur guider och senaste fr\u00e5n v\u00e5r blogg.\",\"breadcrumb\":{\"@id\":\"https:\/\/kinsta.com\/se\/resurser\/#breadcrumb\"},\"inLanguage\":\"sv-SE\",\"potentialAction\":[{\"@type\":\"ReadAction\",\"target\":[\"https:\/\/kinsta.com\/se\/resurser\/\"]}]},{\"@type\":\"ImageObject\",\"inLanguage\":\"sv-SE\",\"@id\":\"https:\/\/kinsta.com\/se\/resurser\/#primaryimage\",\"url\":\"https:\/\/kinsta.com\/se\/wp-content\/uploads\/sites\/9\/2022\/09\/kinsta-resurscenter.png\",\"contentUrl\":\"https:\/\/kinsta.com\/se\/wp-content\/uploads\/sites\/9\/2022\/09\/kinsta-resurscenter.png\",\"width\":1200,\"height\":628,\"caption\":\"Kinsta Resurscenter\"},{\"@type\":\"BreadcrumbList\",\"@id\":\"https:\/\/kinsta.com\/se\/resurser\/#breadcrumb\",\"itemListElement\":[{\"@type\":\"ListItem\",\"position\":1,\"name\":\"Home\",\"item\":\"https:\/\/kinsta.com\/se\/\"},{\"@type\":\"ListItem\",\"position\":2,\"name\":\"Resurscenter\"}]},{\"@type\":\"WebSite\",\"@id\":\"https:\/\/kinsta.com\/se\/#website\",\"url\":\"https:\/\/kinsta.com\/se\/\",\"name\":\"Kinsta\u00ae\",\"description\":\"Snabba, s\u00e4kra, premium hosting-l\u00f6sningar\",\"publisher\":{\"@id\":\"https:\/\/kinsta.com\/se\/#organization\"},\"potentialAction\":[{\"@type\":\"SearchAction\",\"target\":{\"@type\":\"EntryPoint\",\"urlTemplate\":\"https:\/\/kinsta.com\/se\/?s={search_term_string}\"},\"query-input\":{\"@type\":\"PropertyValueSpecification\",\"valueRequired\":true,\"valueName\":\"search_term_string\"}}],\"inLanguage\":\"sv-SE\"},{\"@type\":\"Organization\",\"@id\":\"https:\/\/kinsta.com\/se\/#organization\",\"name\":\"Kinsta\",\"url\":\"https:\/\/kinsta.com\/se\/\",\"logo\":{\"@type\":\"ImageObject\",\"inLanguage\":\"sv-SE\",\"@id\":\"https:\/\/kinsta.com\/se\/#\/schema\/logo\/image\/\",\"url\":\"https:\/\/kinsta.com\/se\/wp-content\/uploads\/sites\/9\/2023\/12\/kinsta-logo.jpeg\",\"contentUrl\":\"https:\/\/kinsta.com\/se\/wp-content\/uploads\/sites\/9\/2023\/12\/kinsta-logo.jpeg\",\"width\":500,\"height\":500,\"caption\":\"Kinsta\"},\"image\":{\"@id\":\"https:\/\/kinsta.com\/se\/#\/schema\/logo\/image\/\"},\"sameAs\":[\"https:\/\/www.facebook.com\/kinstasweden\/\",\"https:\/\/x.com\/kinsta_se\",\"https:\/\/www.instagram.com\/kinstahosting\/\",\"https:\/\/www.linkedin.com\/company\/kinsta\/\",\"https:\/\/www.pinterest.com\/kinstahosting\/\",\"https:\/\/www.youtube.com\/c\/Kinsta\"]}]}<\/script>\n<!-- \/ Yoast SEO Premium plugin. -->","yoast_head_json":{"title":"Resurser - Kinsta","description":"F\u00e5 snabb tillg\u00e5ng till alla WordPress resurser p\u00e5 Kinsta inklusive kunskapsbas-artiklar, ing\u00e5ende l\u00e4r-dig-hur guider och senaste fr\u00e5n v\u00e5r blogg.","robots":{"index":"index","follow":"follow","max-snippet":"max-snippet:-1","max-image-preview":"max-image-preview:large","max-video-preview":"max-video-preview:-1"},"canonical":"https:\/\/kinsta.com\/se\/resurser\/","og_locale":"sv_SE","og_type":"article","og_title":"Resurscenter","og_description":"F\u00e5 snabb tillg\u00e5ng till alla WordPress resurser p\u00e5 Kinsta inklusive kunskapsbas-artiklar, ing\u00e5ende l\u00e4r-dig-hur guider och senaste fr\u00e5n v\u00e5r blogg.","og_url":"https:\/\/kinsta.com\/se\/resurser\/","og_site_name":"Kinsta\u00ae","article_publisher":"https:\/\/www.facebook.com\/kinstasweden\/","article_modified_time":"2022-09-01T16:17:05+00:00","og_image":[{"width":1200,"height":628,"url":"https:\/\/kinsta.com\/se\/wp-content\/uploads\/sites\/9\/2022\/09\/kinsta-resurscenter.png","type":"image\/png"}],"twitter_card":"summary_large_image","twitter_description":"F\u00e5 snabb tillg\u00e5ng till alla WordPress resurser p\u00e5 Kinsta inklusive kunskapsbas-artiklar, ing\u00e5ende l\u00e4r-dig-hur guider och senaste fr\u00e5n v\u00e5r blogg.","twitter_image":"https:\/\/kinsta.com\/se\/wp-content\/uploads\/sites\/9\/2022\/09\/kinsta-resurscenter.png","twitter_site":"@kinsta_se","schema":{"@context":"https:\/\/schema.org","@graph":[{"@type":"WebPage","@id":"https:\/\/kinsta.com\/se\/resurser\/","url":"https:\/\/kinsta.com\/se\/resurser\/","name":"Resurser - Kinsta","isPartOf":{"@id":"https:\/\/kinsta.com\/se\/#website"},"primaryImageOfPage":{"@id":"https:\/\/kinsta.com\/se\/resurser\/#primaryimage"},"image":{"@id":"https:\/\/kinsta.com\/se\/resurser\/#primaryimage"},"thumbnailUrl":"https:\/\/kinsta.com\/se\/wp-content\/uploads\/sites\/9\/2022\/09\/kinsta-resurscenter.png","datePublished":"2017-11-03T16:16:56+00:00","dateModified":"2022-09-01T16:17:05+00:00","description":"F\u00e5 snabb tillg\u00e5ng till alla WordPress resurser p\u00e5 Kinsta inklusive kunskapsbas-artiklar, ing\u00e5ende l\u00e4r-dig-hur guider och senaste fr\u00e5n v\u00e5r blogg.","breadcrumb":{"@id":"https:\/\/kinsta.com\/se\/resurser\/#breadcrumb"},"inLanguage":"sv-SE","potentialAction":[{"@type":"ReadAction","target":["https:\/\/kinsta.com\/se\/resurser\/"]}]},{"@type":"ImageObject","inLanguage":"sv-SE","@id":"https:\/\/kinsta.com\/se\/resurser\/#primaryimage","url":"https:\/\/kinsta.com\/se\/wp-content\/uploads\/sites\/9\/2022\/09\/kinsta-resurscenter.png","contentUrl":"https:\/\/kinsta.com\/se\/wp-content\/uploads\/sites\/9\/2022\/09\/kinsta-resurscenter.png","width":1200,"height":628,"caption":"Kinsta Resurscenter"},{"@type":"BreadcrumbList","@id":"https:\/\/kinsta.com\/se\/resurser\/#breadcrumb","itemListElement":[{"@type":"ListItem","position":1,"name":"Home","item":"https:\/\/kinsta.com\/se\/"},{"@type":"ListItem","position":2,"name":"Resurscenter"}]},{"@type":"WebSite","@id":"https:\/\/kinsta.com\/se\/#website","url":"https:\/\/kinsta.com\/se\/","name":"Kinsta\u00ae","description":"Snabba, s\u00e4kra, premium hosting-l\u00f6sningar","publisher":{"@id":"https:\/\/kinsta.com\/se\/#organization"},"potentialAction":[{"@type":"SearchAction","target":{"@type":"EntryPoint","urlTemplate":"https:\/\/kinsta.com\/se\/?s={search_term_string}"},"query-input":{"@type":"PropertyValueSpecification","valueRequired":true,"valueName":"search_term_string"}}],"inLanguage":"sv-SE"},{"@type":"Organization","@id":"https:\/\/kinsta.com\/se\/#organization","name":"Kinsta","url":"https:\/\/kinsta.com\/se\/","logo":{"@type":"ImageObject","inLanguage":"sv-SE","@id":"https:\/\/kinsta.com\/se\/#\/schema\/logo\/image\/","url":"https:\/\/kinsta.com\/se\/wp-content\/uploads\/sites\/9\/2023\/12\/kinsta-logo.jpeg","contentUrl":"https:\/\/kinsta.com\/se\/wp-content\/uploads\/sites\/9\/2023\/12\/kinsta-logo.jpeg","width":500,"height":500,"caption":"Kinsta"},"image":{"@id":"https:\/\/kinsta.com\/se\/#\/schema\/logo\/image\/"},"sameAs":["https:\/\/www.facebook.com\/kinstasweden\/","https:\/\/x.com\/kinsta_se","https:\/\/www.instagram.com\/kinstahosting\/","https:\/\/www.linkedin.com\/company\/kinsta\/","https:\/\/www.pinterest.com\/kinstahosting\/","https:\/\/www.youtube.com\/c\/Kinsta"]}]}},"acf":[],"_links":{"self":[{"href":"https:\/\/kinsta.com\/se\/wp-json\/wp\/v2\/pages\/14515","targetHints":{"allow":["GET"]}}],"collection":[{"href":"https:\/\/kinsta.com\/se\/wp-json\/wp\/v2\/pages"}],"about":[{"href":"https:\/\/kinsta.com\/se\/wp-json\/wp\/v2\/types\/page"}],"author":[{"embeddable":true,"href":"https:\/\/kinsta.com\/se\/wp-json\/wp\/v2\/users\/18"}],"replies":[{"embeddable":true,"href":"https:\/\/kinsta.com\/se\/wp-json\/wp\/v2\/comments?post=14515"}],"version-history":[{"count":3,"href":"https:\/\/kinsta.com\/se\/wp-json\/wp\/v2\/pages\/14515\/revisions"}],"predecessor-version":[{"id":29049,"href":"https:\/\/kinsta.com\/se\/wp-json\/wp\/v2\/pages\/14515\/revisions\/29049"}],"alternate":[{"embeddable":true,"hreflang":"en","title":"English","href":"https:\/\/kinsta.com\/se\/wp-json\/kinsta\/v1\/posts\/14515\/translations\/en"},{"embeddable":true,"hreflang":"es","title":"Spanish","href":"https:\/\/kinsta.com\/se\/wp-json\/kinsta\/v1\/posts\/14515\/translations\/es"},{"embeddable":true,"hreflang":"it","title":"Italian","href":"https:\/\/kinsta.com\/se\/wp-json\/kinsta\/v1\/posts\/14515\/translations\/it"},{"embeddable":true,"hreflang":"fr","title":"French","href":"https:\/\/kinsta.com\/se\/wp-json\/kinsta\/v1\/posts\/14515\/translations\/fr"},{"embeddable":true,"hreflang":"de","title":"German","href":"https:\/\/kinsta.com\/se\/wp-json\/kinsta\/v1\/posts\/14515\/translations\/de"},{"embeddable":true,"hreflang":"pt","title":"Portuguese","href":"https:\/\/kinsta.com\/se\/wp-json\/kinsta\/v1\/posts\/14515\/translations\/pt"},{"embeddable":true,"hreflang":"nl","title":"Dutch","href":"https:\/\/kinsta.com\/se\/wp-json\/kinsta\/v1\/posts\/14515\/translations\/nl"},{"embeddable":true,"hreflang":"sv","title":"Swedish","href":"https:\/\/kinsta.com\/se\/wp-json\/kinsta\/v1\/posts\/14515\/translations\/se"},{"embeddable":true,"hreflang":"ja","title":"Japanese","href":"https:\/\/kinsta.com\/se\/wp-json\/kinsta\/v1\/posts\/14515\/translations\/jp"},{"embeddable":true,"hreflang":"da","title":"Danish","href":"https:\/\/kinsta.com\/se\/wp-json\/kinsta\/v1\/posts\/14515\/translations\/dk"},{"href":"https:\/\/kinsta.com\/se\/wp-json\/kinsta\/v1\/posts\/14515\/tree"}],"wp:featuredmedia":[{"embeddable":true,"href":"https:\/\/kinsta.com\/se\/wp-json\/wp\/v2\/media\/45436"}],"wp:attachment":[{"href":"https:\/\/kinsta.com\/se\/wp-json\/wp\/v2\/media?parent=14515"}],"curies":[{"name":"wp","href":"https:\/\/api.w.org\/{rel}","templated":true}]}}