{"id":38127,"date":"2021-01-16T04:00:41","date_gmt":"2021-01-16T12:00:41","guid":{"rendered":"https:\/\/kinsta.com\/?page_id=85392"},"modified":"2025-05-21T16:25:23","modified_gmt":"2025-05-21T16:25:23","slug":"funktioner","status":"publish","type":"page","link":"https:\/\/kinsta.com\/se\/devkinsta\/funktioner\/","title":{"rendered":"DevKinsta Funktioner"},"content":{"rendered":"\n<header class=\"wp-block-kinsta-hero-title is-style-center-screenshot alignfull\"><div class=\"wp-block-kinsta-hero-title__inner\">\n<div class=\"wp-block-kinsta-columns is-vertical-center\">\n<div class=\"wp-block-kinsta-column wp-block-kinsta-columns__column\">\n<div class=\"wp-block-kinsta-hero-title-content wp-block-kinsta-hero-title__content\"><h1 class=\"wp-block-kinsta-hero-title__title\"><span class=\"wp-block-kinsta-hero-title__title__text\">DevKinsta Funktioner<\/span><\/h1>\n<p>DevKinsta \u00e4r en kostnadsfri svit av lokala utvecklingsverktyg f\u00f6r skapande, testande och distribution av WordPress-webbplatser p\u00e5 n\u00e5gra minuter. F\u00f6r n\u00e4rvarande \u00e4r DevKinsta tillg\u00e4ngligt f\u00f6r macOS, Windows och Ubuntu.<\/p>\n\n\n\n<div class=\"wp-block-kinsta-buttons alignleft\">\n\n<\/div>\n<\/div>\n<\/div>\n\n\n\n<div class=\"wp-block-kinsta-column wp-block-kinsta-columns__column\">\n<div class=\"wp-block-kinsta-hero-title-secondary wp-block-kinsta-hero-title__secondary\">\n<div class=\"wp-block-kinsta-illustration alignwide\"><img decoding=\"async\" alt=\"DevKinsta Features\" src=\"https:\/\/kinsta.com\/wp-content\/uploads\/2020\/12\/devkinsta-features-hero.svg\" class=\"wp-block-kinsta-illustration__image\"><\/div>\n<\/div>\n<\/div>\n<\/div>\n<\/div><\/header>\n\n\n\n<h2 class=\"wp-block-heading has-text-align-center\" id=\"h-skapande-av-webbplatser-med-ett-klick-och-lokal-utveckling\">Skapande av webbplatser med ett klick och lokal utveckling<\/h2>\n\n\n\n<p class=\"has-text-align-center\">Skapa lokala WordPress-webbplatser med ett enda klick, och b\u00f6rja utveckla (n\u00e4stan) direkt. Varje webbplats som du skapar konfigureras automatiskt med Nginx, PHP och MySQL. DevKinsta levereras \u00e4ven med st\u00f6d f\u00f6r WordPress Multisidor samt kraftfulla databas- och e-posthanteringsverktyg. Allt f\u00f6r att effektivisera ditt arbetsfl\u00f6de f\u00f6r lokal utveckling.<\/p>\n\n\n\n<div class=\"wp-block-kinsta-buttons aligncenter\">\n<a class=\"wp-block-kinsta-button is-style-inline\" href=\"https:\/\/kinsta.com\/docs\/devkinsta\/creating-a-site\/\">L\u00e4s mer om skapandet av webbplatser<\/a>\n<\/div>\n\n\n\n<div class=\"wp-block-kinsta-feature-boxes wp-block-kinsta-feature-boxes--4\">\n<div class=\"wp-block-kinsta-feature-boxes-box wp-block-kinsta-feature-boxes__box\">\n<div class=\"wp-block-kinsta-illustration aligncenter\"><img decoding=\"async\" alt=\"Database management\" src=\"https:\/\/kinsta.com\/wp-content\/uploads\/2020\/12\/devkinsta-features-database-picto.svg\" class=\"wp-block-kinsta-illustration__image\"><\/div>\n\n\n\n<h3 class=\"wp-block-heading\" id=\"h-databashantering\">Databashantering<\/h3>\n\n\n\n<p>DevKinsta anv\u00e4nder Adminer, ett l\u00e4ttviktigt verktyg med \u00f6ppen k\u00e4llkod f\u00f6r hantering av databaser. Med Adminer kan du enkelt redigera dina databastabeller, importera och exportera s\u00e4kerhetskopior, k\u00f6ra SQL-s\u00f6kfr\u00e5gor och mycket mer.<\/p>\n\n\n\n<div class=\"wp-block-kinsta-buttons aligncenter\">\n<a class=\"wp-block-kinsta-button is-style-inline\" href=\"https:\/\/kinsta.com\/docs\/devkinsta\/devkinsta-database\/database-manager\/\">Mer om Databashanteraren<\/a>\n<\/div>\n<\/div>\n\n\n\n<div class=\"wp-block-kinsta-feature-boxes-box wp-block-kinsta-feature-boxes__box\">\n<div class=\"wp-block-kinsta-illustration aligncenter\"><img decoding=\"async\" alt=\"Work with HTTPS locally\" src=\"https:\/\/kinsta.com\/wp-content\/uploads\/2020\/12\/devkinsta-features-https-picto.svg\" class=\"wp-block-kinsta-illustration__image\"><\/div>\n\n\n\n<h3 class=\"wp-block-heading\" id=\"h-arbeta-med-https-lokalt\">Arbeta med HTTPS lokalt<\/h3>\n\n\n\n<p>66% av alla sidladdningar anv\u00e4nder HTTPS. Med DevKinsta\u00b4s HTTPS-support kan du testa och bygga din WordPress-webbplats med s\u00e4kerhet i \u00e5tanke.<\/p>\n\n\n\n<div class=\"wp-block-kinsta-buttons aligncenter\">\n<a class=\"wp-block-kinsta-button is-style-inline\" href=\"https:\/\/kinsta.com\/docs\/devkinsta\/devkinsta-site-management\/#the-site-info-page\">L\u00e4s mer<\/a>\n<\/div>\n<\/div>\n\n\n\n<div class=\"wp-block-kinsta-feature-boxes-box wp-block-kinsta-feature-boxes__box\">\n<div class=\"wp-block-kinsta-illustration aligncenter\"><img decoding=\"async\" alt=\"Built-in email testing\" src=\"https:\/\/kinsta.com\/wp-content\/uploads\/2020\/12\/devkinsta-features-email-picto.svg\" class=\"wp-block-kinsta-illustration__image\"><\/div>\n\n\n\n<h3 class=\"wp-block-heading\" id=\"h-inbyggd-e-posttestning\">Inbyggd e-posttestning<\/h3>\n\n\n\n<p>DevKinsta levereras med en kraftfull SMTP-server och e-postinkorg som g\u00f6r att du kan analysera och fels\u00f6ka utg\u00e5ende e-postmeddelanden fr\u00e5n dina lokala WordPress-webbplatser.<\/p>\n\n\n\n<div class=\"wp-block-kinsta-buttons aligncenter\">\n<a class=\"wp-block-kinsta-button is-style-inline\" href=\"https:\/\/kinsta.com\/docs\/devkinsta\/devkinsta-site-management\/email-inbox\/\">Mer om e-mail test<\/a>\n<\/div>\n<\/div>\n\n\n\n<div class=\"wp-block-kinsta-feature-boxes-box wp-block-kinsta-feature-boxes__box\">\n<div class=\"wp-block-kinsta-illustration aligncenter\"><img decoding=\"async\" alt=\"WordPress error logging\" src=\"https:\/\/kinsta.com\/wp-content\/uploads\/2020\/12\/devkinsta-features-logging.svg\" class=\"wp-block-kinsta-illustration__image\"><\/div>\n\n\n\n<h3 class=\"wp-block-heading\" id=\"h-wordpress-felloggning\">WordPress-felloggning<\/h3>\n\n\n\n<p>Fels\u00f6k din webbplats PHP-fel med DevKinsta\u00b4s inbyggda WP_DEBUG- funktion.<\/p>\n\n\n\n<div class=\"wp-block-kinsta-buttons aligncenter\">\n<a class=\"wp-block-kinsta-button is-style-inline\" href=\"https:\/\/kinsta.com\/docs\/devkinsta\/devkinsta-troubleshooting\/logging\/\">Mer om felloggning<\/a>\n<\/div>\n<\/div>\n<\/div>\n\n\n\n<div class=\"wp-block-group devkinsta-features-cta has-secondary-background-color has-background is-layout-constrained wp-block-group-is-layout-constrained\">\n<h2 class=\"wp-block-heading has-text-align-center\" id=\"h-prova-devkinsta-idag\">Prova DevKinsta idag!<\/h2>\n\n\n\n<div class=\"wp-block-kinsta-buttons aligncenter\">\n<a class=\"wp-block-kinsta-button\" href=\"https:\/\/kinsta.com\/se\/devkinsta\/download\/\">Ladda ner nu<\/a>\n<\/div>\n<\/div>\n\n\n\n<figure class=\"wp-block-image aligncenter size-large is-resized is-style-plain\"><img decoding=\"async\" src=\"https:\/\/kinsta.com\/se\/wp-content\/uploads\/sites\/9\/2021\/08\/devkinsta-features-deploy.svg\" alt class=\"wp-image-40273\" style=\"width:445px;height:318px\"><\/figure>\n\n\n\n<h2 class=\"wp-block-heading has-text-align-center\" id=\"h-distribuera-globalt\">Distribuera globalt<\/h2>\n\n\n\n<p>V\u00e4lj ett av Kinstas 27 tillg\u00e4ngliga datacenter runt om i v\u00e4rlden. S\u00f6ml\u00f6s integrering med Kinsta\u00b4s tj\u00e4nster. \u00a0<\/p>\n\n\n\n<div class=\"wp-block-kinsta-buttons aligncenter\">\n<a class=\"wp-block-kinsta-button is-style-inline\" href=\"https:\/\/kinsta.com\/se\/priser\/\">Mer om Hosting-planerna<\/a>\n<\/div>\n\n\n\n<div class=\"wp-block-kinsta-feature-boxes wp-block-kinsta-feature-boxes--3\">\n<div class=\"wp-block-kinsta-feature-boxes-box wp-block-kinsta-feature-boxes__box\">\n<div class=\"wp-block-kinsta-illustration aligncenter\"><img decoding=\"async\" alt=\"DevKinsta available in 10 languages\" src=\"https:\/\/kinsta.com\/wp-content\/uploads\/2020\/12\/devkinsta-features-languages-picto.svg\" class=\"wp-block-kinsta-illustration__image\"><\/div>\n\n\n\n<h3 class=\"wp-block-heading\" id=\"h-finns-pa-10-sprak\">Finns p\u00e5 10 spr\u00e5k<\/h3>\n\n\n\n<p>DevKinsta har spr\u00e5kst\u00f6d f\u00f6r engelska, italienska, portugisiska, franska, tyska, japanska, nederl\u00e4ndska, spanska, svenska, och danska.<\/p>\n<\/div>\n\n\n\n<div class=\"wp-block-kinsta-feature-boxes-box wp-block-kinsta-feature-boxes__box\">\n<div class=\"wp-block-kinsta-illustration aligncenter\"><img decoding=\"async\" alt=\"PHP version switching in DevKinsta\" src=\"https:\/\/kinsta.com\/wp-content\/uploads\/2020\/12\/devkinsta-features-version-switching-picto.svg\" class=\"wp-block-kinsta-illustration__image\"><\/div>\n\n\n\n<h3 class=\"wp-block-heading\" id=\"h-byte-av-php-version\">Byte av PHP-version<\/h3>\n\n\n\n<p>Det finns st\u00f6d f\u00f6r PHP 7.2, 7.3, 7.4, 8.0, 8.1, och 8.2. Testa din webbplats mot de senaste versionerna av PHP med ett enda klick.<\/p>\n<\/div>\n\n\n\n<div class=\"wp-block-kinsta-feature-boxes-box wp-block-kinsta-feature-boxes__box\">\n<div class=\"wp-block-kinsta-illustration aligncenter\"><img decoding=\"async\" alt=\"DevKinsta automatic updates\" src=\"https:\/\/kinsta.com\/wp-content\/uploads\/2020\/12\/devkinsta-features-updates-picto.svg\" class=\"wp-block-kinsta-illustration__image\"><\/div>\n\n\n\n<h3 class=\"wp-block-heading\" id=\"h-automatiska-uppdateringar\">Automatiska uppdateringar<\/h3>\n\n\n\n<p>DevKinsta st\u00f6der automatiska uppdateringar, s\u00e5 att du alltid har de senaste funktionerna som effektiviserar ditt arbetsfl\u00f6de f\u00f6r lokal utveckling.<\/p>\n<\/div>\n<\/div>\n\n\n\n<div class=\"wp-block-group devkinsta-footer-cta has-primary-background-color has-background is-layout-constrained wp-block-group-is-layout-constrained\">\n<h2 class=\"wp-block-heading has-text-align-center\" id=\"h-prova-devkinsta-idag-0\">Prova DevKinsta idag!<\/h2>\n\n\n\n<div class=\"wp-block-kinsta-buttons aligncenter\">\n<a class=\"wp-block-kinsta-button\" href=\"https:\/\/kinsta.com\/se\/devkinsta\/download\/\">Ladda ner DevKinsta<\/a>\n<\/div>\n<\/div>\n","protected":false},"excerpt":{"rendered":"<p>Skapande av webbplatser med ett klick och lokal utveckling Skapa lokala WordPress-webbplatser med ett enda klick, och b\u00f6rja utveckla (n\u00e4stan) direkt. Varje webbplats som du skapar &#8230;<\/p>\n","protected":false},"author":115,"featured_media":38130,"parent":38133,"menu_order":0,"comment_status":"closed","ping_status":"closed","template":"templates\/page\/devkinsta.php","meta":{"_kinsta_gated_content":false,"_kinsta_gated_content_redirect":"","footnotes":""},"class_list":["post-38127","page","type-page","status-publish","has-post-thumbnail","hentry"],"yoast_head":"<!-- This site is optimized with the Yoast SEO Premium plugin v24.6 (Yoast SEO v24.6) - https:\/\/yoast.com\/wordpress\/plugins\/seo\/ -->\n<title>DevKinsta Funktioner<\/title>\n<meta name=\"description\" content=\"L\u00e4r dig mer om DevKinstas funktioner inklusive sajtskapande med bara ett klick, databashantering, v\u00e4xling av PHP-version, st\u00f6d f\u00f6r flerspr\u00e5k och mer!\" \/>\n<meta name=\"robots\" content=\"index, follow, max-snippet:-1, max-image-preview:large, max-video-preview:-1\" \/>\n<link rel=\"canonical\" href=\"https:\/\/kinsta.com\/se\/devkinsta\/funktioner\/\" \/>\n<meta property=\"og:locale\" content=\"sv_SE\" \/>\n<meta property=\"og:type\" content=\"article\" \/>\n<meta property=\"og:title\" content=\"DevKinsta Funktioner\" \/>\n<meta property=\"og:description\" content=\"L\u00e4r dig mer om DevKinstas funktioner inklusive sajtskapande med bara ett klick, databashantering, v\u00e4xling av PHP-version, st\u00f6d f\u00f6r flerspr\u00e5k och mer!\" \/>\n<meta property=\"og:url\" content=\"https:\/\/kinsta.com\/se\/devkinsta\/funktioner\/\" \/>\n<meta property=\"og:site_name\" content=\"Kinsta\u00ae\" \/>\n<meta property=\"article:publisher\" content=\"https:\/\/www.facebook.com\/kinstasweden\/\" \/>\n<meta property=\"article:modified_time\" content=\"2025-05-21T16:25:23+00:00\" \/>\n<meta property=\"og:image\" content=\"https:\/\/kinsta.com\/se\/wp-content\/uploads\/sites\/9\/2025\/01\/SE-Homepage-featured-image-1024x536.png\" \/>\n\t<meta property=\"og:image:width\" content=\"1024\" \/>\n\t<meta property=\"og:image:height\" content=\"536\" \/>\n\t<meta property=\"og:image:type\" content=\"image\/png\" \/>\n<meta name=\"twitter:card\" content=\"summary_large_image\" \/>\n<meta name=\"twitter:description\" content=\"L\u00e4r dig mer om DevKinstas funktioner inklusive sajtskapande med bara ett klick, databashantering, v\u00e4xling av PHP-version, st\u00f6d f\u00f6r flerspr\u00e5k och mer!\" \/>\n<meta name=\"twitter:image\" content=\"https:\/\/kinsta.com\/wp-content\/uploads\/2021\/01\/devkinsta-featured-image.jpg\" \/>\n<meta name=\"twitter:site\" content=\"@kinsta_se\" \/>\n<meta name=\"twitter:label1\" content=\"Ber\u00e4knad l\u00e4stid\" \/>\n\t<meta name=\"twitter:data1\" content=\"4 minuter\" \/>\n<script type=\"application\/ld+json\" class=\"yoast-schema-graph\">{\"@context\":\"https:\/\/schema.org\",\"@graph\":[{\"@type\":\"WebPage\",\"@id\":\"https:\/\/kinsta.com\/se\/devkinsta\/funktioner\/\",\"url\":\"https:\/\/kinsta.com\/se\/devkinsta\/funktioner\/\",\"name\":\"DevKinsta Funktioner\",\"isPartOf\":{\"@id\":\"https:\/\/kinsta.com\/se\/#website\"},\"primaryImageOfPage\":{\"@id\":\"https:\/\/kinsta.com\/se\/devkinsta\/funktioner\/#primaryimage\"},\"image\":{\"@id\":\"https:\/\/kinsta.com\/se\/devkinsta\/funktioner\/#primaryimage\"},\"thumbnailUrl\":\"https:\/\/kinsta.com\/se\/wp-content\/uploads\/sites\/9\/2021\/01\/devkinsta.jpg\",\"datePublished\":\"2021-01-16T12:00:41+00:00\",\"dateModified\":\"2025-05-21T16:25:23+00:00\",\"description\":\"L\u00e4r dig mer om DevKinstas funktioner inklusive sajtskapande med bara ett klick, databashantering, v\u00e4xling av PHP-version, st\u00f6d f\u00f6r flerspr\u00e5k och mer!\",\"breadcrumb\":{\"@id\":\"https:\/\/kinsta.com\/se\/devkinsta\/funktioner\/#breadcrumb\"},\"inLanguage\":\"sv-SE\",\"potentialAction\":[{\"@type\":\"ReadAction\",\"target\":[\"https:\/\/kinsta.com\/se\/devkinsta\/funktioner\/\"]}]},{\"@type\":\"ImageObject\",\"inLanguage\":\"sv-SE\",\"@id\":\"https:\/\/kinsta.com\/se\/devkinsta\/funktioner\/#primaryimage\",\"url\":\"https:\/\/kinsta.com\/se\/wp-content\/uploads\/sites\/9\/2021\/01\/devkinsta.jpg\",\"contentUrl\":\"https:\/\/kinsta.com\/se\/wp-content\/uploads\/sites\/9\/2021\/01\/devkinsta.jpg\",\"width\":1200,\"height\":628,\"caption\":\"devkinsta\"},{\"@type\":\"BreadcrumbList\",\"@id\":\"https:\/\/kinsta.com\/se\/devkinsta\/funktioner\/#breadcrumb\",\"itemListElement\":[{\"@type\":\"ListItem\",\"position\":1,\"name\":\"Home\",\"item\":\"https:\/\/kinsta.com\/se\/\"},{\"@type\":\"ListItem\",\"position\":2,\"name\":\"Din kostnadsfria svit f\u00f6r lokal utveckling p\u00e5 WordPress\",\"item\":\"https:\/\/kinsta.com\/se\/devkinsta\/\"},{\"@type\":\"ListItem\",\"position\":3,\"name\":\"DevKinsta Funktioner\"}]},{\"@type\":\"WebSite\",\"@id\":\"https:\/\/kinsta.com\/se\/#website\",\"url\":\"https:\/\/kinsta.com\/se\/\",\"name\":\"Kinsta\u00ae\",\"description\":\"Snabba, s\u00e4kra, premium hosting-l\u00f6sningar\",\"publisher\":{\"@id\":\"https:\/\/kinsta.com\/se\/#organization\"},\"potentialAction\":[{\"@type\":\"SearchAction\",\"target\":{\"@type\":\"EntryPoint\",\"urlTemplate\":\"https:\/\/kinsta.com\/se\/?s={search_term_string}\"},\"query-input\":{\"@type\":\"PropertyValueSpecification\",\"valueRequired\":true,\"valueName\":\"search_term_string\"}}],\"inLanguage\":\"sv-SE\"},{\"@type\":\"Organization\",\"@id\":\"https:\/\/kinsta.com\/se\/#organization\",\"name\":\"Kinsta\",\"url\":\"https:\/\/kinsta.com\/se\/\",\"logo\":{\"@type\":\"ImageObject\",\"inLanguage\":\"sv-SE\",\"@id\":\"https:\/\/kinsta.com\/se\/#\/schema\/logo\/image\/\",\"url\":\"https:\/\/kinsta.com\/se\/wp-content\/uploads\/sites\/9\/2023\/12\/kinsta-logo.jpeg\",\"contentUrl\":\"https:\/\/kinsta.com\/se\/wp-content\/uploads\/sites\/9\/2023\/12\/kinsta-logo.jpeg\",\"width\":500,\"height\":500,\"caption\":\"Kinsta\"},\"image\":{\"@id\":\"https:\/\/kinsta.com\/se\/#\/schema\/logo\/image\/\"},\"sameAs\":[\"https:\/\/www.facebook.com\/kinstasweden\/\",\"https:\/\/x.com\/kinsta_se\",\"https:\/\/www.instagram.com\/kinstahosting\/\",\"https:\/\/www.linkedin.com\/company\/kinsta\/\",\"https:\/\/www.pinterest.com\/kinstahosting\/\",\"https:\/\/www.youtube.com\/c\/Kinsta\"]}]}<\/script>\n<!-- \/ Yoast SEO Premium plugin. -->","yoast_head_json":{"title":"DevKinsta Funktioner","description":"L\u00e4r dig mer om DevKinstas funktioner inklusive sajtskapande med bara ett klick, databashantering, v\u00e4xling av PHP-version, st\u00f6d f\u00f6r flerspr\u00e5k och mer!","robots":{"index":"index","follow":"follow","max-snippet":"max-snippet:-1","max-image-preview":"max-image-preview:large","max-video-preview":"max-video-preview:-1"},"canonical":"https:\/\/kinsta.com\/se\/devkinsta\/funktioner\/","og_locale":"sv_SE","og_type":"article","og_title":"DevKinsta Funktioner","og_description":"L\u00e4r dig mer om DevKinstas funktioner inklusive sajtskapande med bara ett klick, databashantering, v\u00e4xling av PHP-version, st\u00f6d f\u00f6r flerspr\u00e5k och mer!","og_url":"https:\/\/kinsta.com\/se\/devkinsta\/funktioner\/","og_site_name":"Kinsta\u00ae","article_publisher":"https:\/\/www.facebook.com\/kinstasweden\/","article_modified_time":"2025-05-21T16:25:23+00:00","og_image":[{"width":1024,"height":536,"url":"https:\/\/kinsta.com\/se\/wp-content\/uploads\/sites\/9\/2025\/01\/SE-Homepage-featured-image-1024x536.png","type":"image\/png"}],"twitter_card":"summary_large_image","twitter_description":"L\u00e4r dig mer om DevKinstas funktioner inklusive sajtskapande med bara ett klick, databashantering, v\u00e4xling av PHP-version, st\u00f6d f\u00f6r flerspr\u00e5k och mer!","twitter_image":"https:\/\/kinsta.com\/wp-content\/uploads\/2021\/01\/devkinsta-featured-image.jpg","twitter_site":"@kinsta_se","twitter_misc":{"Ber\u00e4knad l\u00e4stid":"4 minuter"},"schema":{"@context":"https:\/\/schema.org","@graph":[{"@type":"WebPage","@id":"https:\/\/kinsta.com\/se\/devkinsta\/funktioner\/","url":"https:\/\/kinsta.com\/se\/devkinsta\/funktioner\/","name":"DevKinsta Funktioner","isPartOf":{"@id":"https:\/\/kinsta.com\/se\/#website"},"primaryImageOfPage":{"@id":"https:\/\/kinsta.com\/se\/devkinsta\/funktioner\/#primaryimage"},"image":{"@id":"https:\/\/kinsta.com\/se\/devkinsta\/funktioner\/#primaryimage"},"thumbnailUrl":"https:\/\/kinsta.com\/se\/wp-content\/uploads\/sites\/9\/2021\/01\/devkinsta.jpg","datePublished":"2021-01-16T12:00:41+00:00","dateModified":"2025-05-21T16:25:23+00:00","description":"L\u00e4r dig mer om DevKinstas funktioner inklusive sajtskapande med bara ett klick, databashantering, v\u00e4xling av PHP-version, st\u00f6d f\u00f6r flerspr\u00e5k och mer!","breadcrumb":{"@id":"https:\/\/kinsta.com\/se\/devkinsta\/funktioner\/#breadcrumb"},"inLanguage":"sv-SE","potentialAction":[{"@type":"ReadAction","target":["https:\/\/kinsta.com\/se\/devkinsta\/funktioner\/"]}]},{"@type":"ImageObject","inLanguage":"sv-SE","@id":"https:\/\/kinsta.com\/se\/devkinsta\/funktioner\/#primaryimage","url":"https:\/\/kinsta.com\/se\/wp-content\/uploads\/sites\/9\/2021\/01\/devkinsta.jpg","contentUrl":"https:\/\/kinsta.com\/se\/wp-content\/uploads\/sites\/9\/2021\/01\/devkinsta.jpg","width":1200,"height":628,"caption":"devkinsta"},{"@type":"BreadcrumbList","@id":"https:\/\/kinsta.com\/se\/devkinsta\/funktioner\/#breadcrumb","itemListElement":[{"@type":"ListItem","position":1,"name":"Home","item":"https:\/\/kinsta.com\/se\/"},{"@type":"ListItem","position":2,"name":"Din kostnadsfria svit f\u00f6r lokal utveckling p\u00e5 WordPress","item":"https:\/\/kinsta.com\/se\/devkinsta\/"},{"@type":"ListItem","position":3,"name":"DevKinsta Funktioner"}]},{"@type":"WebSite","@id":"https:\/\/kinsta.com\/se\/#website","url":"https:\/\/kinsta.com\/se\/","name":"Kinsta\u00ae","description":"Snabba, s\u00e4kra, premium hosting-l\u00f6sningar","publisher":{"@id":"https:\/\/kinsta.com\/se\/#organization"},"potentialAction":[{"@type":"SearchAction","target":{"@type":"EntryPoint","urlTemplate":"https:\/\/kinsta.com\/se\/?s={search_term_string}"},"query-input":{"@type":"PropertyValueSpecification","valueRequired":true,"valueName":"search_term_string"}}],"inLanguage":"sv-SE"},{"@type":"Organization","@id":"https:\/\/kinsta.com\/se\/#organization","name":"Kinsta","url":"https:\/\/kinsta.com\/se\/","logo":{"@type":"ImageObject","inLanguage":"sv-SE","@id":"https:\/\/kinsta.com\/se\/#\/schema\/logo\/image\/","url":"https:\/\/kinsta.com\/se\/wp-content\/uploads\/sites\/9\/2023\/12\/kinsta-logo.jpeg","contentUrl":"https:\/\/kinsta.com\/se\/wp-content\/uploads\/sites\/9\/2023\/12\/kinsta-logo.jpeg","width":500,"height":500,"caption":"Kinsta"},"image":{"@id":"https:\/\/kinsta.com\/se\/#\/schema\/logo\/image\/"},"sameAs":["https:\/\/www.facebook.com\/kinstasweden\/","https:\/\/x.com\/kinsta_se","https:\/\/www.instagram.com\/kinstahosting\/","https:\/\/www.linkedin.com\/company\/kinsta\/","https:\/\/www.pinterest.com\/kinstahosting\/","https:\/\/www.youtube.com\/c\/Kinsta"]}]}},"acf":[],"_links":{"self":[{"href":"https:\/\/kinsta.com\/se\/wp-json\/wp\/v2\/pages\/38127","targetHints":{"allow":["GET"]}}],"collection":[{"href":"https:\/\/kinsta.com\/se\/wp-json\/wp\/v2\/pages"}],"about":[{"href":"https:\/\/kinsta.com\/se\/wp-json\/wp\/v2\/types\/page"}],"author":[{"embeddable":true,"href":"https:\/\/kinsta.com\/se\/wp-json\/wp\/v2\/users\/115"}],"replies":[{"embeddable":true,"href":"https:\/\/kinsta.com\/se\/wp-json\/wp\/v2\/comments?post=38127"}],"version-history":[{"count":9,"href":"https:\/\/kinsta.com\/se\/wp-json\/wp\/v2\/pages\/38127\/revisions"}],"predecessor-version":[{"id":58056,"href":"https:\/\/kinsta.com\/se\/wp-json\/wp\/v2\/pages\/38127\/revisions\/58056"}],"up":[{"embeddable":true,"href":"https:\/\/kinsta.com\/se\/wp-json\/wp\/v2\/pages\/38133"}],"alternate":[{"embeddable":true,"hreflang":"en","title":"English","href":"https:\/\/kinsta.com\/se\/wp-json\/kinsta\/v1\/posts\/38127\/translations\/en"},{"embeddable":true,"hreflang":"es","title":"Spanish","href":"https:\/\/kinsta.com\/se\/wp-json\/kinsta\/v1\/posts\/38127\/translations\/es"},{"embeddable":true,"hreflang":"de","title":"German","href":"https:\/\/kinsta.com\/se\/wp-json\/kinsta\/v1\/posts\/38127\/translations\/de"},{"embeddable":true,"hreflang":"nl","title":"Dutch","href":"https:\/\/kinsta.com\/se\/wp-json\/kinsta\/v1\/posts\/38127\/translations\/nl"},{"embeddable":true,"hreflang":"it","title":"Italian","href":"https:\/\/kinsta.com\/se\/wp-json\/kinsta\/v1\/posts\/38127\/translations\/it"},{"embeddable":true,"hreflang":"pt","title":"Portuguese","href":"https:\/\/kinsta.com\/se\/wp-json\/kinsta\/v1\/posts\/38127\/translations\/pt"},{"embeddable":true,"hreflang":"fr","title":"French","href":"https:\/\/kinsta.com\/se\/wp-json\/kinsta\/v1\/posts\/38127\/translations\/fr"},{"embeddable":true,"hreflang":"ja","title":"Japanese","href":"https:\/\/kinsta.com\/se\/wp-json\/kinsta\/v1\/posts\/38127\/translations\/jp"},{"embeddable":true,"hreflang":"da","title":"Danish","href":"https:\/\/kinsta.com\/se\/wp-json\/kinsta\/v1\/posts\/38127\/translations\/dk"},{"embeddable":true,"hreflang":"sv","title":"Swedish","href":"https:\/\/kinsta.com\/se\/wp-json\/kinsta\/v1\/posts\/38127\/translations\/se"},{"href":"https:\/\/kinsta.com\/se\/wp-json\/kinsta\/v1\/posts\/38127\/tree"}],"wp:featuredmedia":[{"embeddable":true,"href":"https:\/\/kinsta.com\/se\/wp-json\/wp\/v2\/media\/38130"}],"wp:attachment":[{"href":"https:\/\/kinsta.com\/se\/wp-json\/wp\/v2\/media?parent=38127"}],"curies":[{"name":"wp","href":"https:\/\/api.w.org\/{rel}","templated":true}]}}