{"id":38951,"date":"2021-05-02T08:47:07","date_gmt":"2021-05-02T06:47:07","guid":{"rendered":"https:\/\/kinsta.com\/?page_id=91725"},"modified":"2022-01-03T15:47:31","modified_gmt":"2022-01-03T15:47:31","slug":"cheat-sheets","status":"publish","type":"page","link":"https:\/\/kinsta.com\/se\/cheat-sheets\/","title":{"rendered":"Cheat Sheets"},"content":{"rendered":"<div class=\"wp-block-kinsta-featured-entries wp-block-kinsta-featured-entries--type-page \">\n\n   <div class=\"posts-grid posts-grid--3-cols\">\n<div class=\"post-preview post-38953 page type-page status-publish has-post-thumbnail hentry\">\n    <a class=\"post-preview__thumbnail\" aria-hidden=\"true\" tabindex=\"-1\" href=\"https:\/\/kinsta.com\/se\/cheat-sheets\/plats-hastighet-fusklapp\/\">\n                        <img loading=\"lazy\" decoding=\"async\" width=\"360\" height=\"180\" src=\"https:\/\/kinsta.com\/se\/wp-content\/uploads\/sites\/9\/2023\/08\/Site-Speed-SE-360x180.jpg\" class=\"attachment-kinsta-thumbnail size-kinsta-thumbnail wp-post-image\" alt=\"\" aria-hidden=\"true\" tabindex=\"-1\" \/>            <\/a>\n\n    <div class=\"post-preview__content\">\n        \n<div class=\"post-preview__title-excerpt\">\n    <h2 class=\"post-preview__title\">\n                <a  href=\"https:\/\/kinsta.com\/se\/cheat-sheets\/plats-hastighet-fusklapp\/\" class=\"post-preview__link\">\n            Plats Hastighet Fusklapp        <\/a>\n    <\/h2>\n\n            <div class=\"post-preview__excerpt\">\n            Webbplatshastighet \u00e4r avg\u00f6rande f\u00f6r SEO och maximering av konverteringar, men det \u00e4r inte alltid tydligt var man ska b\u00f6rja. Hitta de vanligaste pro&hellip;        <\/div>\n    <\/div>\n<dl class=\"post-preview__meta\">\n            <dt><span class=\"screen-reader-text\">L\u00e4stid<\/span><\/dt>\n        <dd>1 min l\u00e4st<\/dd>\n            <dt><span class=\"screen-reader-text\">Uppdaterat datum<\/span><\/dt>\n        <dd>mars 18, 2024<\/dd>\n    <\/dl>\n    <\/div>\n<\/div>\n\n<div class=\"post-preview post-38955 page type-page status-publish has-post-thumbnail hentry\">\n    <a class=\"post-preview__thumbnail\" aria-hidden=\"true\" tabindex=\"-1\" href=\"https:\/\/kinsta.com\/se\/cheat-sheets\/wordpress-seo-checklista\/\">\n                        <img loading=\"lazy\" decoding=\"async\" width=\"360\" height=\"180\" src=\"https:\/\/kinsta.com\/se\/wp-content\/uploads\/sites\/9\/2021\/05\/Hero-seo-cheat-featured-360x180.png\" class=\"attachment-kinsta-thumbnail size-kinsta-thumbnail wp-post-image\" alt=\"\" aria-hidden=\"true\" tabindex=\"-1\" srcset=\"https:\/\/kinsta.com\/se\/wp-content\/uploads\/sites\/9\/2021\/05\/Hero-seo-cheat-featured-360x180.png 360w, https:\/\/kinsta.com\/se\/wp-content\/uploads\/sites\/9\/2021\/05\/Hero-seo-cheat-featured-300x150.png 300w, https:\/\/kinsta.com\/se\/wp-content\/uploads\/sites\/9\/2021\/05\/Hero-seo-cheat-featured-1024x512.png 1024w, https:\/\/kinsta.com\/se\/wp-content\/uploads\/sites\/9\/2021\/05\/Hero-seo-cheat-featured-768x384.png 768w, https:\/\/kinsta.com\/se\/wp-content\/uploads\/sites\/9\/2021\/05\/Hero-seo-cheat-featured.png 1460w\" sizes=\"auto, (max-width: 360px) 100vw, 360px\" \/>            <\/a>\n\n    <div class=\"post-preview__content\">\n        \n<div class=\"post-preview__title-excerpt\">\n    <h2 class=\"post-preview__title\">\n                <a  href=\"https:\/\/kinsta.com\/se\/cheat-sheets\/wordpress-seo-checklista\/\" class=\"post-preview__link\">\n            WordPress SEO-checklista        <\/a>\n    <\/h2>\n\n            <div class=\"post-preview__excerpt\">\n            F\u00f6rdelarna med riktigt bra SEO \u00e4r l\u00e5ngtg\u00e5ende. Det p\u00e5verkar trafik, trov\u00e4rdighet, anv\u00e4ndarupplevelse och mer. H\u00e4r \u00e4r 8 enkla s\u00e4tt du kan f\u00f6rb\u00e4ttra&hellip;        <\/div>\n    <\/div>\n<dl class=\"post-preview__meta\">\n            <dt><span class=\"screen-reader-text\">Uppdaterat datum<\/span><\/dt>\n        <dd>september 25, 2023<\/dd>\n    <\/dl>\n    <\/div>\n<\/div>\n\n<div class=\"post-preview post-38957 page type-page status-publish has-post-thumbnail hentry\">\n    <a class=\"post-preview__thumbnail\" aria-hidden=\"true\" tabindex=\"-1\" href=\"https:\/\/kinsta.com\/se\/cheat-sheets\/webbplatssakerhet-cheat-sheet\/\">\n                        <img loading=\"lazy\" decoding=\"async\" width=\"360\" height=\"180\" src=\"https:\/\/kinsta.com\/se\/wp-content\/uploads\/sites\/9\/2023\/08\/Site-Security-SE-360x180.jpg\" class=\"attachment-kinsta-thumbnail size-kinsta-thumbnail wp-post-image\" alt=\"\" aria-hidden=\"true\" tabindex=\"-1\" \/>            <\/a>\n\n    <div class=\"post-preview__content\">\n        \n<div class=\"post-preview__title-excerpt\">\n    <h2 class=\"post-preview__title\">\n                <a  href=\"https:\/\/kinsta.com\/se\/cheat-sheets\/webbplatssakerhet-cheat-sheet\/\" class=\"post-preview__link\">\n            Webbplatss\u00e4kerhet cheat sheat        <\/a>\n    <\/h2>\n\n            <div class=\"post-preview__excerpt\">\n            Skydda ditt varum\u00e4rkes rykte och minska risken f\u00f6r s\u00e4kerhetsintr\u00e5ng med dessa 5 effektiva s\u00e4tt att st\u00e4rka din webbplats och datas\u00e4kerhet.        <\/div>\n    <\/div>\n<dl class=\"post-preview__meta\">\n            <dt><span class=\"screen-reader-text\">L\u00e4stid<\/span><\/dt>\n        <dd>1 min l\u00e4st<\/dd>\n            <dt><span class=\"screen-reader-text\">Uppdaterat datum<\/span><\/dt>\n        <dd>mars 18, 2024<\/dd>\n    <\/dl>\n    <\/div>\n<\/div>\n<\/div>\n    <\/div>\n\n\n\n<div class=\"wp-block-group aligncenter has-wp-gradient-background has-background is-layout-constrained wp-block-group-is-layout-constrained\">\n<h2 class=\"has-text-align-center wp-block-heading\" id=\"h-vi-kade-v-r-trafik-1187-med-wordpress-vi-visar-dig-hur\">Vi \u00f6kade v\u00e5r trafik 1187% med WordPress. Vi visar dig hur.<\/h2>\n\n\n\n<p class=\"has-text-align-center\">G\u00e5 med och g\u00f6r som 20,000+ andra som f\u00e5r v\u00e5rt nyhetsbrev varje vecka med insider WordPress-tips!<\/p>\n\n\n\n<div class=\"wp-block-kinsta-buttons aligncenter\">\n<a class=\"wp-block-kinsta-button has-turquoise-color\" href=\"#newsletter\">Prenumerera nu<\/a>\n<\/div>\n\n\n<dialog  id=\"newsletter\" class=\"dialog\" aria-hidden=\"true\">\n    <header class=\"dialog__header\">\n                    <h2 class=\"dialog__title\">\n                Prenumerera p\u00e5 Kinstas nyhetsbrev            <\/h2>\n            <\/header>\n\n    <div class=\"dialog__content\">\n        <div class=\"signup-modal\">\n    <kinsta-form show-name=\"false\" show-message=\"false\" submit-button-text=\"Prenumerera nu\" success-title=\"Tack f\u00f6r din prenumeration!\" success-message=\"H\u00e5ll utkik efter n\u00e4sta nummer.\" hubspot-source=\"subscribe_to_newsletter\" show-phone=\"false\" show-website=\"false\" show-company=\"true\" show-disk-space=\"false\" show-monthly-visits=\"false\" show-average-project-budget=\"false\" show-services-provided=\"false\" show-number-of-websites=\"false\" submit-button-text-loading=\"Prenumeration p\u00e5g\u00e5r\"><\/kinsta-form>\n<\/div>\n    <\/div>\n\n    <\/dialog>\n<\/div>\n","protected":false},"excerpt":{"rendered":"","protected":false},"author":115,"featured_media":0,"parent":0,"menu_order":0,"comment_status":"closed","ping_status":"closed","template":"","meta":{"_kinsta_gated_content":false,"_kinsta_gated_content_redirect":"","footnotes":""},"class_list":["post-38951","page","type-page","status-publish","hentry"],"yoast_head":"<!-- This site is optimized with the Yoast SEO Premium plugin v24.6 (Yoast SEO v24.6) - https:\/\/yoast.com\/wordpress\/plugins\/seo\/ -->\n<title>Cheat Sheets - Kinsta\u00ae<\/title>\n<meta name=\"description\" content=\"Bepr\u00f6vade tips fr\u00e5n Kinsta, utformade f\u00f6r att turboladda din verksamhet, snyggt paketerat i en nedladdningsbar PDF-fil.\" \/>\n<meta name=\"robots\" content=\"index, follow, max-snippet:-1, max-image-preview:large, max-video-preview:-1\" \/>\n<link rel=\"canonical\" href=\"https:\/\/kinsta.com\/se\/cheat-sheets\/\" \/>\n<meta property=\"og:locale\" content=\"sv_SE\" \/>\n<meta property=\"og:type\" content=\"article\" \/>\n<meta property=\"og:title\" content=\"Cheat Sheets\" \/>\n<meta property=\"og:description\" content=\"Bepr\u00f6vade tips fr\u00e5n Kinsta, utformade f\u00f6r att turboladda din verksamhet, snyggt paketerat i en nedladdningsbar PDF-fil.\" \/>\n<meta property=\"og:url\" content=\"https:\/\/kinsta.com\/se\/cheat-sheets\/\" \/>\n<meta property=\"og:site_name\" content=\"Kinsta\u00ae\" \/>\n<meta property=\"article:publisher\" content=\"https:\/\/www.facebook.com\/kinstasweden\/\" \/>\n<meta property=\"article:modified_time\" content=\"2022-01-03T15:47:31+00:00\" \/>\n<meta property=\"og:image\" content=\"https:\/\/kinsta.com\/se\/wp-content\/uploads\/sites\/9\/2023\/12\/kinsta-homepage-se.png\" \/>\n\t<meta property=\"og:image:width\" content=\"1200\" \/>\n\t<meta property=\"og:image:height\" content=\"628\" \/>\n\t<meta property=\"og:image:type\" content=\"image\/png\" \/>\n<meta name=\"twitter:card\" content=\"summary_large_image\" \/>\n<meta name=\"twitter:description\" content=\"Bepr\u00f6vade tips fr\u00e5n Kinsta, utformade f\u00f6r att turboladda din verksamhet, snyggt paketerat i en nedladdningsbar PDF-fil.\" \/>\n<meta name=\"twitter:image\" content=\"https:\/\/kinsta.com\/se\/wp-content\/uploads\/sites\/9\/2023\/12\/kinsta-homepage-se.png\" \/>\n<meta name=\"twitter:site\" content=\"@kinsta_se\" \/>\n<script type=\"application\/ld+json\" class=\"yoast-schema-graph\">{\"@context\":\"https:\/\/schema.org\",\"@graph\":[{\"@type\":\"WebPage\",\"@id\":\"https:\/\/kinsta.com\/se\/cheat-sheets\/\",\"url\":\"https:\/\/kinsta.com\/se\/cheat-sheets\/\",\"name\":\"Cheat Sheets - Kinsta\u00ae\",\"isPartOf\":{\"@id\":\"https:\/\/kinsta.com\/se\/#website\"},\"datePublished\":\"2021-05-02T06:47:07+00:00\",\"dateModified\":\"2022-01-03T15:47:31+00:00\",\"description\":\"Bepr\u00f6vade tips fr\u00e5n Kinsta, utformade f\u00f6r att turboladda din verksamhet, snyggt paketerat i en nedladdningsbar PDF-fil.\",\"breadcrumb\":{\"@id\":\"https:\/\/kinsta.com\/se\/cheat-sheets\/#breadcrumb\"},\"inLanguage\":\"sv-SE\",\"potentialAction\":[{\"@type\":\"ReadAction\",\"target\":[\"https:\/\/kinsta.com\/se\/cheat-sheets\/\"]}]},{\"@type\":\"BreadcrumbList\",\"@id\":\"https:\/\/kinsta.com\/se\/cheat-sheets\/#breadcrumb\",\"itemListElement\":[{\"@type\":\"ListItem\",\"position\":1,\"name\":\"Home\",\"item\":\"https:\/\/kinsta.com\/se\/\"},{\"@type\":\"ListItem\",\"position\":2,\"name\":\"Cheat Sheets\"}]},{\"@type\":\"WebSite\",\"@id\":\"https:\/\/kinsta.com\/se\/#website\",\"url\":\"https:\/\/kinsta.com\/se\/\",\"name\":\"Kinsta\u00ae\",\"description\":\"Snabba, s\u00e4kra, premium hosting-l\u00f6sningar\",\"publisher\":{\"@id\":\"https:\/\/kinsta.com\/se\/#organization\"},\"potentialAction\":[{\"@type\":\"SearchAction\",\"target\":{\"@type\":\"EntryPoint\",\"urlTemplate\":\"https:\/\/kinsta.com\/se\/?s={search_term_string}\"},\"query-input\":{\"@type\":\"PropertyValueSpecification\",\"valueRequired\":true,\"valueName\":\"search_term_string\"}}],\"inLanguage\":\"sv-SE\"},{\"@type\":\"Organization\",\"@id\":\"https:\/\/kinsta.com\/se\/#organization\",\"name\":\"Kinsta\",\"url\":\"https:\/\/kinsta.com\/se\/\",\"logo\":{\"@type\":\"ImageObject\",\"inLanguage\":\"sv-SE\",\"@id\":\"https:\/\/kinsta.com\/se\/#\/schema\/logo\/image\/\",\"url\":\"https:\/\/kinsta.com\/se\/wp-content\/uploads\/sites\/9\/2023\/12\/kinsta-logo.jpeg\",\"contentUrl\":\"https:\/\/kinsta.com\/se\/wp-content\/uploads\/sites\/9\/2023\/12\/kinsta-logo.jpeg\",\"width\":500,\"height\":500,\"caption\":\"Kinsta\"},\"image\":{\"@id\":\"https:\/\/kinsta.com\/se\/#\/schema\/logo\/image\/\"},\"sameAs\":[\"https:\/\/www.facebook.com\/kinstasweden\/\",\"https:\/\/x.com\/kinsta_se\",\"https:\/\/www.instagram.com\/kinstahosting\/\",\"https:\/\/www.linkedin.com\/company\/kinsta\/\",\"https:\/\/www.pinterest.com\/kinstahosting\/\",\"https:\/\/www.youtube.com\/c\/Kinsta\"]}]}<\/script>\n<!-- \/ Yoast SEO Premium plugin. -->","yoast_head_json":{"title":"Cheat Sheets - Kinsta\u00ae","description":"Bepr\u00f6vade tips fr\u00e5n Kinsta, utformade f\u00f6r att turboladda din verksamhet, snyggt paketerat i en nedladdningsbar PDF-fil.","robots":{"index":"index","follow":"follow","max-snippet":"max-snippet:-1","max-image-preview":"max-image-preview:large","max-video-preview":"max-video-preview:-1"},"canonical":"https:\/\/kinsta.com\/se\/cheat-sheets\/","og_locale":"sv_SE","og_type":"article","og_title":"Cheat Sheets","og_description":"Bepr\u00f6vade tips fr\u00e5n Kinsta, utformade f\u00f6r att turboladda din verksamhet, snyggt paketerat i en nedladdningsbar PDF-fil.","og_url":"https:\/\/kinsta.com\/se\/cheat-sheets\/","og_site_name":"Kinsta\u00ae","article_publisher":"https:\/\/www.facebook.com\/kinstasweden\/","article_modified_time":"2022-01-03T15:47:31+00:00","og_image":[{"width":1200,"height":628,"url":"https:\/\/kinsta.com\/se\/wp-content\/uploads\/sites\/9\/2023\/12\/kinsta-homepage-se.png","type":"image\/png"}],"twitter_card":"summary_large_image","twitter_description":"Bepr\u00f6vade tips fr\u00e5n Kinsta, utformade f\u00f6r att turboladda din verksamhet, snyggt paketerat i en nedladdningsbar PDF-fil.","twitter_image":"https:\/\/kinsta.com\/se\/wp-content\/uploads\/sites\/9\/2023\/12\/kinsta-homepage-se.png","twitter_site":"@kinsta_se","schema":{"@context":"https:\/\/schema.org","@graph":[{"@type":"WebPage","@id":"https:\/\/kinsta.com\/se\/cheat-sheets\/","url":"https:\/\/kinsta.com\/se\/cheat-sheets\/","name":"Cheat Sheets - Kinsta\u00ae","isPartOf":{"@id":"https:\/\/kinsta.com\/se\/#website"},"datePublished":"2021-05-02T06:47:07+00:00","dateModified":"2022-01-03T15:47:31+00:00","description":"Bepr\u00f6vade tips fr\u00e5n Kinsta, utformade f\u00f6r att turboladda din verksamhet, snyggt paketerat i en nedladdningsbar PDF-fil.","breadcrumb":{"@id":"https:\/\/kinsta.com\/se\/cheat-sheets\/#breadcrumb"},"inLanguage":"sv-SE","potentialAction":[{"@type":"ReadAction","target":["https:\/\/kinsta.com\/se\/cheat-sheets\/"]}]},{"@type":"BreadcrumbList","@id":"https:\/\/kinsta.com\/se\/cheat-sheets\/#breadcrumb","itemListElement":[{"@type":"ListItem","position":1,"name":"Home","item":"https:\/\/kinsta.com\/se\/"},{"@type":"ListItem","position":2,"name":"Cheat Sheets"}]},{"@type":"WebSite","@id":"https:\/\/kinsta.com\/se\/#website","url":"https:\/\/kinsta.com\/se\/","name":"Kinsta\u00ae","description":"Snabba, s\u00e4kra, premium hosting-l\u00f6sningar","publisher":{"@id":"https:\/\/kinsta.com\/se\/#organization"},"potentialAction":[{"@type":"SearchAction","target":{"@type":"EntryPoint","urlTemplate":"https:\/\/kinsta.com\/se\/?s={search_term_string}"},"query-input":{"@type":"PropertyValueSpecification","valueRequired":true,"valueName":"search_term_string"}}],"inLanguage":"sv-SE"},{"@type":"Organization","@id":"https:\/\/kinsta.com\/se\/#organization","name":"Kinsta","url":"https:\/\/kinsta.com\/se\/","logo":{"@type":"ImageObject","inLanguage":"sv-SE","@id":"https:\/\/kinsta.com\/se\/#\/schema\/logo\/image\/","url":"https:\/\/kinsta.com\/se\/wp-content\/uploads\/sites\/9\/2023\/12\/kinsta-logo.jpeg","contentUrl":"https:\/\/kinsta.com\/se\/wp-content\/uploads\/sites\/9\/2023\/12\/kinsta-logo.jpeg","width":500,"height":500,"caption":"Kinsta"},"image":{"@id":"https:\/\/kinsta.com\/se\/#\/schema\/logo\/image\/"},"sameAs":["https:\/\/www.facebook.com\/kinstasweden\/","https:\/\/x.com\/kinsta_se","https:\/\/www.instagram.com\/kinstahosting\/","https:\/\/www.linkedin.com\/company\/kinsta\/","https:\/\/www.pinterest.com\/kinstahosting\/","https:\/\/www.youtube.com\/c\/Kinsta"]}]}},"acf":[],"_links":{"self":[{"href":"https:\/\/kinsta.com\/se\/wp-json\/wp\/v2\/pages\/38951","targetHints":{"allow":["GET"]}}],"collection":[{"href":"https:\/\/kinsta.com\/se\/wp-json\/wp\/v2\/pages"}],"about":[{"href":"https:\/\/kinsta.com\/se\/wp-json\/wp\/v2\/types\/page"}],"author":[{"embeddable":true,"href":"https:\/\/kinsta.com\/se\/wp-json\/wp\/v2\/users\/115"}],"replies":[{"embeddable":true,"href":"https:\/\/kinsta.com\/se\/wp-json\/wp\/v2\/comments?post=38951"}],"version-history":[{"count":4,"href":"https:\/\/kinsta.com\/se\/wp-json\/wp\/v2\/pages\/38951\/revisions"}],"predecessor-version":[{"id":39180,"href":"https:\/\/kinsta.com\/se\/wp-json\/wp\/v2\/pages\/38951\/revisions\/39180"}],"alternate":[{"embeddable":true,"hreflang":"en","title":"English","href":"https:\/\/kinsta.com\/se\/wp-json\/kinsta\/v1\/posts\/38951\/translations\/en"},{"embeddable":true,"hreflang":"da","title":"Danish","href":"https:\/\/kinsta.com\/se\/wp-json\/kinsta\/v1\/posts\/38951\/translations\/dk"},{"embeddable":true,"hreflang":"nl","title":"Dutch","href":"https:\/\/kinsta.com\/se\/wp-json\/kinsta\/v1\/posts\/38951\/translations\/nl"},{"embeddable":true,"hreflang":"fr","title":"French","href":"https:\/\/kinsta.com\/se\/wp-json\/kinsta\/v1\/posts\/38951\/translations\/fr"},{"embeddable":true,"hreflang":"de","title":"German","href":"https:\/\/kinsta.com\/se\/wp-json\/kinsta\/v1\/posts\/38951\/translations\/de"},{"embeddable":true,"hreflang":"it","title":"Italian","href":"https:\/\/kinsta.com\/se\/wp-json\/kinsta\/v1\/posts\/38951\/translations\/it"},{"embeddable":true,"hreflang":"ja","title":"Japanese","href":"https:\/\/kinsta.com\/se\/wp-json\/kinsta\/v1\/posts\/38951\/translations\/jp"},{"embeddable":true,"hreflang":"pt","title":"Portuguese","href":"https:\/\/kinsta.com\/se\/wp-json\/kinsta\/v1\/posts\/38951\/translations\/pt"},{"embeddable":true,"hreflang":"es","title":"Spanish","href":"https:\/\/kinsta.com\/se\/wp-json\/kinsta\/v1\/posts\/38951\/translations\/es"},{"embeddable":true,"hreflang":"sv","title":"Swedish","href":"https:\/\/kinsta.com\/se\/wp-json\/kinsta\/v1\/posts\/38951\/translations\/se"},{"href":"https:\/\/kinsta.com\/se\/wp-json\/kinsta\/v1\/posts\/38951\/tree"}],"wp:attachment":[{"href":"https:\/\/kinsta.com\/se\/wp-json\/wp\/v2\/media?parent=38951"}],"curies":[{"name":"wp","href":"https:\/\/api.w.org\/{rel}","templated":true}]}}