{"id":38953,"date":"2021-05-02T09:14:44","date_gmt":"2021-05-02T07:14:44","guid":{"rendered":"https:\/\/kinsta.com\/?page_id=91727"},"modified":"2024-03-18T21:53:01","modified_gmt":"2024-03-18T21:53:01","slug":"plats-hastighet-fusklapp","status":"publish","type":"page","link":"https:\/\/kinsta.com\/se\/cheat-sheets\/plats-hastighet-fusklapp\/","title":{"rendered":"Plats Hastighet Fusklapp"},"content":{"rendered":"\n<header class=\"wp-block-kinsta-hero-title is-style-center-screenshot alignfull\"><div class=\"wp-block-kinsta-hero-title__inner\">\n<div class=\"wp-block-kinsta-columns is-vertical-center\">\n<div class=\"wp-block-kinsta-column wp-block-kinsta-columns__column\">\n<div class=\"wp-block-kinsta-hero-title-content wp-block-kinsta-hero-title__content\"><h1 class=\"wp-block-kinsta-hero-title__title\">Plats Hastighet Fusklapp<\/h1>\n<p>En snabb sajt \u00e4r avg\u00f6rande f\u00f6r att din verksamhet ska v\u00e4xa. Det p\u00e5verkar SEO, minskar din avvisningsfrekvens och maximerar konverteringar. \u00c4r du os\u00e4ker p\u00e5 var du ska b\u00f6rja? H\u00e4r \u00e4r fem saker som kommer att p\u00e5verka webbplatsens hastighet som du kan titta p\u00e5 just nu.<\/p>\n\n\n\n<div class=\"wp-block-kinsta-buttons alignleft\">\n<a class=\"wp-block-kinsta-button has-turquoise-color\" href=\"#download\">Ladda ner gratis<\/a>\n\n\n<\/div>\n<\/div>\n<\/div>\n\n\n\n<div class=\"wp-block-kinsta-column wp-block-kinsta-columns__column\">\n<div class=\"wp-block-kinsta-hero-title-secondary wp-block-kinsta-hero-title__secondary\"><\/div>\n<\/div>\n<\/div>\n<\/div><\/header>\n\n\n<dialog  id=\"download\" class=\"dialog\" aria-hidden=\"true\">\n    <header class=\"dialog__header\">\n                    <h2 class=\"dialog__title\">\n                Ladda ner Cheatsheet            <\/h2>\n            <\/header>\n\n    <div class=\"dialog__content\">\n        <div class=\"signup-modal\">\n    <kinsta-form show-name=\"true\" show-message=\"false\" submit-button-text=\"F\u00e5 \u00e5tkomst nu\" success-title=\"Tack!\" success-message=\"Vi hoppas att du tycker om det!\" hubspot-source=\"site-speed-cheat-sheet\" show-phone=\"false\" show-website=\"false\" show-company=\"true\" show-disk-space=\"false\" show-monthly-visits=\"false\" show-average-project-budget=\"false\" show-services-provided=\"false\" show-number-of-websites=\"false\" submit-button-text-loading=\"Skicka in data\" success-redirect=\"https:\/\/kinsta.com\/se\/wp-content\/uploads\/sites\/9\/2024\/03\/SE-site-speed-cheat-sheet.pdf\"><\/kinsta-form>\n<\/div>\n    <\/div>\n\n    <\/dialog>\n\n\n\n<div class=\"wp-block-kinsta-columns is-reverse is-vertical-center\">\n<div class=\"wp-block-kinsta-column wp-block-kinsta-columns__column\">\n<figure class=\"wp-block-image aligncenter size-large is-style-plain\"><img decoding=\"async\" src=\"https:\/\/kinsta.com\/wp-content\/uploads\/2021\/03\/ebook-speed.png\" alt class=\"wp-image-92423\"><\/figure>\n<\/div>\n\n\n\n<div class=\"wp-block-kinsta-column wp-block-kinsta-columns__column\">\n<h2 class=\"wp-block-heading\" id=\"h-du-kommer-ocks-att-gilla-den-h-r-e-boken\">Du kommer ocks\u00e5 att gilla den h\u00e4r e-boken<\/h2>\n\n\n\n<p><mark class=\"has-inline-color has-dark-blue-color\">Vi delar allt vi vet om hur man p\u00e5skyndar en WordPress-webbplats i den h\u00e4r gratis e-boken. Den inneh\u00e5ller 15 \u00e5rs erfarenhet, 200+ bepr\u00f6vade tips och steg-f\u00f6r-steg-instruktioner om hur du st\u00e4ller in din webbplats till att ladda snabbare.<\/mark><\/p>\n\n\n\n<h3 class=\"wp-block-heading\" id=\"h-vad-du-l-r-dig\">Vad du l\u00e4r dig:<\/h3>\n\n\n\n<ul class=\"wp-block-list\">\n<li><mark class=\"has-inline-color has-dark-blue-color\">Olika WordPress hemsidor<\/mark><\/li>\n\n\n\n<li><mark class=\"has-inline-color has-dark-blue-color\">Urval och hantering av h\u00f6gpresterande hosting<\/mark><\/li>\n\n\n\n<li><mark class=\"has-inline-color has-dark-blue-color\">Nedg\u00e5ngen p\u00e5 WordPress-teman och plugins<\/mark><\/li>\n\n\n\n<li><mark class=\"has-inline-color has-dark-blue-color\">Finjustera WordPress-inst\u00e4llningar<\/mark><\/li>\n\n\n\n<li><mark class=\"has-inline-color has-dark-blue-color\">Fels\u00f6kning av l\u00e5ngsamhet<\/mark><\/li>\n\n\n\n<li><mark class=\"has-inline-color has-dark-blue-color\">Front-end och back-end optimering<\/mark><\/li>\n\n\n\n<li><mark class=\"has-inline-color has-dark-blue-color\">Och mycket mer!<\/mark><\/li>\n<\/ul>\n\n\n\n<div class=\"wp-block-kinsta-buttons\">\n<a class=\"wp-block-kinsta-button\" href=\"https:\/\/kinsta.com\/se\/ebooks\/wordpress\/snabba-upp-wordpress\/\">Ladda ner e-boken<\/a>\n<\/div>\n<\/div>\n<\/div>\n","protected":false},"excerpt":{"rendered":"","protected":false},"author":115,"featured_media":54728,"parent":38951,"menu_order":0,"comment_status":"closed","ping_status":"closed","template":"","meta":{"_kinsta_gated_content":false,"_kinsta_gated_content_redirect":"https:\/\/kinsta.com\/cheatsheets\/","footnotes":""},"class_list":["post-38953","page","type-page","status-publish","has-post-thumbnail","hentry"],"yoast_head":"<!-- This site is optimized with the Yoast SEO Premium plugin v24.6 (Yoast SEO v24.6) - https:\/\/yoast.com\/wordpress\/plugins\/seo\/ -->\n<title>Plats Hastighet Fusklapp - Kinsta\u00ae<\/title>\n<meta name=\"description\" content=\"Webbplatshastighet \u00e4r avg\u00f6rande f\u00f6r SEO och maximering av konverteringar, men det \u00e4r inte alltid tydligt var man ska b\u00f6rja. Hitta de vanligaste problemen f\u00f6r att f\u00f6rb\u00e4ttra webbplatsens hastighet.\" \/>\n<meta name=\"robots\" content=\"index, follow, max-snippet:-1, max-image-preview:large, max-video-preview:-1\" \/>\n<link rel=\"canonical\" href=\"https:\/\/kinsta.com\/se\/cheat-sheets\/plats-hastighet-fusklapp\/\" \/>\n<meta property=\"og:locale\" content=\"sv_SE\" \/>\n<meta property=\"og:type\" content=\"article\" \/>\n<meta property=\"og:title\" content=\"Plats Hastighet Fusklapp\" \/>\n<meta property=\"og:description\" content=\"Webbplatshastighet \u00e4r avg\u00f6rande f\u00f6r SEO och maximering av konverteringar, men det \u00e4r inte alltid tydligt var man ska b\u00f6rja. Hitta de vanligaste problemen f\u00f6r att f\u00f6rb\u00e4ttra webbplatsens hastighet.\" \/>\n<meta property=\"og:url\" content=\"https:\/\/kinsta.com\/se\/cheat-sheets\/plats-hastighet-fusklapp\/\" \/>\n<meta property=\"og:site_name\" content=\"Kinsta\u00ae\" \/>\n<meta property=\"article:publisher\" content=\"https:\/\/www.facebook.com\/kinstasweden\/\" \/>\n<meta property=\"article:modified_time\" content=\"2024-03-18T21:53:01+00:00\" \/>\n<meta property=\"og:image\" content=\"https:\/\/kinsta.com\/se\/wp-content\/uploads\/sites\/9\/2023\/08\/Site-Speed-SE.jpg\" \/>\n\t<meta property=\"og:image:width\" content=\"1200\" \/>\n\t<meta property=\"og:image:height\" content=\"628\" \/>\n\t<meta property=\"og:image:type\" content=\"image\/jpeg\" \/>\n<meta name=\"twitter:card\" content=\"summary_large_image\" \/>\n<meta name=\"twitter:description\" content=\"Webbplatshastighet \u00e4r avg\u00f6rande f\u00f6r SEO och maximering av konverteringar, men det \u00e4r inte alltid tydligt var man ska b\u00f6rja. Hitta de vanligaste problemen f\u00f6r att f\u00f6rb\u00e4ttra webbplatsens hastighet.\" \/>\n<meta name=\"twitter:image\" content=\"https:\/\/kinsta.com\/se\/wp-content\/uploads\/sites\/9\/2023\/08\/Site-Speed-SE.jpg\" \/>\n<meta name=\"twitter:site\" content=\"@kinsta_se\" \/>\n<meta name=\"twitter:label1\" content=\"Ber\u00e4knad l\u00e4stid\" \/>\n\t<meta name=\"twitter:data1\" content=\"1 minut\" \/>\n<script type=\"application\/ld+json\" class=\"yoast-schema-graph\">{\"@context\":\"https:\/\/schema.org\",\"@graph\":[{\"@type\":\"WebPage\",\"@id\":\"https:\/\/kinsta.com\/se\/cheat-sheets\/plats-hastighet-fusklapp\/\",\"url\":\"https:\/\/kinsta.com\/se\/cheat-sheets\/plats-hastighet-fusklapp\/\",\"name\":\"Plats Hastighet Fusklapp - Kinsta\u00ae\",\"isPartOf\":{\"@id\":\"https:\/\/kinsta.com\/se\/#website\"},\"primaryImageOfPage\":{\"@id\":\"https:\/\/kinsta.com\/se\/cheat-sheets\/plats-hastighet-fusklapp\/#primaryimage\"},\"image\":{\"@id\":\"https:\/\/kinsta.com\/se\/cheat-sheets\/plats-hastighet-fusklapp\/#primaryimage\"},\"thumbnailUrl\":\"https:\/\/kinsta.com\/se\/wp-content\/uploads\/sites\/9\/2023\/08\/Site-Speed-SE.jpg\",\"datePublished\":\"2021-05-02T07:14:44+00:00\",\"dateModified\":\"2024-03-18T21:53:01+00:00\",\"description\":\"Webbplatshastighet \u00e4r avg\u00f6rande f\u00f6r SEO och maximering av konverteringar, men det \u00e4r inte alltid tydligt var man ska b\u00f6rja. Hitta de vanligaste problemen f\u00f6r att f\u00f6rb\u00e4ttra webbplatsens hastighet.\",\"breadcrumb\":{\"@id\":\"https:\/\/kinsta.com\/se\/cheat-sheets\/plats-hastighet-fusklapp\/#breadcrumb\"},\"inLanguage\":\"sv-SE\",\"potentialAction\":[{\"@type\":\"ReadAction\",\"target\":[\"https:\/\/kinsta.com\/se\/cheat-sheets\/plats-hastighet-fusklapp\/\"]}]},{\"@type\":\"ImageObject\",\"inLanguage\":\"sv-SE\",\"@id\":\"https:\/\/kinsta.com\/se\/cheat-sheets\/plats-hastighet-fusklapp\/#primaryimage\",\"url\":\"https:\/\/kinsta.com\/se\/wp-content\/uploads\/sites\/9\/2023\/08\/Site-Speed-SE.jpg\",\"contentUrl\":\"https:\/\/kinsta.com\/se\/wp-content\/uploads\/sites\/9\/2023\/08\/Site-Speed-SE.jpg\",\"width\":1200,\"height\":628},{\"@type\":\"BreadcrumbList\",\"@id\":\"https:\/\/kinsta.com\/se\/cheat-sheets\/plats-hastighet-fusklapp\/#breadcrumb\",\"itemListElement\":[{\"@type\":\"ListItem\",\"position\":1,\"name\":\"Home\",\"item\":\"https:\/\/kinsta.com\/se\/\"},{\"@type\":\"ListItem\",\"position\":2,\"name\":\"Cheat Sheets\",\"item\":\"https:\/\/kinsta.com\/se\/cheat-sheets\/\"},{\"@type\":\"ListItem\",\"position\":3,\"name\":\"Plats Hastighet Fusklapp\"}]},{\"@type\":\"WebSite\",\"@id\":\"https:\/\/kinsta.com\/se\/#website\",\"url\":\"https:\/\/kinsta.com\/se\/\",\"name\":\"Kinsta\u00ae\",\"description\":\"Snabba, s\u00e4kra, premium hosting-l\u00f6sningar\",\"publisher\":{\"@id\":\"https:\/\/kinsta.com\/se\/#organization\"},\"potentialAction\":[{\"@type\":\"SearchAction\",\"target\":{\"@type\":\"EntryPoint\",\"urlTemplate\":\"https:\/\/kinsta.com\/se\/?s={search_term_string}\"},\"query-input\":{\"@type\":\"PropertyValueSpecification\",\"valueRequired\":true,\"valueName\":\"search_term_string\"}}],\"inLanguage\":\"sv-SE\"},{\"@type\":\"Organization\",\"@id\":\"https:\/\/kinsta.com\/se\/#organization\",\"name\":\"Kinsta\",\"url\":\"https:\/\/kinsta.com\/se\/\",\"logo\":{\"@type\":\"ImageObject\",\"inLanguage\":\"sv-SE\",\"@id\":\"https:\/\/kinsta.com\/se\/#\/schema\/logo\/image\/\",\"url\":\"https:\/\/kinsta.com\/se\/wp-content\/uploads\/sites\/9\/2023\/12\/kinsta-logo.jpeg\",\"contentUrl\":\"https:\/\/kinsta.com\/se\/wp-content\/uploads\/sites\/9\/2023\/12\/kinsta-logo.jpeg\",\"width\":500,\"height\":500,\"caption\":\"Kinsta\"},\"image\":{\"@id\":\"https:\/\/kinsta.com\/se\/#\/schema\/logo\/image\/\"},\"sameAs\":[\"https:\/\/www.facebook.com\/kinstasweden\/\",\"https:\/\/x.com\/kinsta_se\",\"https:\/\/www.instagram.com\/kinstahosting\/\",\"https:\/\/www.linkedin.com\/company\/kinsta\/\",\"https:\/\/www.pinterest.com\/kinstahosting\/\",\"https:\/\/www.youtube.com\/c\/Kinsta\"]}]}<\/script>\n<!-- \/ Yoast SEO Premium plugin. -->","yoast_head_json":{"title":"Plats Hastighet Fusklapp - Kinsta\u00ae","description":"Webbplatshastighet \u00e4r avg\u00f6rande f\u00f6r SEO och maximering av konverteringar, men det \u00e4r inte alltid tydligt var man ska b\u00f6rja. Hitta de vanligaste problemen f\u00f6r att f\u00f6rb\u00e4ttra webbplatsens hastighet.","robots":{"index":"index","follow":"follow","max-snippet":"max-snippet:-1","max-image-preview":"max-image-preview:large","max-video-preview":"max-video-preview:-1"},"canonical":"https:\/\/kinsta.com\/se\/cheat-sheets\/plats-hastighet-fusklapp\/","og_locale":"sv_SE","og_type":"article","og_title":"Plats Hastighet Fusklapp","og_description":"Webbplatshastighet \u00e4r avg\u00f6rande f\u00f6r SEO och maximering av konverteringar, men det \u00e4r inte alltid tydligt var man ska b\u00f6rja. Hitta de vanligaste problemen f\u00f6r att f\u00f6rb\u00e4ttra webbplatsens hastighet.","og_url":"https:\/\/kinsta.com\/se\/cheat-sheets\/plats-hastighet-fusklapp\/","og_site_name":"Kinsta\u00ae","article_publisher":"https:\/\/www.facebook.com\/kinstasweden\/","article_modified_time":"2024-03-18T21:53:01+00:00","og_image":[{"width":1200,"height":628,"url":"https:\/\/kinsta.com\/se\/wp-content\/uploads\/sites\/9\/2023\/08\/Site-Speed-SE.jpg","type":"image\/jpeg"}],"twitter_card":"summary_large_image","twitter_description":"Webbplatshastighet \u00e4r avg\u00f6rande f\u00f6r SEO och maximering av konverteringar, men det \u00e4r inte alltid tydligt var man ska b\u00f6rja. Hitta de vanligaste problemen f\u00f6r att f\u00f6rb\u00e4ttra webbplatsens hastighet.","twitter_image":"https:\/\/kinsta.com\/se\/wp-content\/uploads\/sites\/9\/2023\/08\/Site-Speed-SE.jpg","twitter_site":"@kinsta_se","twitter_misc":{"Ber\u00e4knad l\u00e4stid":"1 minut"},"schema":{"@context":"https:\/\/schema.org","@graph":[{"@type":"WebPage","@id":"https:\/\/kinsta.com\/se\/cheat-sheets\/plats-hastighet-fusklapp\/","url":"https:\/\/kinsta.com\/se\/cheat-sheets\/plats-hastighet-fusklapp\/","name":"Plats Hastighet Fusklapp - Kinsta\u00ae","isPartOf":{"@id":"https:\/\/kinsta.com\/se\/#website"},"primaryImageOfPage":{"@id":"https:\/\/kinsta.com\/se\/cheat-sheets\/plats-hastighet-fusklapp\/#primaryimage"},"image":{"@id":"https:\/\/kinsta.com\/se\/cheat-sheets\/plats-hastighet-fusklapp\/#primaryimage"},"thumbnailUrl":"https:\/\/kinsta.com\/se\/wp-content\/uploads\/sites\/9\/2023\/08\/Site-Speed-SE.jpg","datePublished":"2021-05-02T07:14:44+00:00","dateModified":"2024-03-18T21:53:01+00:00","description":"Webbplatshastighet \u00e4r avg\u00f6rande f\u00f6r SEO och maximering av konverteringar, men det \u00e4r inte alltid tydligt var man ska b\u00f6rja. Hitta de vanligaste problemen f\u00f6r att f\u00f6rb\u00e4ttra webbplatsens hastighet.","breadcrumb":{"@id":"https:\/\/kinsta.com\/se\/cheat-sheets\/plats-hastighet-fusklapp\/#breadcrumb"},"inLanguage":"sv-SE","potentialAction":[{"@type":"ReadAction","target":["https:\/\/kinsta.com\/se\/cheat-sheets\/plats-hastighet-fusklapp\/"]}]},{"@type":"ImageObject","inLanguage":"sv-SE","@id":"https:\/\/kinsta.com\/se\/cheat-sheets\/plats-hastighet-fusklapp\/#primaryimage","url":"https:\/\/kinsta.com\/se\/wp-content\/uploads\/sites\/9\/2023\/08\/Site-Speed-SE.jpg","contentUrl":"https:\/\/kinsta.com\/se\/wp-content\/uploads\/sites\/9\/2023\/08\/Site-Speed-SE.jpg","width":1200,"height":628},{"@type":"BreadcrumbList","@id":"https:\/\/kinsta.com\/se\/cheat-sheets\/plats-hastighet-fusklapp\/#breadcrumb","itemListElement":[{"@type":"ListItem","position":1,"name":"Home","item":"https:\/\/kinsta.com\/se\/"},{"@type":"ListItem","position":2,"name":"Cheat Sheets","item":"https:\/\/kinsta.com\/se\/cheat-sheets\/"},{"@type":"ListItem","position":3,"name":"Plats Hastighet Fusklapp"}]},{"@type":"WebSite","@id":"https:\/\/kinsta.com\/se\/#website","url":"https:\/\/kinsta.com\/se\/","name":"Kinsta\u00ae","description":"Snabba, s\u00e4kra, premium hosting-l\u00f6sningar","publisher":{"@id":"https:\/\/kinsta.com\/se\/#organization"},"potentialAction":[{"@type":"SearchAction","target":{"@type":"EntryPoint","urlTemplate":"https:\/\/kinsta.com\/se\/?s={search_term_string}"},"query-input":{"@type":"PropertyValueSpecification","valueRequired":true,"valueName":"search_term_string"}}],"inLanguage":"sv-SE"},{"@type":"Organization","@id":"https:\/\/kinsta.com\/se\/#organization","name":"Kinsta","url":"https:\/\/kinsta.com\/se\/","logo":{"@type":"ImageObject","inLanguage":"sv-SE","@id":"https:\/\/kinsta.com\/se\/#\/schema\/logo\/image\/","url":"https:\/\/kinsta.com\/se\/wp-content\/uploads\/sites\/9\/2023\/12\/kinsta-logo.jpeg","contentUrl":"https:\/\/kinsta.com\/se\/wp-content\/uploads\/sites\/9\/2023\/12\/kinsta-logo.jpeg","width":500,"height":500,"caption":"Kinsta"},"image":{"@id":"https:\/\/kinsta.com\/se\/#\/schema\/logo\/image\/"},"sameAs":["https:\/\/www.facebook.com\/kinstasweden\/","https:\/\/x.com\/kinsta_se","https:\/\/www.instagram.com\/kinstahosting\/","https:\/\/www.linkedin.com\/company\/kinsta\/","https:\/\/www.pinterest.com\/kinstahosting\/","https:\/\/www.youtube.com\/c\/Kinsta"]}]}},"acf":[],"_links":{"self":[{"href":"https:\/\/kinsta.com\/se\/wp-json\/wp\/v2\/pages\/38953","targetHints":{"allow":["GET"]}}],"collection":[{"href":"https:\/\/kinsta.com\/se\/wp-json\/wp\/v2\/pages"}],"about":[{"href":"https:\/\/kinsta.com\/se\/wp-json\/wp\/v2\/types\/page"}],"author":[{"embeddable":true,"href":"https:\/\/kinsta.com\/se\/wp-json\/wp\/v2\/users\/115"}],"replies":[{"embeddable":true,"href":"https:\/\/kinsta.com\/se\/wp-json\/wp\/v2\/comments?post=38953"}],"version-history":[{"count":11,"href":"https:\/\/kinsta.com\/se\/wp-json\/wp\/v2\/pages\/38953\/revisions"}],"predecessor-version":[{"id":56615,"href":"https:\/\/kinsta.com\/se\/wp-json\/wp\/v2\/pages\/38953\/revisions\/56615"}],"up":[{"embeddable":true,"href":"https:\/\/kinsta.com\/se\/wp-json\/wp\/v2\/pages\/38951"}],"alternate":[{"embeddable":true,"hreflang":"en","title":"English","href":"https:\/\/kinsta.com\/se\/wp-json\/kinsta\/v1\/posts\/38953\/translations\/en"},{"embeddable":true,"hreflang":"da","title":"Danish","href":"https:\/\/kinsta.com\/se\/wp-json\/kinsta\/v1\/posts\/38953\/translations\/dk"},{"embeddable":true,"hreflang":"nl","title":"Dutch","href":"https:\/\/kinsta.com\/se\/wp-json\/kinsta\/v1\/posts\/38953\/translations\/nl"},{"embeddable":true,"hreflang":"fr","title":"French","href":"https:\/\/kinsta.com\/se\/wp-json\/kinsta\/v1\/posts\/38953\/translations\/fr"},{"embeddable":true,"hreflang":"de","title":"German","href":"https:\/\/kinsta.com\/se\/wp-json\/kinsta\/v1\/posts\/38953\/translations\/de"},{"embeddable":true,"hreflang":"it","title":"Italian","href":"https:\/\/kinsta.com\/se\/wp-json\/kinsta\/v1\/posts\/38953\/translations\/it"},{"embeddable":true,"hreflang":"ja","title":"Japanese","href":"https:\/\/kinsta.com\/se\/wp-json\/kinsta\/v1\/posts\/38953\/translations\/jp"},{"embeddable":true,"hreflang":"pt","title":"Portuguese","href":"https:\/\/kinsta.com\/se\/wp-json\/kinsta\/v1\/posts\/38953\/translations\/pt"},{"embeddable":true,"hreflang":"es","title":"Spanish","href":"https:\/\/kinsta.com\/se\/wp-json\/kinsta\/v1\/posts\/38953\/translations\/es"},{"embeddable":true,"hreflang":"sv","title":"Swedish","href":"https:\/\/kinsta.com\/se\/wp-json\/kinsta\/v1\/posts\/38953\/translations\/se"},{"href":"https:\/\/kinsta.com\/se\/wp-json\/kinsta\/v1\/posts\/38953\/tree"}],"wp:featuredmedia":[{"embeddable":true,"href":"https:\/\/kinsta.com\/se\/wp-json\/wp\/v2\/media\/54728"}],"wp:attachment":[{"href":"https:\/\/kinsta.com\/se\/wp-json\/wp\/v2\/media?parent=38953"}],"curies":[{"name":"wp","href":"https:\/\/api.w.org\/{rel}","templated":true}]}}