{"id":39292,"date":"2021-05-27T15:16:01","date_gmt":"2021-05-27T13:16:01","guid":{"rendered":"https:\/\/kinsta.com\/?page_id=88591"},"modified":"2023-10-06T15:45:40","modified_gmt":"2023-10-06T15:45:40","slug":"cloudflare-marknadsandel","status":"publish","type":"page","link":"https:\/\/kinsta.com\/se\/cloudflare-marknadsandel\/","title":{"rendered":"Cloudflare\u00b4s marknadsandel"},"content":{"rendered":"\n<header class=\"wp-block-kinsta-hero-title is-style-center-screenshot alignfull\"><div class=\"wp-block-kinsta-hero-title__inner\">\n<div class=\"wp-block-kinsta-columns is-vertical-center\">\n<div class=\"wp-block-kinsta-column wp-block-kinsta-columns__column\">\n<div class=\"wp-block-kinsta-hero-title-content wp-block-kinsta-hero-title__content\"><h1 class=\"wp-block-kinsta-hero-title__title\">Cloudflare\u00b4s marknadsandel<\/h1>\n<p>Cloudflare \u00e4r en stor akt\u00f6r n\u00e4r det g\u00e4ller webbs\u00e4kerhet och prestanda. F\u00f6rutom avancerade brandv\u00e4ggar erbjuder Cloudflare \u00e4ven en m\u00e4ngd prestandah\u00f6jande tj\u00e4nster f\u00f6r webbplatser som CDN-cachelagring, bildoptimering, intelligent trafikroutning och mer. L\u00e4s mer om Cloudflares v\u00e4xande marknadsandel!<\/p>\n\n\n\n<div class=\"wp-block-kinsta-buttons alignleft\">\n\n<\/div>\n<\/div>\n<\/div>\n\n\n\n<div class=\"wp-block-kinsta-column wp-block-kinsta-columns__column\">\n<div class=\"wp-block-kinsta-hero-title-secondary wp-block-kinsta-hero-title__secondary\"><\/div>\n<\/div>\n<\/div>\n<\/div><\/header>\n\n\n\n<p>Ett av de mest effektiva s\u00e4tten f\u00f6r att f\u00f6rb\u00e4ttra en webbplats prestanda \u00e4r att anv\u00e4nda ett CONTENT Delivery Network (CDN) som <a href=\"https:\/\/kinsta.com\/se\/blog\/installerar-cloudflare\/\">Cloudflare<\/a>. CDNs blir alltmer popul\u00e4ra f\u00f6r webbplatser i alla storlekar, och Cloudflare \u00e4r ett av de mest popul\u00e4ra namnen p\u00e5 marknaden.<\/p>\n\n\n\n<p>Det finns naturligtvis m\u00e5nga <a href=\"https:\/\/kinsta.com\/se\/blog\/wordpress-cdn\/\">CDN-alternativ<\/a> att v\u00e4lja mellan f\u00f6rutom Cloudflare. Men dess attraktiva priss\u00e4ttning g\u00f6r just detta CDN till en toppkonkurrent. L\u00e5t oss kolla hur popul\u00e4rt det \u00e4r enligt statistiken.<\/p>\n\n\n\n<h2 class=\"wp-block-heading\" id=\"h-cloudflare-i-en-kort-sammanfattning\">Cloudflare i en kort sammanfattning<\/h2>\n\n\n\n<ul class=\"wp-block-list\">\n<li>Cloudflare \u00e4r ett av f\u00e5 CDNs som erbjuder en kostnadsfri plan, vilket g\u00f6r det till ett popul\u00e4rt val f\u00f6r nya och v\u00e4xande webbplatser.<\/li>\n\n\n\n<li>Cloudflare parkopplar sina CDN-tj\u00e4nster med funktioner som <a href=\"https:\/\/kinsta.com\/se\/blog\/vad-ar-en-ddos-attack\/\">DDoS-skydd<\/a> (Denial of Service), \u00a0<a href=\"https:\/\/kinsta.com\/se\/blog\/vad-ar-en-brandvagg\/\">webbapplikationsbrandv\u00e4ggar<\/a> (WAF), \u00a0<a href=\"https:\/\/kinsta.com\/se\/blog\/optimerar-bilder-for-webb\/\">bildoptimering<\/a>, prioritering av IP-intervall med mera.<\/li>\n\n\n\n<li>Populariteten hos CDN-plattformar som Cloudflare kommer troligtvis forts\u00e4tta att v\u00e4xa, i takt med att fler hosting-leverant\u00f6rer erbjuder enkla integreringsalternativ. P\u00e5 Kinsta kan du exempelvis <a href=\"https:\/\/kinsta.com\/docs\/wordpress-hosting\/wordpress-cdn\/kinsta-cdn\/#kinstas-cdn\">distribuera ett CDN<\/a> med n\u00e5gra klick. Det betyder att du inte beh\u00f6ver <a href=\"https:\/\/kinsta.com\/se\/blog\/sysadmin\/\">sysadmin-erfarenhet<\/a> f\u00f6r att aktivera ett CDN f\u00f6r din webbplats.<\/li>\n<\/ul>\n\n\n\n<p>Om man bortser fr\u00e5n Cloudflare \u00e4r <a href=\"https:\/\/kinsta.com\/se\/lar\/snabba-upp-wordpress\/\">webbplatsoptimering<\/a> viktigare \u00e4n n\u00e5gonsin, b\u00e5de f\u00f6r att s\u00e4kerst\u00e4lla en engagerande anv\u00e4ndarupplevelse och f\u00f6r att garantera att du inte kommer att f\u00f6rlora trafik.<\/p>\n\n\n\n<p>F\u00f6r att visa var dessa slutsatser kommer ifr\u00e5n har vi sammanst\u00e4llt en del statistik om Cloudflares marknadsandel och hur den st\u00e5r sig j\u00e4mf\u00f6rt med liknande tj\u00e4nster.<\/p>\n\n\n\n<h2 class=\"wp-block-heading\">Cloudflare anv\u00e4nds av 81.2% av alla webbplatser som f\u00f6rlitar sig p\u00e5 inneh\u00e5llsleveransn\u00e4tverk<\/h2>\n\n\n\n<p>Enligt data fr\u00e5n W3Techs f\u00f6rlitar sig <a href=\"https:\/\/w3techs.com\/technologies\/details\/cn-cloudflare#:~:text=Cloudflare%20is%20used%20by%2081.2,an%20extensive%20Cloudflare%20market%20report.\" target=\"_blank\" rel=\"noreferrer noopener\">81,2% av alla webbplatser<\/a> som anv\u00e4nder ett CDN eller <a href=\"https:\/\/kinsta.com\/se\/blog\/omvand-proxy\/\">omv\u00e4nd proxy<\/a> p\u00e5 Cloudflare:<\/p>\n\n\n\n<figure class=\"wp-block-image size-large\"><a href=\"https:\/\/kinsta.com\/wp-content\/uploads\/2021\/02\/cloudflare-market-position.png\"><img decoding=\"async\" src=\"https:\/\/kinsta.com\/wp-content\/uploads\/2021\/02\/cloudflare-market-position.png\" alt=\"Cloudflare\u00b4s marknadsposition. (K\u00e4lla: W3Techs.com) \" class=\"wp-image-89553\"><\/a><figcaption class=\"wp-element-caption\">Cloudflare\u00b4s marknadsposition. (K\u00e4lla: W3Techs.com)<\/figcaption><\/figure>\n\n\n\n<p>Enligt siffrorna \u00e4r Cloudflare utan tvekan marknadens mest popul\u00e4ra CDN. Det sl\u00e5r ut konkurrenter som Sucuri, Amazon CloudFront, Akamai och Fastly. Det finns knappast brist p\u00e5 tillg\u00e4ngliga CDNs, och n\u00e5gra av Cloudflares rivaler drivs av stora namn som Amazon. Detta g\u00f6r den f\u00f6rstn\u00e4mnda dominansen \u00e4nnu mer imponerande.<\/p>\n\n\n\n<h2 class=\"wp-block-heading\">N\u00e5gra av de mest popul\u00e4ra webbplatserna i v\u00e4rlden anv\u00e4nder Cloudflare<\/h2>\n\n\n\n<p>N\u00e4r du tittar p\u00e5 de b\u00e4sta CDN-leverant\u00f6rerna i v\u00e4rlden och begrundar deras kundantal kan du b\u00f6rja f\u00f6rst\u00e5 hur marknaden fungerar p\u00e5 en djupare niv\u00e5. N\u00e4r det g\u00e4ller kundantal leder Cloudflare fortfarande ligan, f\u00f6ljt av Amazon CloudFront och Akamai:<\/p>\n\n\n\n<figure class=\"wp-block-image size-large\"><a href=\"https:\/\/kinsta.com\/wp-content\/uploads\/2021\/02\/cdn-customer-count-chart-1.png\"><img decoding=\"async\" src=\"https:\/\/kinsta.com\/wp-content\/uploads\/2021\/02\/cdn-customer-count-chart-1-1024x897.png\" alt=\"Kundantal f\u00f6r olika CDN-leverant\u00f6rer. (K\u00e4lla: Intricately) \" class=\"wp-image-89557\"><\/a><figcaption class=\"wp-element-caption\">Kundantal f\u00f6r olika CDN-leverant\u00f6rer. (K\u00e4lla: Intricately)<\/figcaption><\/figure>\n\n\n\n<p>Dessa tre CDNs st\u00e5r tillsammans f\u00f6r 89% av kunderna p\u00e5 CDN-marknaden. N\u00e5gra av Cloudflares st\u00f6rsta anv\u00e4ndare inkluderar webbplatser som:<\/p>\n\n\n\n<ul class=\"wp-block-list\">\n<li>Medium<\/li>\n\n\n\n<li>Discord<\/li>\n\n\n\n<li>Fiverr<\/li>\n\n\n\n<li>Udemy<\/li>\n\n\n\n<li>Canva<\/li>\n<\/ul>\n\n\n\n<p>\u00c4ven om Cloudflare dominerar i b\u00e5de marknadsandel och kundantal, best\u00e5r st\u00f6rre delen av dess kundbas av sm\u00e5 till medelstora webbplatser och f\u00f6retag. N\u00e4r det g\u00e4ller f\u00f6retagskunder har Akamai en f\u00f6rdel, eftersom det har funnits p\u00e5 marknaden mycket l\u00e4ngre \u00e4n sina konkurrenter.<\/p>\n\n\n\n<p>Denna skillnad i konsumentbas \u00e4r en del av anledningen till att Cloudflares int\u00e4kter, trots den massiva dominansen n\u00e4r det g\u00e4ller marknadsandelar, uppg\u00e5r till cirka 287 miljoner dollar per \u00e5r (2019). Akamai, \u00e5 andra sidan, drog in 2,89 miljarder dollar samma \u00e5r.<\/p>\n\n\n\n<p>Data fr\u00e5n BuiltWith avsl\u00f6jar att Cloudflare anv\u00e4nds av cirka 30,9% av de topp 10K webbplatserna i v\u00e4rlden:<\/p>\n\n\n\n<figure class=\"wp-block-image size-large\"><a href=\"https:\/\/kinsta.com\/wp-content\/uploads\/2021\/02\/cloudflare-usage-stats.png\"><img decoding=\"async\" src=\"https:\/\/kinsta.com\/wp-content\/uploads\/2021\/02\/cloudflare-usage-stats.png\" alt=\"Anv\u00e4ndningsstatistik f\u00f6r cloudflare. \" class=\"wp-image-89555\"><\/a><figcaption class=\"wp-element-caption\">Anv\u00e4ndningsstatistik f\u00f6r cloudflare.<\/figcaption><\/figure>\n\n\n\n<p>Det \u00e4r viktigt att f\u00f6rst\u00e5 att Cloudflares prestanda n\u00e4r det g\u00e4ller f\u00f6retagets kundbas inte \u00e4r direkt relaterad till kvaliteten p\u00e5 dess tj\u00e4nster. Andra f\u00f6retag, som Amazon CloudFront och Akamai, erbjuder CDNs som en del av en bredare portfolio av tj\u00e4nster. Detta g\u00f6r dem ofta mer attraktiva f\u00f6r kunder p\u00e5 f\u00f6retagsniv\u00e5 som beh\u00f6ver f\u00f6renkla sin portfolio av verktyg.<\/p>\n\n\n\n<h2 class=\"wp-block-heading\">\u00c4r det troligt att Cloudflares marknadsandel kommer att forts\u00e4tta v\u00e4xa?<\/h2>\n\n\n\n<p>Att f\u00f6ruts\u00e4ga ett f\u00f6retags tillv\u00e4xt \u00e4r alltid sv\u00e5rt. Innan vi delar v\u00e5ra tankar med dig, ska vi ta en titt p\u00e5 Cloudflares anv\u00e4ndning under det senaste \u00e5ret:<\/p>\n\n\n\n<figure class=\"wp-block-image size-large\"><a href=\"https:\/\/kinsta.com\/wp-content\/uploads\/2021\/02\/cloudflare-usage-chart-1.png\"><img decoding=\"async\" src=\"https:\/\/kinsta.com\/wp-content\/uploads\/2021\/02\/cloudflare-usage-chart-1.png\" alt=\"Cloudflare\u00b4s anv\u00e4ndningstillv\u00e4xt. (K\u00e4lla: W3Techs.com) \" class=\"wp-image-89556\"><\/a><figcaption class=\"wp-element-caption\">Cloudflare\u00b4s anv\u00e4ndningstillv\u00e4xt. (K\u00e4lla: W3Techs.com)<\/figcaption><\/figure>\n\n\n\n<p>Under 2020 upplevde Cloudflare en massiv tillv\u00e4xt. Det gick fr\u00e5n att anv\u00e4ndas av cirka 10% av alla webbplatser till \u00f6ver 15%, <a href=\"https:\/\/w3techs.com\/technologies\/details\/cn-cloudflare\" target=\"_blank\" rel=\"noreferrer noopener\">enligt W3Techs<\/a>.<\/p>\n\n\n\n<p>Det \u00e4r viktigt att vara medveten om de m\u00e5nga utmaningarna som 2020 medf\u00f6rde f\u00f6r f\u00f6retag \u00f6ver hela v\u00e4rlden. Tack vare detta var f\u00f6retag som Cloudflare i en perfekt position f\u00f6r att dra nytta av aff\u00e4rsverksamheter som \u00f6vergick till distansarbete. P\u00e5 samma g\u00e5ng hade 2020 en massiv \u00f6kning av onlinetrafik- och s\u00e4kerhetsattacker. Enbart DDoS-attackerna <a href=\"https:\/\/www.computing.co.uk\/news\/4023637\/ddos-attacks-increased-300-cent-quarter-2020-compared-q1\" target=\"_blank\" rel=\"noreferrer noopener\">\u00f6kade med 300%<\/a> fr\u00e5n f\u00f6rsta kvartalet till tredje kvartalet under 2020.<\/p>\n\n\n\n<p>S\u00e5 trots Cloudflares nuvarande marknadsandelsdominans kanske det inte kan uppr\u00e4tth\u00e5lla tillv\u00e4xten i samma takt som det gjorde 2020 p\u00e5 l\u00e4ngre sikt. Under de n\u00e4rmaste \u00e5ren blir vi dock inte f\u00f6rv\u00e5nade om Cloudflares marknadsandel forts\u00e4tter att \u00f6ka (om \u00e4n l\u00e5ngsammare \u00e4n 2020).<\/p>\n\n\n\n<p>\u00c5 andra sidan har vi under de senaste \u00e5ren m\u00e4rkt att fler och fler f\u00f6retag f\u00f6rst\u00e5r hur viktig webbplatsens prestanda \u00e4r. CDN\u00b4s \u00e4r en av de mest effektiva l\u00f6sningarna f\u00f6r att \u00f6ka webbplatsens och applikationens prestanda.<\/p>\n\n\n\n<p>Cloudflares befintliga popularitet, enkel integrering, l\u00f6sningar som <a href=\"https:\/\/kinsta.com\/se\/blog\/cloudflare-apo\/\">automatisk plattformsoptimering (APO)<\/a> och priss\u00e4ttning g\u00f6r det till ett attraktivt alternativ f\u00f6r &#8221;sm\u00e5&#8221; webbplatser som inte har budgeten f\u00f6r andra l\u00f6sningar.<\/p>\n\n\n\n<h2 class=\"wp-block-heading\"><strong>Hur st\u00e5r sig Cloudflares tillv\u00e4xt j\u00e4mf\u00f6rt med andra CDNs?<\/strong><\/h2>\n\n\n\n<p>Cloudflares senaste tillv\u00e4xttakt \u00f6vertr\u00e4ffar stort de fr\u00e4msta konkurrenterna. Under 2020 gick Amazon CloudFront fr\u00e5n att anv\u00e4ndas p\u00e5 cirka 0,8% av alla webbplatser till n\u00e4stan 1%:<\/p>\n\n\n\n<figure class=\"wp-block-image size-large\"><a href=\"https:\/\/kinsta.com\/wp-content\/uploads\/2021\/02\/amazon-cloudfront-usage-chart.png\"><img decoding=\"async\" src=\"https:\/\/kinsta.com\/wp-content\/uploads\/2021\/02\/amazon-cloudfront-usage-chart.png\" alt=\"Amazon Cloudfront\u00b4s anv\u00e4ndning. (K\u00e4lla: W3Techs.com) \" class=\"wp-image-89551\"><\/a><figcaption class=\"wp-element-caption\">Amazon Cloudfront\u00b4s anv\u00e4ndning. (K\u00e4lla: W3Techs.com)<\/figcaption><\/figure>\n\n\n\n<p>Akamais marknadsandel var relativt stabil p\u00e5 cirka 0,45% av alla webbplatser, men hade en viss tillv\u00e4xt:<\/p>\n\n\n\n<figure class=\"wp-block-image size-large\"><a href=\"https:\/\/kinsta.com\/wp-content\/uploads\/2021\/02\/akamai-usage-chart.png\"><img decoding=\"async\" src=\"https:\/\/kinsta.com\/wp-content\/uploads\/2021\/02\/akamai-usage-chart.png\" alt=\"Akamai CDN\u00b4s anv\u00e4ndning. (K\u00e4lla: W3Techs.com) \" class=\"wp-image-89550\"><\/a><figcaption class=\"wp-element-caption\">Akamai CDN\u00b4s anv\u00e4ndning. (K\u00e4lla: W3Techs.com)<\/figcaption><\/figure>\n\n\n\n<p>Cloudflares drastiska expansion under 2020 kan tillskrivas dess popularitet bland sm\u00e5f\u00f6retag. I vilket fall som helst \u00e4r det viktigt att f\u00f6rst\u00e5 att \u00e4ven om Akamai och Amazon CloudFronts CDN-marknadsandelar kanske inte ser s\u00e5 imponerande ut, \u00e4r de fortfarande massiva n\u00e4r det g\u00e4ller int\u00e4kter.<\/p>\n\n\n\n<h2 class=\"wp-block-heading\">\u00c4r det dags att prova Cloudflare och anv\u00e4nda ett CDN f\u00f6r din webbplats?<\/h2>\n\n\n\n<p>Med tanke p\u00e5 hur f\u00f6rdelaktiga CDNs \u00e4r finns det ingen anledning att inte integrera ett s\u00e5dant med din webbplats. Du har m\u00e5nga alternativ att v\u00e4lja mellan, s\u00e5 det \u00e4r inte sv\u00e5rt att hitta ett som passar perfekt f\u00f6r dina behov. <strong><a href=\"https:\/\/kinsta.com\/se\/cloudflare-integrering\/\">Kinsta g\u00f6r dessutom processen enklare f\u00f6r dig genom att erbjuda inbyggd integrering med CDN-tj\u00e4nster<\/a><\/strong>.<\/p>\n\n\n\n<p>Om du letar efter ett &#8221;budget&#8221; CDN-alternativ som kan skalas tillsammans med ditt f\u00f6retag kan <a href=\"https:\/\/kinsta.com\/se\/blog\/installerar-cloudflare\/\">Cloudflare vara r\u00e4tt l\u00f6sning<\/a> f\u00f6r dig!<\/p>\n","protected":false},"excerpt":{"rendered":"<p>Ett av de mest effektiva s\u00e4tten f\u00f6r att f\u00f6rb\u00e4ttra en webbplats prestanda \u00e4r att anv\u00e4nda ett CONTENT Delivery Network (CDN) som Cloudflare. CDNs blir alltmer popul\u00e4ra &#8230;<\/p>\n","protected":false},"author":125,"featured_media":55509,"parent":0,"menu_order":0,"comment_status":"closed","ping_status":"closed","template":"","meta":{"_kinsta_gated_content":false,"_kinsta_gated_content_redirect":"","footnotes":""},"class_list":["post-39292","page","type-page","status-publish","has-post-thumbnail","hentry"],"yoast_head":"<!-- This site is optimized with the Yoast SEO Premium plugin v24.6 (Yoast SEO v24.6) - https:\/\/yoast.com\/wordpress\/plugins\/seo\/ -->\n<title>Cloudflare\u00b4s marknadsandel (2026)<\/title>\n<meta name=\"description\" content=\"Cloudflare erbjuder en m\u00e4ngd olika s\u00e4kerhets- och prestandatj\u00e4nster f\u00f6r webbplatser som exempelvis CDN-cachelagring, bildoptimering, brandv\u00e4ggar och mycket mer.\" \/>\n<meta name=\"robots\" content=\"index, follow, max-snippet:-1, max-image-preview:large, max-video-preview:-1\" \/>\n<link rel=\"canonical\" href=\"https:\/\/kinsta.com\/se\/cloudflare-marknadsandel\/\" \/>\n<meta property=\"og:locale\" content=\"sv_SE\" \/>\n<meta property=\"og:type\" content=\"article\" \/>\n<meta property=\"og:title\" content=\"Cloudflare\u00b4s marknadsandel\" \/>\n<meta property=\"og:description\" content=\"Cloudflare erbjuder en m\u00e4ngd olika s\u00e4kerhets- och prestandatj\u00e4nster f\u00f6r webbplatser som exempelvis CDN-cachelagring, bildoptimering, brandv\u00e4ggar och mycket mer.\" \/>\n<meta property=\"og:url\" content=\"https:\/\/kinsta.com\/se\/cloudflare-marknadsandel\/\" \/>\n<meta property=\"og:site_name\" content=\"Kinsta\u00ae\" \/>\n<meta property=\"article:publisher\" content=\"https:\/\/www.facebook.com\/kinstasweden\/\" \/>\n<meta property=\"article:modified_time\" content=\"2023-10-06T15:45:40+00:00\" \/>\n<meta property=\"og:image\" content=\"https:\/\/kinsta.com\/se\/wp-content\/uploads\/sites\/9\/2023\/10\/cloudflare-market-share-SV-1.jpg\" \/>\n\t<meta property=\"og:image:width\" content=\"1200\" \/>\n\t<meta property=\"og:image:height\" content=\"628\" \/>\n\t<meta property=\"og:image:type\" content=\"image\/jpeg\" \/>\n<meta name=\"twitter:card\" content=\"summary_large_image\" \/>\n<meta name=\"twitter:description\" content=\"Cloudflare erbjuder en m\u00e4ngd olika s\u00e4kerhets- och prestandatj\u00e4nster f\u00f6r webbplatser som exempelvis CDN-cachelagring, bildoptimering, brandv\u00e4ggar och mycket mer.\" \/>\n<meta name=\"twitter:image\" content=\"https:\/\/kinsta.com\/se\/wp-content\/uploads\/sites\/9\/2023\/10\/cloudflare-market-share-SV-1.jpg\" \/>\n<meta name=\"twitter:site\" content=\"@kinsta_se\" \/>\n<meta name=\"twitter:label1\" content=\"Ber\u00e4knad l\u00e4stid\" \/>\n\t<meta name=\"twitter:data1\" content=\"6 minuter\" \/>\n<script type=\"application\/ld+json\" class=\"yoast-schema-graph\">{\"@context\":\"https:\/\/schema.org\",\"@graph\":[{\"@type\":\"WebPage\",\"@id\":\"https:\/\/kinsta.com\/se\/cloudflare-marknadsandel\/\",\"url\":\"https:\/\/kinsta.com\/se\/cloudflare-marknadsandel\/\",\"name\":\"Cloudflare\u00b4s marknadsandel (2026)\",\"isPartOf\":{\"@id\":\"https:\/\/kinsta.com\/se\/#website\"},\"primaryImageOfPage\":{\"@id\":\"https:\/\/kinsta.com\/se\/cloudflare-marknadsandel\/#primaryimage\"},\"image\":{\"@id\":\"https:\/\/kinsta.com\/se\/cloudflare-marknadsandel\/#primaryimage\"},\"thumbnailUrl\":\"https:\/\/kinsta.com\/se\/wp-content\/uploads\/sites\/9\/2023\/10\/cloudflare-market-share-SV-1.jpg\",\"datePublished\":\"2021-05-27T13:16:01+00:00\",\"dateModified\":\"2023-10-06T15:45:40+00:00\",\"description\":\"Cloudflare erbjuder en m\u00e4ngd olika s\u00e4kerhets- och prestandatj\u00e4nster f\u00f6r webbplatser som exempelvis CDN-cachelagring, bildoptimering, brandv\u00e4ggar och mycket mer.\",\"breadcrumb\":{\"@id\":\"https:\/\/kinsta.com\/se\/cloudflare-marknadsandel\/#breadcrumb\"},\"inLanguage\":\"sv-SE\",\"potentialAction\":[{\"@type\":\"ReadAction\",\"target\":[\"https:\/\/kinsta.com\/se\/cloudflare-marknadsandel\/\"]}]},{\"@type\":\"ImageObject\",\"inLanguage\":\"sv-SE\",\"@id\":\"https:\/\/kinsta.com\/se\/cloudflare-marknadsandel\/#primaryimage\",\"url\":\"https:\/\/kinsta.com\/se\/wp-content\/uploads\/sites\/9\/2023\/10\/cloudflare-market-share-SV-1.jpg\",\"contentUrl\":\"https:\/\/kinsta.com\/se\/wp-content\/uploads\/sites\/9\/2023\/10\/cloudflare-market-share-SV-1.jpg\",\"width\":1200,\"height\":628},{\"@type\":\"BreadcrumbList\",\"@id\":\"https:\/\/kinsta.com\/se\/cloudflare-marknadsandel\/#breadcrumb\",\"itemListElement\":[{\"@type\":\"ListItem\",\"position\":1,\"name\":\"Home\",\"item\":\"https:\/\/kinsta.com\/se\/\"},{\"@type\":\"ListItem\",\"position\":2,\"name\":\"Cloudflare\u00b4s marknadsandel\"}]},{\"@type\":\"WebSite\",\"@id\":\"https:\/\/kinsta.com\/se\/#website\",\"url\":\"https:\/\/kinsta.com\/se\/\",\"name\":\"Kinsta\u00ae\",\"description\":\"Snabba, s\u00e4kra, premium hosting-l\u00f6sningar\",\"publisher\":{\"@id\":\"https:\/\/kinsta.com\/se\/#organization\"},\"potentialAction\":[{\"@type\":\"SearchAction\",\"target\":{\"@type\":\"EntryPoint\",\"urlTemplate\":\"https:\/\/kinsta.com\/se\/?s={search_term_string}\"},\"query-input\":{\"@type\":\"PropertyValueSpecification\",\"valueRequired\":true,\"valueName\":\"search_term_string\"}}],\"inLanguage\":\"sv-SE\"},{\"@type\":\"Organization\",\"@id\":\"https:\/\/kinsta.com\/se\/#organization\",\"name\":\"Kinsta\",\"url\":\"https:\/\/kinsta.com\/se\/\",\"logo\":{\"@type\":\"ImageObject\",\"inLanguage\":\"sv-SE\",\"@id\":\"https:\/\/kinsta.com\/se\/#\/schema\/logo\/image\/\",\"url\":\"https:\/\/kinsta.com\/se\/wp-content\/uploads\/sites\/9\/2023\/12\/kinsta-logo.jpeg\",\"contentUrl\":\"https:\/\/kinsta.com\/se\/wp-content\/uploads\/sites\/9\/2023\/12\/kinsta-logo.jpeg\",\"width\":500,\"height\":500,\"caption\":\"Kinsta\"},\"image\":{\"@id\":\"https:\/\/kinsta.com\/se\/#\/schema\/logo\/image\/\"},\"sameAs\":[\"https:\/\/www.facebook.com\/kinstasweden\/\",\"https:\/\/x.com\/kinsta_se\",\"https:\/\/www.instagram.com\/kinstahosting\/\",\"https:\/\/www.linkedin.com\/company\/kinsta\/\",\"https:\/\/www.pinterest.com\/kinstahosting\/\",\"https:\/\/www.youtube.com\/c\/Kinsta\"]}]}<\/script>\n<!-- \/ Yoast SEO Premium plugin. -->","yoast_head_json":{"title":"Cloudflare\u00b4s marknadsandel (2026)","description":"Cloudflare erbjuder en m\u00e4ngd olika s\u00e4kerhets- och prestandatj\u00e4nster f\u00f6r webbplatser som exempelvis CDN-cachelagring, bildoptimering, brandv\u00e4ggar och mycket mer.","robots":{"index":"index","follow":"follow","max-snippet":"max-snippet:-1","max-image-preview":"max-image-preview:large","max-video-preview":"max-video-preview:-1"},"canonical":"https:\/\/kinsta.com\/se\/cloudflare-marknadsandel\/","og_locale":"sv_SE","og_type":"article","og_title":"Cloudflare\u00b4s marknadsandel","og_description":"Cloudflare erbjuder en m\u00e4ngd olika s\u00e4kerhets- och prestandatj\u00e4nster f\u00f6r webbplatser som exempelvis CDN-cachelagring, bildoptimering, brandv\u00e4ggar och mycket mer.","og_url":"https:\/\/kinsta.com\/se\/cloudflare-marknadsandel\/","og_site_name":"Kinsta\u00ae","article_publisher":"https:\/\/www.facebook.com\/kinstasweden\/","article_modified_time":"2023-10-06T15:45:40+00:00","og_image":[{"width":1200,"height":628,"url":"https:\/\/kinsta.com\/se\/wp-content\/uploads\/sites\/9\/2023\/10\/cloudflare-market-share-SV-1.jpg","type":"image\/jpeg"}],"twitter_card":"summary_large_image","twitter_description":"Cloudflare erbjuder en m\u00e4ngd olika s\u00e4kerhets- och prestandatj\u00e4nster f\u00f6r webbplatser som exempelvis CDN-cachelagring, bildoptimering, brandv\u00e4ggar och mycket mer.","twitter_image":"https:\/\/kinsta.com\/se\/wp-content\/uploads\/sites\/9\/2023\/10\/cloudflare-market-share-SV-1.jpg","twitter_site":"@kinsta_se","twitter_misc":{"Ber\u00e4knad l\u00e4stid":"6 minuter"},"schema":{"@context":"https:\/\/schema.org","@graph":[{"@type":"WebPage","@id":"https:\/\/kinsta.com\/se\/cloudflare-marknadsandel\/","url":"https:\/\/kinsta.com\/se\/cloudflare-marknadsandel\/","name":"Cloudflare\u00b4s marknadsandel (2026)","isPartOf":{"@id":"https:\/\/kinsta.com\/se\/#website"},"primaryImageOfPage":{"@id":"https:\/\/kinsta.com\/se\/cloudflare-marknadsandel\/#primaryimage"},"image":{"@id":"https:\/\/kinsta.com\/se\/cloudflare-marknadsandel\/#primaryimage"},"thumbnailUrl":"https:\/\/kinsta.com\/se\/wp-content\/uploads\/sites\/9\/2023\/10\/cloudflare-market-share-SV-1.jpg","datePublished":"2021-05-27T13:16:01+00:00","dateModified":"2023-10-06T15:45:40+00:00","description":"Cloudflare erbjuder en m\u00e4ngd olika s\u00e4kerhets- och prestandatj\u00e4nster f\u00f6r webbplatser som exempelvis CDN-cachelagring, bildoptimering, brandv\u00e4ggar och mycket mer.","breadcrumb":{"@id":"https:\/\/kinsta.com\/se\/cloudflare-marknadsandel\/#breadcrumb"},"inLanguage":"sv-SE","potentialAction":[{"@type":"ReadAction","target":["https:\/\/kinsta.com\/se\/cloudflare-marknadsandel\/"]}]},{"@type":"ImageObject","inLanguage":"sv-SE","@id":"https:\/\/kinsta.com\/se\/cloudflare-marknadsandel\/#primaryimage","url":"https:\/\/kinsta.com\/se\/wp-content\/uploads\/sites\/9\/2023\/10\/cloudflare-market-share-SV-1.jpg","contentUrl":"https:\/\/kinsta.com\/se\/wp-content\/uploads\/sites\/9\/2023\/10\/cloudflare-market-share-SV-1.jpg","width":1200,"height":628},{"@type":"BreadcrumbList","@id":"https:\/\/kinsta.com\/se\/cloudflare-marknadsandel\/#breadcrumb","itemListElement":[{"@type":"ListItem","position":1,"name":"Home","item":"https:\/\/kinsta.com\/se\/"},{"@type":"ListItem","position":2,"name":"Cloudflare\u00b4s marknadsandel"}]},{"@type":"WebSite","@id":"https:\/\/kinsta.com\/se\/#website","url":"https:\/\/kinsta.com\/se\/","name":"Kinsta\u00ae","description":"Snabba, s\u00e4kra, premium hosting-l\u00f6sningar","publisher":{"@id":"https:\/\/kinsta.com\/se\/#organization"},"potentialAction":[{"@type":"SearchAction","target":{"@type":"EntryPoint","urlTemplate":"https:\/\/kinsta.com\/se\/?s={search_term_string}"},"query-input":{"@type":"PropertyValueSpecification","valueRequired":true,"valueName":"search_term_string"}}],"inLanguage":"sv-SE"},{"@type":"Organization","@id":"https:\/\/kinsta.com\/se\/#organization","name":"Kinsta","url":"https:\/\/kinsta.com\/se\/","logo":{"@type":"ImageObject","inLanguage":"sv-SE","@id":"https:\/\/kinsta.com\/se\/#\/schema\/logo\/image\/","url":"https:\/\/kinsta.com\/se\/wp-content\/uploads\/sites\/9\/2023\/12\/kinsta-logo.jpeg","contentUrl":"https:\/\/kinsta.com\/se\/wp-content\/uploads\/sites\/9\/2023\/12\/kinsta-logo.jpeg","width":500,"height":500,"caption":"Kinsta"},"image":{"@id":"https:\/\/kinsta.com\/se\/#\/schema\/logo\/image\/"},"sameAs":["https:\/\/www.facebook.com\/kinstasweden\/","https:\/\/x.com\/kinsta_se","https:\/\/www.instagram.com\/kinstahosting\/","https:\/\/www.linkedin.com\/company\/kinsta\/","https:\/\/www.pinterest.com\/kinstahosting\/","https:\/\/www.youtube.com\/c\/Kinsta"]}]}},"acf":[],"_links":{"self":[{"href":"https:\/\/kinsta.com\/se\/wp-json\/wp\/v2\/pages\/39292","targetHints":{"allow":["GET"]}}],"collection":[{"href":"https:\/\/kinsta.com\/se\/wp-json\/wp\/v2\/pages"}],"about":[{"href":"https:\/\/kinsta.com\/se\/wp-json\/wp\/v2\/types\/page"}],"author":[{"embeddable":true,"href":"https:\/\/kinsta.com\/se\/wp-json\/wp\/v2\/users\/125"}],"replies":[{"embeddable":true,"href":"https:\/\/kinsta.com\/se\/wp-json\/wp\/v2\/comments?post=39292"}],"version-history":[{"count":4,"href":"https:\/\/kinsta.com\/se\/wp-json\/wp\/v2\/pages\/39292\/revisions"}],"predecessor-version":[{"id":56120,"href":"https:\/\/kinsta.com\/se\/wp-json\/wp\/v2\/pages\/39292\/revisions\/56120"}],"alternate":[{"embeddable":true,"hreflang":"en","title":"English","href":"https:\/\/kinsta.com\/se\/wp-json\/kinsta\/v1\/posts\/39292\/translations\/en"},{"embeddable":true,"hreflang":"es","title":"Spanish","href":"https:\/\/kinsta.com\/se\/wp-json\/kinsta\/v1\/posts\/39292\/translations\/es"},{"embeddable":true,"hreflang":"it","title":"Italian","href":"https:\/\/kinsta.com\/se\/wp-json\/kinsta\/v1\/posts\/39292\/translations\/it"},{"embeddable":true,"hreflang":"pt","title":"Portuguese","href":"https:\/\/kinsta.com\/se\/wp-json\/kinsta\/v1\/posts\/39292\/translations\/pt"},{"embeddable":true,"hreflang":"nl","title":"Dutch","href":"https:\/\/kinsta.com\/se\/wp-json\/kinsta\/v1\/posts\/39292\/translations\/nl"},{"embeddable":true,"hreflang":"de","title":"German","href":"https:\/\/kinsta.com\/se\/wp-json\/kinsta\/v1\/posts\/39292\/translations\/de"},{"embeddable":true,"hreflang":"fr","title":"French","href":"https:\/\/kinsta.com\/se\/wp-json\/kinsta\/v1\/posts\/39292\/translations\/fr"},{"embeddable":true,"hreflang":"da","title":"Danish","href":"https:\/\/kinsta.com\/se\/wp-json\/kinsta\/v1\/posts\/39292\/translations\/dk"},{"embeddable":true,"hreflang":"ja","title":"Japanese","href":"https:\/\/kinsta.com\/se\/wp-json\/kinsta\/v1\/posts\/39292\/translations\/jp"},{"embeddable":true,"hreflang":"sv","title":"Swedish","href":"https:\/\/kinsta.com\/se\/wp-json\/kinsta\/v1\/posts\/39292\/translations\/se"},{"href":"https:\/\/kinsta.com\/se\/wp-json\/kinsta\/v1\/posts\/39292\/tree"}],"wp:featuredmedia":[{"embeddable":true,"href":"https:\/\/kinsta.com\/se\/wp-json\/wp\/v2\/media\/55509"}],"wp:attachment":[{"href":"https:\/\/kinsta.com\/se\/wp-json\/wp\/v2\/media?parent=39292"}],"curies":[{"name":"wp","href":"https:\/\/api.w.org\/{rel}","templated":true}]}}