{"id":4579,"date":"2016-03-07T18:42:07","date_gmt":"2016-03-07T18:42:07","guid":{"rendered":"http:\/\/kinsta.dev\/?page_id=4573"},"modified":"2025-01-29T09:12:53","modified_gmt":"2025-01-29T09:12:53","slug":"juridiskt","status":"publish","type":"page","link":"https:\/\/kinsta.com\/se\/juridiskt\/","title":{"rendered":"Juridisk information"},"content":{"rendered":"<aside role=\"note\" class=\"wp-block-kinsta-notice is-style-plain\">\n        <p>Detta \u00e4r den Svenska \u00f6vers\u00e4ttningen av det Engelska originalet av den juridiska sektionen. V\u00e4nligen notera att medan vi tar alla f\u00f6rsiktighets\u00e5tg\u00e4rder n\u00f6dv\u00e4ndiga, f\u00f6r att se till att texten nedan \u00e4r korrekt, i h\u00e4ndelse av eventuell avvikelse mellan de tv\u00e5 versionerna, r\u00e5der den engelska versionen. Den ursprungliga juridiska texten \u00e5terfinns <a href=\"https:\/\/kinsta.com\/legal\/\" target=\"_blank\" rel=\"noopener noreferrer\" data-no-translate>h\u00e4r<\/a>.<\/p>\n<\/aside>\n\n\n\n\n<p>Att ha moderna termer av serviceavtal, villkor och sekretess och upphovsr\u00e4ttsdokument \u00e4r grunden f\u00f6r ett \u00f6ppet f\u00f6retagsklimat. Vi see till att grunden i v\u00e5r verksamhet \u00e4r tydlig och vi bjuder in dig att l\u00e4sa dessa dokument n\u00e4r som helst.<\/p>\n\n\n\n<h3 class=\"wp-block-heading\" id=\"h-anv-ndarvillkor\">Anv\u00e4ndarvillkor<\/h3>\n\n\n\n<p>Anv\u00e4ndarvillkoren sammanfattar parternas r\u00e4ttigheter, skyldigheter och begr\u00e4nsningar ang\u00e5ende v\u00e5ra tj\u00e4nster.<\/p>\n\n\n\n<div class=\"wp-block-kinsta-buttons\">\n<a class=\"wp-block-kinsta-button\" href=\"https:\/\/kinsta.com\/legal\/terms-service\/\">L\u00e4sa online<\/a>\n<\/div>\n\n\n\n<h3 class=\"wp-block-heading\" id=\"h-sekretess-och-upphovsr-tt\">Sekretess och upphovsr\u00e4tt<\/h3>\n\n\n\n<p>Sekretess policy definierar hur vi hanterar data p\u00e5 v\u00e5ra servrar och vad man ska g\u00f6ra i h\u00e4ndelse av intr\u00e5ng av upphovsr\u00e4tten.<\/p>\n\n\n\n<div class=\"wp-block-kinsta-buttons\">\n<a class=\"wp-block-kinsta-button\" href=\"https:\/\/kinsta.com\/legal\/privacy-policy\/\">L\u00e4sa online<\/a>\n<\/div>\n\n\n\n<h3 class=\"wp-block-heading\" id=\"h-datasekretess-till-gg-dpa\">Datasekretess Till\u00e4gg (DPA)<\/h3>\n\n\n\n<p>Dataskyddsmyndigheten fastst\u00e4ller parternas skyldigheter n\u00e4r det g\u00e4ller behandlingen och s\u00e4kerheten av kundens personuppgifter.<\/p>\n\n\n\n<div class=\"wp-block-kinsta-buttons\">\n<a class=\"wp-block-kinsta-button\" href=\"https:\/\/kinsta.com\/legal\/data-processing-addendum\/\">L\u00e4sa online<\/a>\n<\/div>\n\n\n\n<h3 class=\"wp-block-heading\" id=\"h-underbehandlare\">Underbehandlare<\/h3>\n\n\n\n<p>V\u00e5r sida f\u00f6r underbehandlare f\u00f6rklarar hur Kinsta interagerar med underbehandlare f\u00f6r att st\u00f6dja v\u00e5ra tj\u00e4nster.<\/p>\n\n\n\n<div class=\"wp-block-kinsta-buttons\">\n<a class=\"wp-block-kinsta-button\" href=\"https:\/\/kinsta.com\/legal\/subprocessors\/\">L\u00e4sa online<\/a>\n<\/div>\n\n\n\n<h3 class=\"wp-block-heading\" id=\"h-serviceniv-avtal\">Serviceniv\u00e5 avtal<\/h3>\n\n\n\n<p>SLA beskriver tillg\u00e4ngligheten av v\u00e5r tj\u00e4nst, v\u00e5ra m\u00e5l f\u00f6r felsvar, och de konsekvenser det har f\u00f6r v\u00e5r del om vi misslyckas med att uppfylla dessa m\u00e5l.<\/p>\n\n\n\n<div class=\"wp-block-kinsta-buttons\">\n<a class=\"wp-block-kinsta-button\" href=\"https:\/\/kinsta.com\/legal\/service-level-agreement\/\">L\u00e4sa online<\/a>\n<\/div>\n\n\n\n<h3 class=\"wp-block-heading\" id=\"h-affiliate-villkor\">Affiliate villkor<\/h3>\n\n\n\n<p>Affiliate villkor reglerar Kinsta affiliate-n\u00e4tverk.<\/p>\n\n\n\n<div class=\"wp-block-kinsta-buttons\">\n<a class=\"wp-block-kinsta-button\" href=\"https:\/\/kinsta.com\/legal\/affiliate-terms\/\">L\u00e4sa online<\/a>\n<\/div>\n\n\n\n<h3 class=\"wp-block-heading\" id=\"h-regler-och-villkor-f-r-kundh-nvisningsprogram\">Regler och villkor f\u00f6r kundh\u00e4nvisningsprogram<\/h3>\n\n\n\n<p>Kundh\u00e4nvisningsvillkoren styr h\u00e4nvisningsprogrammet.<\/p>\n\n\n\n<div class=\"wp-block-kinsta-buttons\">\n<a class=\"wp-block-kinsta-button\" href=\"https:\/\/kinsta.com\/legal\/referral-terms\/\">L\u00e4sa online<\/a>\n<\/div>\n\n\n\n<h3 class=\"wp-block-heading\" id=\"h-cookie-inst-llningar\">Cookie-Inst\u00e4llningar<\/h3>\n\n\n\n<p>En cookie \u00e4r en str\u00e4ng av information som en webbplats lagrar p\u00e5 bes\u00f6karens dator och som bes\u00f6karens webbl\u00e4sare ger till webbplatsen varje g\u00e5ng bes\u00f6karen \u00e5terv\u00e4nder. P\u00e5 denna sida kan du finjustera dina cookie-inst\u00e4llningar p\u00e5 Kinsta webbplats.<\/p>\n\n\n\n<div class=\"wp-block-kinsta-buttons\">\n<a class=\"wp-block-kinsta-button\" href=\"https:\/\/kinsta.com\/se\/cookie-installningar\/\">Visa Detaljer<\/a>\n<\/div>\n","protected":false},"excerpt":{"rendered":"<p>Att ha moderna termer av serviceavtal, villkor och sekretess och upphovsr\u00e4ttsdokument \u00e4r grunden f\u00f6r ett \u00f6ppet f\u00f6retagsklimat. Vi see till att grunden i v\u00e5r verksamhet \u00e4r &#8230;<\/p>\n","protected":false},"author":18,"featured_media":0,"parent":0,"menu_order":0,"comment_status":"closed","ping_status":"closed","template":"templates\/template-article.php","meta":{"_kinsta_gated_content":false,"_kinsta_gated_content_redirect":"","footnotes":""},"class_list":["post-4579","page","type-page","status-publish","hentry"],"yoast_head":"<!-- This site is optimized with the Yoast SEO Premium plugin v24.6 (Yoast SEO v24.6) - https:\/\/yoast.com\/wordpress\/plugins\/seo\/ -->\n<title>Juridisk information - Kinsta<\/title>\n<meta name=\"description\" content=\"Att ha moderna termer av serviceavtal, villkor och sekrettess och upphovsr\u00e4ttsdokument \u00e4r grunden f\u00f6r ett \u00f6ppet f\u00f6retagsklimat.\" \/>\n<meta name=\"robots\" content=\"index, follow, max-snippet:-1, max-image-preview:large, max-video-preview:-1\" \/>\n<link rel=\"canonical\" href=\"https:\/\/kinsta.com\/se\/juridiskt\/\" \/>\n<meta property=\"og:locale\" content=\"sv_SE\" \/>\n<meta property=\"og:type\" content=\"article\" \/>\n<meta property=\"og:title\" content=\"Juridisk information\" \/>\n<meta property=\"og:description\" content=\"Att ha moderna termer av serviceavtal, villkor och sekrettess och upphovsr\u00e4ttsdokument \u00e4r grunden f\u00f6r ett \u00f6ppet f\u00f6retagsklimat.\" \/>\n<meta property=\"og:url\" content=\"https:\/\/kinsta.com\/se\/juridiskt\/\" \/>\n<meta property=\"og:site_name\" content=\"Kinsta\u00ae\" \/>\n<meta property=\"article:publisher\" content=\"https:\/\/www.facebook.com\/kinstasweden\/\" \/>\n<meta property=\"article:modified_time\" content=\"2025-01-29T09:12:53+00:00\" \/>\n<meta property=\"og:image\" content=\"https:\/\/kinsta.com\/se\/wp-content\/uploads\/sites\/9\/2023\/12\/kinsta-homepage-se.png\" \/>\n\t<meta property=\"og:image:width\" content=\"1200\" \/>\n\t<meta property=\"og:image:height\" content=\"628\" \/>\n\t<meta property=\"og:image:type\" content=\"image\/png\" \/>\n<meta name=\"twitter:card\" content=\"summary_large_image\" \/>\n<meta name=\"twitter:description\" content=\"Att ha moderna termer av serviceavtal, villkor och sekrettess och upphovsr\u00e4ttsdokument \u00e4r grunden f\u00f6r ett \u00f6ppet f\u00f6retagsklimat.\" \/>\n<meta name=\"twitter:image\" content=\"https:\/\/kinsta.com\/se\/wp-content\/uploads\/sites\/9\/2023\/12\/kinsta-homepage-se.png\" \/>\n<meta name=\"twitter:site\" content=\"@kinsta_se\" \/>\n<meta name=\"twitter:label1\" content=\"Ber\u00e4knad l\u00e4stid\" \/>\n\t<meta name=\"twitter:data1\" content=\"2 minuter\" \/>\n<script type=\"application\/ld+json\" class=\"yoast-schema-graph\">{\"@context\":\"https:\/\/schema.org\",\"@graph\":[{\"@type\":\"WebPage\",\"@id\":\"https:\/\/kinsta.com\/se\/juridiskt\/\",\"url\":\"https:\/\/kinsta.com\/se\/juridiskt\/\",\"name\":\"Juridisk information - Kinsta\",\"isPartOf\":{\"@id\":\"https:\/\/kinsta.com\/se\/#website\"},\"datePublished\":\"2016-03-07T18:42:07+00:00\",\"dateModified\":\"2025-01-29T09:12:53+00:00\",\"description\":\"Att ha moderna termer av serviceavtal, villkor och sekrettess och upphovsr\u00e4ttsdokument \u00e4r grunden f\u00f6r ett \u00f6ppet f\u00f6retagsklimat.\",\"breadcrumb\":{\"@id\":\"https:\/\/kinsta.com\/se\/juridiskt\/#breadcrumb\"},\"inLanguage\":\"sv-SE\",\"potentialAction\":[{\"@type\":\"ReadAction\",\"target\":[\"https:\/\/kinsta.com\/se\/juridiskt\/\"]}]},{\"@type\":\"BreadcrumbList\",\"@id\":\"https:\/\/kinsta.com\/se\/juridiskt\/#breadcrumb\",\"itemListElement\":[{\"@type\":\"ListItem\",\"position\":1,\"name\":\"Home\",\"item\":\"https:\/\/kinsta.com\/se\/\"},{\"@type\":\"ListItem\",\"position\":2,\"name\":\"Juridisk information\"}]},{\"@type\":\"WebSite\",\"@id\":\"https:\/\/kinsta.com\/se\/#website\",\"url\":\"https:\/\/kinsta.com\/se\/\",\"name\":\"Kinsta\u00ae\",\"description\":\"Snabba, s\u00e4kra, premium hosting-l\u00f6sningar\",\"publisher\":{\"@id\":\"https:\/\/kinsta.com\/se\/#organization\"},\"potentialAction\":[{\"@type\":\"SearchAction\",\"target\":{\"@type\":\"EntryPoint\",\"urlTemplate\":\"https:\/\/kinsta.com\/se\/?s={search_term_string}\"},\"query-input\":{\"@type\":\"PropertyValueSpecification\",\"valueRequired\":true,\"valueName\":\"search_term_string\"}}],\"inLanguage\":\"sv-SE\"},{\"@type\":\"Organization\",\"@id\":\"https:\/\/kinsta.com\/se\/#organization\",\"name\":\"Kinsta\",\"url\":\"https:\/\/kinsta.com\/se\/\",\"logo\":{\"@type\":\"ImageObject\",\"inLanguage\":\"sv-SE\",\"@id\":\"https:\/\/kinsta.com\/se\/#\/schema\/logo\/image\/\",\"url\":\"https:\/\/kinsta.com\/se\/wp-content\/uploads\/sites\/9\/2023\/12\/kinsta-logo.jpeg\",\"contentUrl\":\"https:\/\/kinsta.com\/se\/wp-content\/uploads\/sites\/9\/2023\/12\/kinsta-logo.jpeg\",\"width\":500,\"height\":500,\"caption\":\"Kinsta\"},\"image\":{\"@id\":\"https:\/\/kinsta.com\/se\/#\/schema\/logo\/image\/\"},\"sameAs\":[\"https:\/\/www.facebook.com\/kinstasweden\/\",\"https:\/\/x.com\/kinsta_se\",\"https:\/\/www.instagram.com\/kinstahosting\/\",\"https:\/\/www.linkedin.com\/company\/kinsta\/\",\"https:\/\/www.pinterest.com\/kinstahosting\/\",\"https:\/\/www.youtube.com\/c\/Kinsta\"]}]}<\/script>\n<!-- \/ Yoast SEO Premium plugin. -->","yoast_head_json":{"title":"Juridisk information - Kinsta","description":"Att ha moderna termer av serviceavtal, villkor och sekrettess och upphovsr\u00e4ttsdokument \u00e4r grunden f\u00f6r ett \u00f6ppet f\u00f6retagsklimat.","robots":{"index":"index","follow":"follow","max-snippet":"max-snippet:-1","max-image-preview":"max-image-preview:large","max-video-preview":"max-video-preview:-1"},"canonical":"https:\/\/kinsta.com\/se\/juridiskt\/","og_locale":"sv_SE","og_type":"article","og_title":"Juridisk information","og_description":"Att ha moderna termer av serviceavtal, villkor och sekrettess och upphovsr\u00e4ttsdokument \u00e4r grunden f\u00f6r ett \u00f6ppet f\u00f6retagsklimat.","og_url":"https:\/\/kinsta.com\/se\/juridiskt\/","og_site_name":"Kinsta\u00ae","article_publisher":"https:\/\/www.facebook.com\/kinstasweden\/","article_modified_time":"2025-01-29T09:12:53+00:00","og_image":[{"width":1200,"height":628,"url":"https:\/\/kinsta.com\/se\/wp-content\/uploads\/sites\/9\/2023\/12\/kinsta-homepage-se.png","type":"image\/png"}],"twitter_card":"summary_large_image","twitter_description":"Att ha moderna termer av serviceavtal, villkor och sekrettess och upphovsr\u00e4ttsdokument \u00e4r grunden f\u00f6r ett \u00f6ppet f\u00f6retagsklimat.","twitter_image":"https:\/\/kinsta.com\/se\/wp-content\/uploads\/sites\/9\/2023\/12\/kinsta-homepage-se.png","twitter_site":"@kinsta_se","twitter_misc":{"Ber\u00e4knad l\u00e4stid":"2 minuter"},"schema":{"@context":"https:\/\/schema.org","@graph":[{"@type":"WebPage","@id":"https:\/\/kinsta.com\/se\/juridiskt\/","url":"https:\/\/kinsta.com\/se\/juridiskt\/","name":"Juridisk information - Kinsta","isPartOf":{"@id":"https:\/\/kinsta.com\/se\/#website"},"datePublished":"2016-03-07T18:42:07+00:00","dateModified":"2025-01-29T09:12:53+00:00","description":"Att ha moderna termer av serviceavtal, villkor och sekrettess och upphovsr\u00e4ttsdokument \u00e4r grunden f\u00f6r ett \u00f6ppet f\u00f6retagsklimat.","breadcrumb":{"@id":"https:\/\/kinsta.com\/se\/juridiskt\/#breadcrumb"},"inLanguage":"sv-SE","potentialAction":[{"@type":"ReadAction","target":["https:\/\/kinsta.com\/se\/juridiskt\/"]}]},{"@type":"BreadcrumbList","@id":"https:\/\/kinsta.com\/se\/juridiskt\/#breadcrumb","itemListElement":[{"@type":"ListItem","position":1,"name":"Home","item":"https:\/\/kinsta.com\/se\/"},{"@type":"ListItem","position":2,"name":"Juridisk information"}]},{"@type":"WebSite","@id":"https:\/\/kinsta.com\/se\/#website","url":"https:\/\/kinsta.com\/se\/","name":"Kinsta\u00ae","description":"Snabba, s\u00e4kra, premium hosting-l\u00f6sningar","publisher":{"@id":"https:\/\/kinsta.com\/se\/#organization"},"potentialAction":[{"@type":"SearchAction","target":{"@type":"EntryPoint","urlTemplate":"https:\/\/kinsta.com\/se\/?s={search_term_string}"},"query-input":{"@type":"PropertyValueSpecification","valueRequired":true,"valueName":"search_term_string"}}],"inLanguage":"sv-SE"},{"@type":"Organization","@id":"https:\/\/kinsta.com\/se\/#organization","name":"Kinsta","url":"https:\/\/kinsta.com\/se\/","logo":{"@type":"ImageObject","inLanguage":"sv-SE","@id":"https:\/\/kinsta.com\/se\/#\/schema\/logo\/image\/","url":"https:\/\/kinsta.com\/se\/wp-content\/uploads\/sites\/9\/2023\/12\/kinsta-logo.jpeg","contentUrl":"https:\/\/kinsta.com\/se\/wp-content\/uploads\/sites\/9\/2023\/12\/kinsta-logo.jpeg","width":500,"height":500,"caption":"Kinsta"},"image":{"@id":"https:\/\/kinsta.com\/se\/#\/schema\/logo\/image\/"},"sameAs":["https:\/\/www.facebook.com\/kinstasweden\/","https:\/\/x.com\/kinsta_se","https:\/\/www.instagram.com\/kinstahosting\/","https:\/\/www.linkedin.com\/company\/kinsta\/","https:\/\/www.pinterest.com\/kinstahosting\/","https:\/\/www.youtube.com\/c\/Kinsta"]}]}},"acf":[],"_links":{"self":[{"href":"https:\/\/kinsta.com\/se\/wp-json\/wp\/v2\/pages\/4579","targetHints":{"allow":["GET"]}}],"collection":[{"href":"https:\/\/kinsta.com\/se\/wp-json\/wp\/v2\/pages"}],"about":[{"href":"https:\/\/kinsta.com\/se\/wp-json\/wp\/v2\/types\/page"}],"author":[{"embeddable":true,"href":"https:\/\/kinsta.com\/se\/wp-json\/wp\/v2\/users\/18"}],"replies":[{"embeddable":true,"href":"https:\/\/kinsta.com\/se\/wp-json\/wp\/v2\/comments?post=4579"}],"version-history":[{"count":15,"href":"https:\/\/kinsta.com\/se\/wp-json\/wp\/v2\/pages\/4579\/revisions"}],"predecessor-version":[{"id":57848,"href":"https:\/\/kinsta.com\/se\/wp-json\/wp\/v2\/pages\/4579\/revisions\/57848"}],"alternate":[{"embeddable":true,"hreflang":"en","title":"English","href":"https:\/\/kinsta.com\/se\/wp-json\/kinsta\/v1\/posts\/4579\/translations\/en"},{"embeddable":true,"hreflang":"fr","title":"French","href":"https:\/\/kinsta.com\/se\/wp-json\/kinsta\/v1\/posts\/4579\/translations\/fr"},{"embeddable":true,"hreflang":"it","title":"Italian","href":"https:\/\/kinsta.com\/se\/wp-json\/kinsta\/v1\/posts\/4579\/translations\/it"},{"embeddable":true,"hreflang":"de","title":"German","href":"https:\/\/kinsta.com\/se\/wp-json\/kinsta\/v1\/posts\/4579\/translations\/de"},{"embeddable":true,"hreflang":"es","title":"Spanish","href":"https:\/\/kinsta.com\/se\/wp-json\/kinsta\/v1\/posts\/4579\/translations\/es"},{"embeddable":true,"hreflang":"pt","title":"Portuguese","href":"https:\/\/kinsta.com\/se\/wp-json\/kinsta\/v1\/posts\/4579\/translations\/pt"},{"embeddable":true,"hreflang":"nl","title":"Dutch","href":"https:\/\/kinsta.com\/se\/wp-json\/kinsta\/v1\/posts\/4579\/translations\/nl"},{"embeddable":true,"hreflang":"ja","title":"Japanese","href":"https:\/\/kinsta.com\/se\/wp-json\/kinsta\/v1\/posts\/4579\/translations\/jp"},{"embeddable":true,"hreflang":"da","title":"Danish","href":"https:\/\/kinsta.com\/se\/wp-json\/kinsta\/v1\/posts\/4579\/translations\/dk"},{"embeddable":true,"hreflang":"sv","title":"Swedish","href":"https:\/\/kinsta.com\/se\/wp-json\/kinsta\/v1\/posts\/4579\/translations\/se"},{"href":"https:\/\/kinsta.com\/se\/wp-json\/kinsta\/v1\/posts\/4579\/tree"}],"wp:attachment":[{"href":"https:\/\/kinsta.com\/se\/wp-json\/wp\/v2\/media?parent=4579"}],"curies":[{"name":"wp","href":"https:\/\/api.w.org\/{rel}","templated":true}]}}