{"id":56780,"date":"2024-05-06T13:39:42","date_gmt":"2024-05-06T13:39:42","guid":{"rendered":"https:\/\/kinsta.com\/se\/?page_id=56780&#038;preview_id=56780"},"modified":"2026-01-30T12:47:08","modified_gmt":"2026-01-30T12:47:08","slug":"prata-med-salj","status":"publish","type":"page","link":"https:\/\/kinsta.com\/se\/prata-med-salj\/","title":{"rendered":"Prata med f\u00f6rs\u00e4ljning"},"content":{"rendered":"\n<div class=\"wp-block-kinsta-columns is-vertical-top\">\n<div class=\"wp-block-kinsta-column wp-block-kinsta-columns__column\">\n<h1 class=\"wp-block-heading\" id=\"h-prata-med-forsaljning\">Prata med f\u00f6rs\u00e4ljning<\/h1>\n\n\n\n<p>Prata med en av v\u00e5ra kvalificerade hosting-experter med en kombinerad 100+ \u00e5rs branscherfarenhet. Ber\u00e4tta f\u00f6r oss om dina hosting-behov och f\u00e5 en rekommendation som \u00e4r skr\u00e4ddarsydd efter dina behov.<\/p>\n\n\n\n<p><strong>L\u00e4r dig mer om:<\/strong><\/p>\n\n\n\n<ul class=\"wp-block-list\">\n<li>Kinstas migreringsprocess<\/li>\n\n\n\n<li>Hanterade WordPress-webbplatser och andra hosting-tj\u00e4nster<\/li>\n\n\n\n<li>Teamsamarbete i MyKinsta<\/li>\n\n\n\n<li>\u00d6vervakning och analytics<\/li>\n\n\n\n<li>Kinsta&#8217;s expertsupport dygnet runt, alla dagar p\u00e5 \u00e5ret<\/li>\n\n\n\n<li>Funktioner (APM, s\u00e4kerhetskopior, CDN, cachelagring, iscens\u00e4ttning och m\u00e5nga fler)<\/li>\n\n\n\n<li>V\u00e5r s\u00f6ml\u00f6sa upp- och nedgraderings-process<\/li>\n<\/ul>\n\n\n\n<aside class=\"wp-block-kinsta-sales-team\">\n    <ul class=\"sales-team-list\">\n        <li><img loading=\"lazy\" decoding=\"async\" src=\"https:\/\/kinsta.com\/se\/wp-content\/themes\/kinsta\/images\/sales-team\/avatar1.png\" alt=\"Bence Farkas\" width=\"50\" height=\"50\" \/><\/li>\n        <li><img loading=\"lazy\" decoding=\"async\" src=\"https:\/\/kinsta.com\/se\/wp-content\/themes\/kinsta\/images\/sales-team\/avatar2.png\" alt=\"Ella Mabrito\" width=\"50\" height=\"50\" \/><\/li>\n        <li><img loading=\"lazy\" decoding=\"async\" src=\"https:\/\/kinsta.com\/se\/wp-content\/themes\/kinsta\/images\/sales-team\/avatar3.png\" alt=\"Christophe Asselin de Beauville\" width=\"50\" height=\"50\" \/><\/li>\n        <li><img loading=\"lazy\" decoding=\"async\" src=\"https:\/\/kinsta.com\/se\/wp-content\/themes\/kinsta\/images\/sales-team\/avatar4.png\" alt=\"Megan Hall\" width=\"50\" height=\"50\" \/><\/li>\n    <\/ul>\n            <p>V\u00e5ra s\u00e4ljexperter \u00e4r redo att svara p\u00e5 alla dina fr\u00e5gor.<\/p>\n    <\/aside>\n\n\n<\/div>\n\n\n\n<div class=\"wp-block-kinsta-column wp-block-kinsta-columns__column show-sm-up\">\n<figure class=\"wp-block-image size-full\"><img decoding=\"async\" width=\"2040\" height=\"2040\" loading=\"eager\" fetchpriority=\"high\" src=\"https:\/\/kinsta.com\/se\/wp-content\/uploads\/sites\/9\/2026\/01\/SE_asset_talk-to-sales.png\" alt=\"F\u00f6rs\u00e4ljningspresentation med Kinsta-personal\" class=\"wp-image-58626\" srcset=\"https:\/\/kinsta.com\/se\/wp-content\/uploads\/sites\/9\/2026\/01\/SE_asset_talk-to-sales.png 2040w, https:\/\/kinsta.com\/se\/wp-content\/uploads\/sites\/9\/2026\/01\/SE_asset_talk-to-sales-300x300.png 300w, https:\/\/kinsta.com\/se\/wp-content\/uploads\/sites\/9\/2026\/01\/SE_asset_talk-to-sales-1024x1024.png 1024w, https:\/\/kinsta.com\/se\/wp-content\/uploads\/sites\/9\/2026\/01\/SE_asset_talk-to-sales-150x150.png 150w, https:\/\/kinsta.com\/se\/wp-content\/uploads\/sites\/9\/2026\/01\/SE_asset_talk-to-sales-768x768.png 768w, https:\/\/kinsta.com\/se\/wp-content\/uploads\/sites\/9\/2026\/01\/SE_asset_talk-to-sales-1536x1536.png 1536w\" sizes=\"(max-width: 2040px) 100vw, 2040px\" \/><\/figure>\n<\/div>\n<\/div>\n\n\n\n<div style=\"height:50px\" aria-hidden=\"true\" class=\"wp-block-spacer\"><\/div>\n\n\n\n<div class=\"wp-block-kinsta-columns is-vertical-top\">\n<div class=\"wp-block-kinsta-column wp-block-kinsta-columns__column\">\n<div class=\"wp-block-kinsta-tabs is-style-pricing\"><div class=\"wp-block-kinsta-tabs__nav\"><ul><li><a id=\"book-a-call-tab\" href=\"#book-a-call\" class=\"wp-block-kinsta-tabs__tab\"><img decoding=\"async\" alt loading=\"lazy\" class=\"wp-block-kinsta-tabs__tab__icon\" src=\"\/wp-content\/themes\/kinsta\/images\/duos\/small\/star.svg\" aria-hidden=\"true\" width=\"40\" height=\"40\"><span class=\"wp-block-kinsta-tabs__tab__title tab__title_long\">Boka ett samtal nu.<\/span><\/a><\/li><li><a id=\"message-us-tab\" href=\"#message-us\" class=\"wp-block-kinsta-tabs__tab\"><img decoding=\"async\" alt loading=\"lazy\" class=\"wp-block-kinsta-tabs__tab__icon\" src=\"\/wp-content\/themes\/kinsta\/images\/duos\/small\/star.svg\" aria-hidden=\"true\" width=\"40\" height=\"40\"><span class=\"wp-block-kinsta-tabs__tab__title tab__title_long\">Meddela oss<\/span><\/a><\/li><\/ul><\/div><div class=\"wp-block-kinsta-tabs__container\">\n<div class=\"wp-block-kinsta-tabs-tab wp-block-kinsta-tabs__content\" id=\"book-a-call\">\n<h3 class=\"wp-block-heading\" id=\"h-\"><\/h3>\n\n\n\n<div data-interface=\"Appointment\"><\/div>\n<\/div>\n\n\n\n<div class=\"wp-block-kinsta-tabs-tab wp-block-kinsta-tabs__content\" id=\"message-us\">\n<h3 class=\"wp-block-heading\" id=\"h-\"><\/h3>\n\n\n\n<div data-interface=\"Message\"><\/div>\n<\/div>\n<\/div><\/div>\n<\/div>\n\n\n\n<div class=\"wp-block-kinsta-column wp-block-kinsta-columns__column\">\n<h2 class=\"wp-block-heading\" id=\"h-vanliga-fragor\">Vanliga Fr\u00e5gor:<\/h2>\n\n\n\n<div class=\"wp-block-kinsta-accordion\">\n<details class=\"wp-block-kinsta-accordion-item wp-block-kinsta-accordion__item\"><summary class=\"wp-block-kinsta-accordion__title\">Kommer jag pressas att registrera mig?<\/summary>\n<p>Nej! V\u00e5rt team \u00e4r h\u00e4r f\u00f6r att ge r\u00e5d f\u00f6r att inte pressa dig att registrera dig f\u00f6r en l\u00f6sning. Inget \u00e5tagande kr\u00e4vs.<\/p>\n<\/details>\n\n\n\n<details class=\"wp-block-kinsta-accordion-item wp-block-kinsta-accordion__item\"><summary class=\"wp-block-kinsta-accordion__title\">M\u00e5ste jag vara teknisk f\u00f6r att delta i samtalet?<\/summary>\n<p>Det beh\u00f6ver du inte. Vi diskuterar g\u00e4rna antingen den aff\u00e4rsm\u00e4ssiga sidan av saken eller de sn\u00e4va teknikerna. L\u00e5t oss veta dina preferenser, s\u00e5 f\u00f6rbereder vi oss d\u00e4refter.<\/p>\n<\/details>\n\n\n\n<details class=\"wp-block-kinsta-accordion-item wp-block-kinsta-accordion__item\"><summary class=\"wp-block-kinsta-accordion__title\">Ska jag ha min webbplats redo f\u00f6r migrering direkt?<\/summary>\n<p>Nej. Vi hj\u00e4lper s\u00e5klart g\u00e4rna till med h\u00f6gprioriterade migreringar, men vi brainstormar ocks\u00e5 g\u00e4rna tillsammans om framtida projekt.<\/p>\n<\/details>\n\n\n\n<details class=\"wp-block-kinsta-accordion-item wp-block-kinsta-accordion__item\"><summary class=\"wp-block-kinsta-accordion__title\">Kan ni \u00e4ven hj\u00e4lpa till med icke-WordPress-projekt?<\/summary>\n<p>Anv\u00e4nder du n\u00e5gra andra ramverk ut\u00f6ver WordPress eller anv\u00e4nder du inte WordPress \u00f6verhuvudtaget? Vi hj\u00e4lper g\u00e4rna till d\u00e5 ocks\u00e5! L\u00e5t oss veta i ditt meddelande, s\u00e5 ser vi till att kontakta dig med r\u00e4tt experter.<\/p>\n<\/details>\n\n\n\n<details class=\"wp-block-kinsta-accordion-item wp-block-kinsta-accordion__item\"><summary class=\"wp-block-kinsta-accordion__title\">Kommer detta att vara ett standardiserat f\u00f6rs\u00e4ljningsargument?<\/summary>\n<p>Du kan st\u00e4lla in schemat baserat p\u00e5 dina \u00f6nskem\u00e5l. Vill du h\u00f6ra v\u00e5r &#8217;pitch&#8217; s\u00e5 levererar vi g\u00e4rna. Vill du bara brainstorma om ett projekt, bolla g\u00e4rna lite id\u00e9er. Har du massor av fr\u00e5gor som du beh\u00f6ver svar p\u00e5, vi finns d\u00e4r f\u00f6r dig.<\/p>\n<\/details>\n\n\n\n<details class=\"wp-block-kinsta-accordion-item wp-block-kinsta-accordion__item\"><summary class=\"wp-block-kinsta-accordion__title\">Kan jag f\u00e5 en offert direkt efter samtalet?<\/summary>\n<p>Vi delar g\u00e4rna med oss \u200b\u200bav v\u00e5ra rekommendationer och en skr\u00e4ddarsydd offert. V\u00e4nligen f\u00f6rbered och dela din webbplatsstatistik under samtalet s\u00e5 att vi kan g\u00f6ra det mest exakta erbjudandet skr\u00e4ddarsytt f\u00f6r dig.<\/p>\n<\/details>\n<\/div>\n<\/div>\n<\/div>\n\n\n\n<div style=\"height:50px\" aria-hidden=\"true\" class=\"wp-block-spacer\"><\/div>\n\n\n\n<p class=\"has-text-align-center\">Betrott av 230 000+ f\u00f6retag och varum\u00e4rken runt om i v\u00e4rlden<\/p>\n\n\n<div class=\"wp-block-kinsta-template-part--client-logos wp-block-kinsta-template-part--client-logos--scrolling alignwide alignwide wp-block-kinsta-template-part\" ><div class=\"logos is-scrolling\" style=\"\n    --logos-count: 6;\n    --logos-individual-max-width: 200px;\n    --logos-height: 50px;\n    --logos-width-total: 862.81134075252;\n;\">\n    <div class=\"logos__inner\">\n                    <img decoding=\"async\"  src=\"https:\/\/kinsta.com\/se\/wp-content\/themes\/kinsta\/images\/components\/client-logos\/tripadvisor.svg?v=2026-02-23\" width=\"275\" height=\"50\" alt=\"TripAdvisor f\u00f6retagslogotyp\" loading=\"lazy\" class=\"logos__logo\" \/>\n                    <img decoding=\"async\"  src=\"https:\/\/kinsta.com\/se\/wp-content\/themes\/kinsta\/images\/components\/client-logos\/calm.svg?v=2026-02-23\" width=\"50\" height=\"50\" alt=\"Calm f\u00f6retagslogotyp\" loading=\"lazy\" class=\"logos__logo logos__logo--has-shades\" \/>\n                    <img decoding=\"async\"  src=\"https:\/\/kinsta.com\/se\/wp-content\/themes\/kinsta\/images\/components\/client-logos\/clickup.svg?v=2026-02-23\" width=\"201\" height=\"50\" alt=\"ClickUp f\u00f6retagslogotyp\" loading=\"lazy\" class=\"logos__logo\" \/>\n                    <img decoding=\"async\"  src=\"https:\/\/kinsta.com\/se\/wp-content\/themes\/kinsta\/images\/components\/client-logos\/nasa.svg?v=2026-02-23\" width=\"62\" height=\"51\" alt=\"NASA f\u00f6retagslogotyp\" loading=\"lazy\" class=\"logos__logo logos__logo--has-shades\" \/>\n                    <img decoding=\"async\"  src=\"https:\/\/kinsta.com\/se\/wp-content\/themes\/kinsta\/images\/components\/client-logos\/hootsuite.svg?v=2026-02-23\" width=\"225\" height=\"74\" alt=\"Hootsuite f\u00f6retagslogotyp\" loading=\"lazy\" class=\"logos__logo\" \/>\n                    <img decoding=\"async\"  src=\"https:\/\/kinsta.com\/se\/wp-content\/themes\/kinsta\/images\/components\/client-logos\/konica-minolta.svg?v=2026-02-23\" width=\"240\" height=\"50\" alt=\"Konica Minolta f\u00f6retagslogotyp\" loading=\"lazy\" class=\"logos__logo logos__logo--has-shades\" \/>\n            <\/div>\n<\/div>\n<\/div>\n\n\n<p><\/p>\n","protected":false},"excerpt":{"rendered":"<p>Betrott av f\u00f6retag och varum\u00e4rken runt om i v\u00e4rlden<\/p>\n","protected":false},"author":187,"featured_media":0,"parent":0,"menu_order":0,"comment_status":"closed","ping_status":"closed","template":"templates\/template-full-width.php","meta":{"_kinsta_gated_content":false,"_kinsta_gated_content_redirect":"","footnotes":""},"class_list":["post-56780","page","type-page","status-publish","hentry"],"yoast_head":"<!-- This site is optimized with the Yoast SEO Premium plugin v24.6 (Yoast SEO v24.6) - https:\/\/yoast.com\/wordpress\/plugins\/seo\/ -->\n<title>Prata med f\u00f6rs\u00e4ljning - Kinsta\u00ae<\/title>\n<meta name=\"description\" content=\"Expertm\u00e4ssiga r\u00e5d om WordPress-hosting som \u00e4r skr\u00e4ddarsydda f\u00f6r dig. Dra nytta av 100+ \u00e5rs erfarenhet, support dygnet runt och s\u00f6ml\u00f6s migrering.\" \/>\n<meta name=\"robots\" content=\"index, follow, max-snippet:-1, max-image-preview:large, max-video-preview:-1\" \/>\n<link rel=\"canonical\" href=\"https:\/\/kinsta.com\/se\/prata-med-salj\/\" \/>\n<meta property=\"og:locale\" content=\"sv_SE\" \/>\n<meta property=\"og:type\" content=\"article\" \/>\n<meta property=\"og:title\" content=\"Prata med f\u00f6rs\u00e4ljning\" \/>\n<meta property=\"og:description\" content=\"Expertm\u00e4ssiga r\u00e5d om WordPress-hosting som \u00e4r skr\u00e4ddarsydda f\u00f6r dig. Dra nytta av 100+ \u00e5rs erfarenhet, support dygnet runt och s\u00f6ml\u00f6s migrering.\" \/>\n<meta property=\"og:url\" content=\"https:\/\/kinsta.com\/se\/prata-med-salj\/\" \/>\n<meta property=\"og:site_name\" content=\"Kinsta\u00ae\" \/>\n<meta property=\"article:publisher\" content=\"https:\/\/www.facebook.com\/kinstasweden\/\" \/>\n<meta property=\"article:modified_time\" content=\"2026-01-30T12:47:08+00:00\" \/>\n<meta property=\"og:image\" content=\"https:\/\/kinsta.com\/se\/wp-content\/uploads\/sites\/9\/2026\/01\/SE_asset_talk-to-sales.png\" \/>\n<meta name=\"twitter:card\" content=\"summary_large_image\" \/>\n<meta name=\"twitter:description\" content=\"Expertm\u00e4ssiga r\u00e5d om WordPress-hosting som \u00e4r skr\u00e4ddarsydda f\u00f6r dig. Dra nytta av 100+ \u00e5rs erfarenhet, support dygnet runt och s\u00f6ml\u00f6s migrering.\" \/>\n<meta name=\"twitter:image\" content=\"https:\/\/kinsta.com\/se\/wp-content\/uploads\/sites\/9\/2023\/12\/kinsta-homepage-se.png\" \/>\n<meta name=\"twitter:site\" content=\"@kinsta_se\" \/>\n<meta name=\"twitter:label1\" content=\"Ber\u00e4knad l\u00e4stid\" \/>\n\t<meta name=\"twitter:data1\" content=\"2 minuter\" \/>\n<script type=\"application\/ld+json\" class=\"yoast-schema-graph\">{\"@context\":\"https:\/\/schema.org\",\"@graph\":[{\"@type\":\"WebPage\",\"@id\":\"https:\/\/kinsta.com\/se\/prata-med-salj\/\",\"url\":\"https:\/\/kinsta.com\/se\/prata-med-salj\/\",\"name\":\"Prata med f\u00f6rs\u00e4ljning - Kinsta\u00ae\",\"isPartOf\":{\"@id\":\"https:\/\/kinsta.com\/se\/#website\"},\"primaryImageOfPage\":{\"@id\":\"https:\/\/kinsta.com\/se\/prata-med-salj\/#primaryimage\"},\"image\":{\"@id\":\"https:\/\/kinsta.com\/se\/prata-med-salj\/#primaryimage\"},\"thumbnailUrl\":\"https:\/\/kinsta.com\/se\/wp-content\/uploads\/sites\/9\/2026\/01\/SE_asset_talk-to-sales.png\",\"datePublished\":\"2024-05-06T13:39:42+00:00\",\"dateModified\":\"2026-01-30T12:47:08+00:00\",\"description\":\"Expertm\u00e4ssiga r\u00e5d om WordPress-hosting som \u00e4r skr\u00e4ddarsydda f\u00f6r dig. Dra nytta av 100+ \u00e5rs erfarenhet, support dygnet runt och s\u00f6ml\u00f6s migrering.\",\"breadcrumb\":{\"@id\":\"https:\/\/kinsta.com\/se\/prata-med-salj\/#breadcrumb\"},\"inLanguage\":\"sv-SE\",\"potentialAction\":[{\"@type\":\"ReadAction\",\"target\":[\"https:\/\/kinsta.com\/se\/prata-med-salj\/\"]}]},{\"@type\":\"ImageObject\",\"inLanguage\":\"sv-SE\",\"@id\":\"https:\/\/kinsta.com\/se\/prata-med-salj\/#primaryimage\",\"url\":\"https:\/\/kinsta.com\/se\/wp-content\/uploads\/sites\/9\/2026\/01\/SE_asset_talk-to-sales.png\",\"contentUrl\":\"https:\/\/kinsta.com\/se\/wp-content\/uploads\/sites\/9\/2026\/01\/SE_asset_talk-to-sales.png\",\"width\":2040,\"height\":2040},{\"@type\":\"BreadcrumbList\",\"@id\":\"https:\/\/kinsta.com\/se\/prata-med-salj\/#breadcrumb\",\"itemListElement\":[{\"@type\":\"ListItem\",\"position\":1,\"name\":\"Home\",\"item\":\"https:\/\/kinsta.com\/se\/\"},{\"@type\":\"ListItem\",\"position\":2,\"name\":\"Prata med f\u00f6rs\u00e4ljning\"}]},{\"@type\":\"WebSite\",\"@id\":\"https:\/\/kinsta.com\/se\/#website\",\"url\":\"https:\/\/kinsta.com\/se\/\",\"name\":\"Kinsta\u00ae\",\"description\":\"Snabba, s\u00e4kra, premium hosting-l\u00f6sningar\",\"publisher\":{\"@id\":\"https:\/\/kinsta.com\/se\/#organization\"},\"potentialAction\":[{\"@type\":\"SearchAction\",\"target\":{\"@type\":\"EntryPoint\",\"urlTemplate\":\"https:\/\/kinsta.com\/se\/?s={search_term_string}\"},\"query-input\":{\"@type\":\"PropertyValueSpecification\",\"valueRequired\":true,\"valueName\":\"search_term_string\"}}],\"inLanguage\":\"sv-SE\"},{\"@type\":\"Organization\",\"@id\":\"https:\/\/kinsta.com\/se\/#organization\",\"name\":\"Kinsta\",\"url\":\"https:\/\/kinsta.com\/se\/\",\"logo\":{\"@type\":\"ImageObject\",\"inLanguage\":\"sv-SE\",\"@id\":\"https:\/\/kinsta.com\/se\/#\/schema\/logo\/image\/\",\"url\":\"https:\/\/kinsta.com\/se\/wp-content\/uploads\/sites\/9\/2023\/12\/kinsta-logo.jpeg\",\"contentUrl\":\"https:\/\/kinsta.com\/se\/wp-content\/uploads\/sites\/9\/2023\/12\/kinsta-logo.jpeg\",\"width\":500,\"height\":500,\"caption\":\"Kinsta\"},\"image\":{\"@id\":\"https:\/\/kinsta.com\/se\/#\/schema\/logo\/image\/\"},\"sameAs\":[\"https:\/\/www.facebook.com\/kinstasweden\/\",\"https:\/\/x.com\/kinsta_se\",\"https:\/\/www.instagram.com\/kinstahosting\/\",\"https:\/\/www.linkedin.com\/company\/kinsta\/\",\"https:\/\/www.pinterest.com\/kinstahosting\/\",\"https:\/\/www.youtube.com\/c\/Kinsta\"]}]}<\/script>\n<!-- \/ Yoast SEO Premium plugin. -->","yoast_head_json":{"title":"Prata med f\u00f6rs\u00e4ljning - Kinsta\u00ae","description":"Expertm\u00e4ssiga r\u00e5d om WordPress-hosting som \u00e4r skr\u00e4ddarsydda f\u00f6r dig. Dra nytta av 100+ \u00e5rs erfarenhet, support dygnet runt och s\u00f6ml\u00f6s migrering.","robots":{"index":"index","follow":"follow","max-snippet":"max-snippet:-1","max-image-preview":"max-image-preview:large","max-video-preview":"max-video-preview:-1"},"canonical":"https:\/\/kinsta.com\/se\/prata-med-salj\/","og_locale":"sv_SE","og_type":"article","og_title":"Prata med f\u00f6rs\u00e4ljning","og_description":"Expertm\u00e4ssiga r\u00e5d om WordPress-hosting som \u00e4r skr\u00e4ddarsydda f\u00f6r dig. Dra nytta av 100+ \u00e5rs erfarenhet, support dygnet runt och s\u00f6ml\u00f6s migrering.","og_url":"https:\/\/kinsta.com\/se\/prata-med-salj\/","og_site_name":"Kinsta\u00ae","article_publisher":"https:\/\/www.facebook.com\/kinstasweden\/","article_modified_time":"2026-01-30T12:47:08+00:00","og_image":[{"url":"https:\/\/kinsta.com\/se\/wp-content\/uploads\/sites\/9\/2026\/01\/SE_asset_talk-to-sales.png","type":"","width":"","height":""}],"twitter_card":"summary_large_image","twitter_description":"Expertm\u00e4ssiga r\u00e5d om WordPress-hosting som \u00e4r skr\u00e4ddarsydda f\u00f6r dig. Dra nytta av 100+ \u00e5rs erfarenhet, support dygnet runt och s\u00f6ml\u00f6s migrering.","twitter_image":"https:\/\/kinsta.com\/se\/wp-content\/uploads\/sites\/9\/2023\/12\/kinsta-homepage-se.png","twitter_site":"@kinsta_se","twitter_misc":{"Ber\u00e4knad l\u00e4stid":"2 minuter"},"schema":{"@context":"https:\/\/schema.org","@graph":[{"@type":"WebPage","@id":"https:\/\/kinsta.com\/se\/prata-med-salj\/","url":"https:\/\/kinsta.com\/se\/prata-med-salj\/","name":"Prata med f\u00f6rs\u00e4ljning - Kinsta\u00ae","isPartOf":{"@id":"https:\/\/kinsta.com\/se\/#website"},"primaryImageOfPage":{"@id":"https:\/\/kinsta.com\/se\/prata-med-salj\/#primaryimage"},"image":{"@id":"https:\/\/kinsta.com\/se\/prata-med-salj\/#primaryimage"},"thumbnailUrl":"https:\/\/kinsta.com\/se\/wp-content\/uploads\/sites\/9\/2026\/01\/SE_asset_talk-to-sales.png","datePublished":"2024-05-06T13:39:42+00:00","dateModified":"2026-01-30T12:47:08+00:00","description":"Expertm\u00e4ssiga r\u00e5d om WordPress-hosting som \u00e4r skr\u00e4ddarsydda f\u00f6r dig. Dra nytta av 100+ \u00e5rs erfarenhet, support dygnet runt och s\u00f6ml\u00f6s migrering.","breadcrumb":{"@id":"https:\/\/kinsta.com\/se\/prata-med-salj\/#breadcrumb"},"inLanguage":"sv-SE","potentialAction":[{"@type":"ReadAction","target":["https:\/\/kinsta.com\/se\/prata-med-salj\/"]}]},{"@type":"ImageObject","inLanguage":"sv-SE","@id":"https:\/\/kinsta.com\/se\/prata-med-salj\/#primaryimage","url":"https:\/\/kinsta.com\/se\/wp-content\/uploads\/sites\/9\/2026\/01\/SE_asset_talk-to-sales.png","contentUrl":"https:\/\/kinsta.com\/se\/wp-content\/uploads\/sites\/9\/2026\/01\/SE_asset_talk-to-sales.png","width":2040,"height":2040},{"@type":"BreadcrumbList","@id":"https:\/\/kinsta.com\/se\/prata-med-salj\/#breadcrumb","itemListElement":[{"@type":"ListItem","position":1,"name":"Home","item":"https:\/\/kinsta.com\/se\/"},{"@type":"ListItem","position":2,"name":"Prata med f\u00f6rs\u00e4ljning"}]},{"@type":"WebSite","@id":"https:\/\/kinsta.com\/se\/#website","url":"https:\/\/kinsta.com\/se\/","name":"Kinsta\u00ae","description":"Snabba, s\u00e4kra, premium hosting-l\u00f6sningar","publisher":{"@id":"https:\/\/kinsta.com\/se\/#organization"},"potentialAction":[{"@type":"SearchAction","target":{"@type":"EntryPoint","urlTemplate":"https:\/\/kinsta.com\/se\/?s={search_term_string}"},"query-input":{"@type":"PropertyValueSpecification","valueRequired":true,"valueName":"search_term_string"}}],"inLanguage":"sv-SE"},{"@type":"Organization","@id":"https:\/\/kinsta.com\/se\/#organization","name":"Kinsta","url":"https:\/\/kinsta.com\/se\/","logo":{"@type":"ImageObject","inLanguage":"sv-SE","@id":"https:\/\/kinsta.com\/se\/#\/schema\/logo\/image\/","url":"https:\/\/kinsta.com\/se\/wp-content\/uploads\/sites\/9\/2023\/12\/kinsta-logo.jpeg","contentUrl":"https:\/\/kinsta.com\/se\/wp-content\/uploads\/sites\/9\/2023\/12\/kinsta-logo.jpeg","width":500,"height":500,"caption":"Kinsta"},"image":{"@id":"https:\/\/kinsta.com\/se\/#\/schema\/logo\/image\/"},"sameAs":["https:\/\/www.facebook.com\/kinstasweden\/","https:\/\/x.com\/kinsta_se","https:\/\/www.instagram.com\/kinstahosting\/","https:\/\/www.linkedin.com\/company\/kinsta\/","https:\/\/www.pinterest.com\/kinstahosting\/","https:\/\/www.youtube.com\/c\/Kinsta"]}]}},"acf":[],"_links":{"self":[{"href":"https:\/\/kinsta.com\/se\/wp-json\/wp\/v2\/pages\/56780","targetHints":{"allow":["GET"]}}],"collection":[{"href":"https:\/\/kinsta.com\/se\/wp-json\/wp\/v2\/pages"}],"about":[{"href":"https:\/\/kinsta.com\/se\/wp-json\/wp\/v2\/types\/page"}],"author":[{"embeddable":true,"href":"https:\/\/kinsta.com\/se\/wp-json\/wp\/v2\/users\/187"}],"replies":[{"embeddable":true,"href":"https:\/\/kinsta.com\/se\/wp-json\/wp\/v2\/comments?post=56780"}],"version-history":[{"count":4,"href":"https:\/\/kinsta.com\/se\/wp-json\/wp\/v2\/pages\/56780\/revisions"}],"predecessor-version":[{"id":58627,"href":"https:\/\/kinsta.com\/se\/wp-json\/wp\/v2\/pages\/56780\/revisions\/58627"}],"alternate":[{"embeddable":true,"hreflang":"en","title":"English","href":"https:\/\/kinsta.com\/se\/wp-json\/kinsta\/v1\/posts\/56780\/translations\/en"},{"embeddable":true,"hreflang":"it","title":"Italian","href":"https:\/\/kinsta.com\/se\/wp-json\/kinsta\/v1\/posts\/56780\/translations\/it"},{"embeddable":true,"hreflang":"pt","title":"Portuguese","href":"https:\/\/kinsta.com\/se\/wp-json\/kinsta\/v1\/posts\/56780\/translations\/pt"},{"embeddable":true,"hreflang":"fr","title":"French","href":"https:\/\/kinsta.com\/se\/wp-json\/kinsta\/v1\/posts\/56780\/translations\/fr"},{"embeddable":true,"hreflang":"de","title":"German","href":"https:\/\/kinsta.com\/se\/wp-json\/kinsta\/v1\/posts\/56780\/translations\/de"},{"embeddable":true,"hreflang":"ja","title":"Japanese","href":"https:\/\/kinsta.com\/se\/wp-json\/kinsta\/v1\/posts\/56780\/translations\/jp"},{"embeddable":true,"hreflang":"nl","title":"Dutch","href":"https:\/\/kinsta.com\/se\/wp-json\/kinsta\/v1\/posts\/56780\/translations\/nl"},{"embeddable":true,"hreflang":"es","title":"Spanish","href":"https:\/\/kinsta.com\/se\/wp-json\/kinsta\/v1\/posts\/56780\/translations\/es"},{"embeddable":true,"hreflang":"sv","title":"Swedish","href":"https:\/\/kinsta.com\/se\/wp-json\/kinsta\/v1\/posts\/56780\/translations\/se"},{"embeddable":true,"hreflang":"da","title":"Danish","href":"https:\/\/kinsta.com\/se\/wp-json\/kinsta\/v1\/posts\/56780\/translations\/dk"},{"href":"https:\/\/kinsta.com\/se\/wp-json\/kinsta\/v1\/posts\/56780\/tree"}],"wp:attachment":[{"href":"https:\/\/kinsta.com\/se\/wp-json\/wp\/v2\/media?parent=56780"}],"curies":[{"name":"wp","href":"https:\/\/api.w.org\/{rel}","templated":true}]}}